{"id":174,"date":"2020-03-11T13:59:39","date_gmt":"2020-03-11T12:59:39","guid":{"rendered":"http:\/\/logitower.eu\/?page_id=174"},"modified":"2025-07-16T14:32:08","modified_gmt":"2025-07-16T12:32:08","slug":"kontakt","status":"publish","type":"page","link":"http:\/\/logitower.eu\/cz\/kontakt\/","title":{"rendered":"Kontakt"},"content":{"rendered":"<div id=\"content\" class=\"content-container\">\n<div class=\"container\">\n<div class=\"row\">\n<div class=\"col-lg-12\">\n<div class=\"cols-inner\">\n<p>Specializujeme se na n\u00e1vrh a implementaci automatizovan\u00fdch syst\u00e9m\u016f pro ukl\u00e1d\u00e1n\u00ed dat\u00a0<strong>LogiTower \u2013 automatick\u00fd reg\u00e1l pro archy a z\u00e1znamy<\/strong>. M\u00e1te ot\u00e1zky ohledn\u011b na\u0161eho produktu? Napi\u0161te n\u00e1m pomoc\u00ed\u00a0<strong>kontaktn\u00edho formul\u00e1\u0159e<\/strong> n\u00ed\u017ee nebo p\u0159\u00edmo na adrese info@logitower.eu.<\/p>\n<\/div>\n<\/div>\n<\/div>\n<\/div>\n<\/div>\n","protected":false},"excerpt":{"rendered":"<p>Specializujeme se na n\u00e1vrh a implementaci automatizovan\u00fdch syst\u00e9m\u016f pro ukl\u00e1d\u00e1n\u00ed dat\u00a0LogiTower \u2013 automatick\u00fd reg\u00e1l pro archy a z\u00e1znamy. M\u00e1te ot\u00e1zky ohledn\u011b na\u0161eho produktu? Napi\u0161te n\u00e1m pomoc\u00ed\u00a0kontaktn\u00edho formul\u00e1\u0159e n\u00ed\u017ee nebo p\u0159\u00edmo na adrese info@logitower.eu.<\/p>\n","protected":false},"author":1,"featured_media":0,"parent":0,"menu_order":0,"comment_status":"closed","ping_status":"closed","template":"static.php","meta":{"_acf_changed":false,"inline_featured_image":false,"footnotes":""},"class_list":["post-174","page","type-page","status-publish","hentry"],"acf":[],"yoast_head":"<!-- This site is optimized with the Yoast SEO plugin v27.3 - https:\/\/yoast.com\/product\/yoast-seo-wordpress\/ -->\n<title>Kontakt - LogiTower CZ<\/title>\n<meta name=\"description\" content=\"Specializujeme se na n\u00e1vrh a implementaci automatizovan\u00fdch syst\u00e9m\u016f pro ukl\u00e1d\u00e1n\u00ed dat LogiTower automatick\u00fd reg\u00e1l pro archy a z\u00e1znamy. M\u00e1te ot\u00e1zky ohledn\u011b na\u0161eho produktu? Napi\u0161te n\u00e1m pomoc\u00ed kontaktn\u00edho formul\u00e1\u0159e n\u00ed\u017ee nebo p\u0159\u00edmo na adrese info@logitower.eu.\" \/>\n<meta name=\"robots\" content=\"index, follow, max-snippet:-1, max-image-preview:large, max-video-preview:-1\" \/>\n<link rel=\"canonical\" href=\"http:\/\/logitower.eu\/cz\/kontakt\/\" \/>\n<meta property=\"og:locale\" content=\"cs_CZ\" \/>\n<meta property=\"og:type\" content=\"article\" \/>\n<meta property=\"og:title\" content=\"Kontakt - LogiTower CZ\" \/>\n<meta property=\"og:description\" content=\"Specializujeme se na n\u00e1vrh a implementaci automatizovan\u00fdch syst\u00e9m\u016f pro ukl\u00e1d\u00e1n\u00ed dat LogiTower automatick\u00fd reg\u00e1l pro archy a z\u00e1znamy. M\u00e1te ot\u00e1zky ohledn\u011b na\u0161eho produktu? Napi\u0161te n\u00e1m pomoc\u00ed kontaktn\u00edho formul\u00e1\u0159e n\u00ed\u017ee nebo p\u0159\u00edmo na adrese info@logitower.eu.\" \/>\n<meta property=\"og:url\" content=\"http:\/\/logitower.eu\/cz\/kontakt\/\" \/>\n<meta property=\"og:site_name\" content=\"LogiTower CZ\" \/>\n<meta property=\"article:modified_time\" content=\"2025-07-16T12:32:08+00:00\" \/>\n<meta name=\"twitter:card\" content=\"summary_large_image\" \/>\n<meta name=\"twitter:label1\" content=\"Odhadovan\u00e1 doba \u010dten\u00ed\" \/>\n\t<meta name=\"twitter:data1\" content=\"1 minuta\" \/>\n<script type=\"application\/ld+json\" class=\"yoast-schema-graph\">{\"@context\":\"https:\\\/\\\/schema.org\",\"@graph\":[{\"@type\":\"WebPage\",\"@id\":\"http:\\\/\\\/logitower.eu\\\/cz\\\/kontakt\\\/\",\"url\":\"http:\\\/\\\/logitower.eu\\\/cz\\\/kontakt\\\/\",\"name\":\"Kontakt - LogiTower CZ\",\"isPartOf\":{\"@id\":\"https:\\\/\\\/logitower.eu\\\/cz\\\/#website\"},\"datePublished\":\"2020-03-11T12:59:39+00:00\",\"dateModified\":\"2025-07-16T12:32:08+00:00\",\"description\":\"Specializujeme se na n\u00e1vrh a implementaci automatizovan\u00fdch syst\u00e9m\u016f pro ukl\u00e1d\u00e1n\u00ed dat LogiTower automatick\u00fd reg\u00e1l pro archy a z\u00e1znamy. M\u00e1te ot\u00e1zky ohledn\u011b na\u0161eho produktu? Napi\u0161te n\u00e1m pomoc\u00ed kontaktn\u00edho formul\u00e1\u0159e n\u00ed\u017ee nebo p\u0159\u00edmo na adrese info@logitower.eu.\",\"breadcrumb\":{\"@id\":\"http:\\\/\\\/logitower.eu\\\/cz\\\/kontakt\\\/#breadcrumb\"},\"inLanguage\":\"cs\",\"potentialAction\":[{\"@type\":\"ReadAction\",\"target\":[\"http:\\\/\\\/logitower.eu\\\/cz\\\/kontakt\\\/\"]}]},{\"@type\":\"BreadcrumbList\",\"@id\":\"http:\\\/\\\/logitower.eu\\\/cz\\\/kontakt\\\/#breadcrumb\",\"itemListElement\":[{\"@type\":\"ListItem\",\"position\":1,\"name\":\"Home\",\"item\":\"https:\\\/\\\/logitower.eu\\\/cz\\\/\"},{\"@type\":\"ListItem\",\"position\":2,\"name\":\"Kontakt\"}]},{\"@type\":\"WebSite\",\"@id\":\"https:\\\/\\\/logitower.eu\\\/cz\\\/#website\",\"url\":\"https:\\\/\\\/logitower.eu\\\/cz\\\/\",\"name\":\"LogiTower CZ\",\"description\":\"\",\"potentialAction\":[{\"@type\":\"SearchAction\",\"target\":{\"@type\":\"EntryPoint\",\"urlTemplate\":\"https:\\\/\\\/logitower.eu\\\/cz\\\/?s={search_term_string}\"},\"query-input\":{\"@type\":\"PropertyValueSpecification\",\"valueRequired\":true,\"valueName\":\"search_term_string\"}}],\"inLanguage\":\"cs\"}]}<\/script>\n<!-- \/ Yoast SEO plugin. -->","yoast_head_json":{"title":"Kontakt - LogiTower CZ","description":"Specializujeme se na n\u00e1vrh a implementaci automatizovan\u00fdch syst\u00e9m\u016f pro ukl\u00e1d\u00e1n\u00ed dat LogiTower automatick\u00fd reg\u00e1l pro archy a z\u00e1znamy. M\u00e1te ot\u00e1zky ohledn\u011b na\u0161eho produktu? Napi\u0161te n\u00e1m pomoc\u00ed kontaktn\u00edho formul\u00e1\u0159e n\u00ed\u017ee nebo p\u0159\u00edmo na adrese info@logitower.eu.","robots":{"index":"index","follow":"follow","max-snippet":"max-snippet:-1","max-image-preview":"max-image-preview:large","max-video-preview":"max-video-preview:-1"},"canonical":"http:\/\/logitower.eu\/cz\/kontakt\/","og_locale":"cs_CZ","og_type":"article","og_title":"Kontakt - LogiTower CZ","og_description":"Specializujeme se na n\u00e1vrh a implementaci automatizovan\u00fdch syst\u00e9m\u016f pro ukl\u00e1d\u00e1n\u00ed dat LogiTower automatick\u00fd reg\u00e1l pro archy a z\u00e1znamy. M\u00e1te ot\u00e1zky ohledn\u011b na\u0161eho produktu? Napi\u0161te n\u00e1m pomoc\u00ed kontaktn\u00edho formul\u00e1\u0159e n\u00ed\u017ee nebo p\u0159\u00edmo na adrese info@logitower.eu.","og_url":"http:\/\/logitower.eu\/cz\/kontakt\/","og_site_name":"LogiTower CZ","article_modified_time":"2025-07-16T12:32:08+00:00","twitter_card":"summary_large_image","twitter_misc":{"Odhadovan\u00e1 doba \u010dten\u00ed":"1 minuta"},"schema":{"@context":"https:\/\/schema.org","@graph":[{"@type":"WebPage","@id":"http:\/\/logitower.eu\/cz\/kontakt\/","url":"http:\/\/logitower.eu\/cz\/kontakt\/","name":"Kontakt - LogiTower CZ","isPartOf":{"@id":"https:\/\/logitower.eu\/cz\/#website"},"datePublished":"2020-03-11T12:59:39+00:00","dateModified":"2025-07-16T12:32:08+00:00","description":"Specializujeme se na n\u00e1vrh a implementaci automatizovan\u00fdch syst\u00e9m\u016f pro ukl\u00e1d\u00e1n\u00ed dat LogiTower automatick\u00fd reg\u00e1l pro archy a z\u00e1znamy. M\u00e1te ot\u00e1zky ohledn\u011b na\u0161eho produktu? Napi\u0161te n\u00e1m pomoc\u00ed kontaktn\u00edho formul\u00e1\u0159e n\u00ed\u017ee nebo p\u0159\u00edmo na adrese info@logitower.eu.","breadcrumb":{"@id":"http:\/\/logitower.eu\/cz\/kontakt\/#breadcrumb"},"inLanguage":"cs","potentialAction":[{"@type":"ReadAction","target":["http:\/\/logitower.eu\/cz\/kontakt\/"]}]},{"@type":"BreadcrumbList","@id":"http:\/\/logitower.eu\/cz\/kontakt\/#breadcrumb","itemListElement":[{"@type":"ListItem","position":1,"name":"Home","item":"https:\/\/logitower.eu\/cz\/"},{"@type":"ListItem","position":2,"name":"Kontakt"}]},{"@type":"WebSite","@id":"https:\/\/logitower.eu\/cz\/#website","url":"https:\/\/logitower.eu\/cz\/","name":"LogiTower CZ","description":"","potentialAction":[{"@type":"SearchAction","target":{"@type":"EntryPoint","urlTemplate":"https:\/\/logitower.eu\/cz\/?s={search_term_string}"},"query-input":{"@type":"PropertyValueSpecification","valueRequired":true,"valueName":"search_term_string"}}],"inLanguage":"cs"}]}},"_links":{"self":[{"href":"https:\/\/logitower.eu\/cz\/wp-json\/wp\/v2\/pages\/174","targetHints":{"allow":["GET"]}}],"collection":[{"href":"https:\/\/logitower.eu\/cz\/wp-json\/wp\/v2\/pages"}],"about":[{"href":"https:\/\/logitower.eu\/cz\/wp-json\/wp\/v2\/types\/page"}],"author":[{"embeddable":true,"href":"https:\/\/logitower.eu\/cz\/wp-json\/wp\/v2\/users\/1"}],"replies":[{"embeddable":true,"href":"https:\/\/logitower.eu\/cz\/wp-json\/wp\/v2\/comments?post=174"}],"version-history":[{"count":9,"href":"https:\/\/logitower.eu\/cz\/wp-json\/wp\/v2\/pages\/174\/revisions"}],"predecessor-version":[{"id":1477,"href":"https:\/\/logitower.eu\/cz\/wp-json\/wp\/v2\/pages\/174\/revisions\/1477"}],"wp:attachment":[{"href":"https:\/\/logitower.eu\/cz\/wp-json\/wp\/v2\/media?parent=174"}],"curies":[{"name":"wp","href":"https:\/\/api.w.org\/{rel}","templated":true}]}}