{"id":296,"date":"2020-03-16T09:35:22","date_gmt":"2020-03-16T08:35:22","guid":{"rendered":"http:\/\/logitower.eu\/?page_id=296"},"modified":"2025-07-17T09:28:37","modified_gmt":"2025-07-17T07:28:37","slug":"seznam-vyrobku","status":"publish","type":"page","link":"http:\/\/logitower.eu\/cz\/seznam-vyrobku\/","title":{"rendered":"Seznam v\u00fdrobk\u016f"},"content":{"rendered":"","protected":false},"excerpt":{"rendered":"","protected":false},"author":1,"featured_media":0,"parent":0,"menu_order":0,"comment_status":"closed","ping_status":"closed","template":"archive-products.php","meta":{"_acf_changed":false,"inline_featured_image":false,"footnotes":""},"class_list":["post-296","page","type-page","status-publish","hentry"],"acf":[],"yoast_head":"<!-- This site is optimized with the Yoast SEO plugin v27.3 - https:\/\/yoast.com\/product\/yoast-seo-wordpress\/ -->\n<title>Seznam v\u00fdrobk\u016f - LogiTower CZ<\/title>\n<meta name=\"description\" content=\"Automatick\u00fd reg\u00e1l LogiTower funguje jako v\u00fdtah, kter\u00fd oper\u00e1torovi postupn\u011b pod\u00e1v\u00e1 police se zbo\u017e\u00edm. Tento syst\u00e9m umo\u017e\u0148uje \u00fasporn\u00e9, ergonomick\u00e9 a bezpe\u010dn\u00e9 skladov\u00e1n\u00ed t\u011b\u017ek\u00e9ho zbo\u017e\u00ed, jako jsou plechy, trubky, roury, profily, panely, kovov\u00e9 komponenty, n\u00e1stroje, matrice nebo jak\u00e9koliv jin\u00e9 velkorozm\u011brov\u00e9 \u010di t\u011b\u017ek\u00e9 zbo\u017e\u00ed.\" \/>\n<meta name=\"robots\" content=\"index, follow, max-snippet:-1, max-image-preview:large, max-video-preview:-1\" \/>\n<link rel=\"canonical\" href=\"http:\/\/logitower.eu\/cz\/seznam-vyrobku\/\" \/>\n<meta property=\"og:locale\" content=\"cs_CZ\" \/>\n<meta property=\"og:type\" content=\"article\" \/>\n<meta property=\"og:title\" content=\"Seznam v\u00fdrobk\u016f - LogiTower CZ\" \/>\n<meta property=\"og:description\" content=\"Automatick\u00fd reg\u00e1l LogiTower funguje jako v\u00fdtah, kter\u00fd oper\u00e1torovi postupn\u011b pod\u00e1v\u00e1 police se zbo\u017e\u00edm. Tento syst\u00e9m umo\u017e\u0148uje \u00fasporn\u00e9, ergonomick\u00e9 a bezpe\u010dn\u00e9 skladov\u00e1n\u00ed t\u011b\u017ek\u00e9ho zbo\u017e\u00ed, jako jsou plechy, trubky, roury, profily, panely, kovov\u00e9 komponenty, n\u00e1stroje, matrice nebo jak\u00e9koliv jin\u00e9 velkorozm\u011brov\u00e9 \u010di t\u011b\u017ek\u00e9 zbo\u017e\u00ed.\" \/>\n<meta property=\"og:url\" content=\"http:\/\/logitower.eu\/cz\/seznam-vyrobku\/\" \/>\n<meta property=\"og:site_name\" content=\"LogiTower CZ\" \/>\n<meta property=\"article:modified_time\" content=\"2025-07-17T07:28:37+00:00\" \/>\n<meta name=\"twitter:card\" content=\"summary_large_image\" \/>\n<meta name=\"twitter:label1\" content=\"Odhadovan\u00e1 doba \u010dten\u00ed\" \/>\n\t<meta name=\"twitter:data1\" content=\"2 minuty\" \/>\n<script type=\"application\/ld+json\" class=\"yoast-schema-graph\">{\"@context\":\"https:\\\/\\\/schema.org\",\"@graph\":[{\"@type\":\"WebPage\",\"@id\":\"http:\\\/\\\/logitower.eu\\\/cz\\\/seznam-vyrobku\\\/\",\"url\":\"http:\\\/\\\/logitower.eu\\\/cz\\\/seznam-vyrobku\\\/\",\"name\":\"Seznam v\u00fdrobk\u016f - LogiTower CZ\",\"isPartOf\":{\"@id\":\"https:\\\/\\\/logitower.eu\\\/cz\\\/#website\"},\"datePublished\":\"2020-03-16T08:35:22+00:00\",\"dateModified\":\"2025-07-17T07:28:37+00:00\",\"description\":\"Automatick\u00fd reg\u00e1l LogiTower funguje jako v\u00fdtah, kter\u00fd oper\u00e1torovi postupn\u011b pod\u00e1v\u00e1 police se zbo\u017e\u00edm. Tento syst\u00e9m umo\u017e\u0148uje \u00fasporn\u00e9, ergonomick\u00e9 a bezpe\u010dn\u00e9 skladov\u00e1n\u00ed t\u011b\u017ek\u00e9ho zbo\u017e\u00ed, jako jsou plechy, trubky, roury, profily, panely, kovov\u00e9 komponenty, n\u00e1stroje, matrice nebo jak\u00e9koliv jin\u00e9 velkorozm\u011brov\u00e9 \u010di t\u011b\u017ek\u00e9 zbo\u017e\u00ed.\",\"breadcrumb\":{\"@id\":\"http:\\\/\\\/logitower.eu\\\/cz\\\/seznam-vyrobku\\\/#breadcrumb\"},\"inLanguage\":\"cs\",\"potentialAction\":[{\"@type\":\"ReadAction\",\"target\":[\"http:\\\/\\\/logitower.eu\\\/cz\\\/seznam-vyrobku\\\/\"]}]},{\"@type\":\"BreadcrumbList\",\"@id\":\"http:\\\/\\\/logitower.eu\\\/cz\\\/seznam-vyrobku\\\/#breadcrumb\",\"itemListElement\":[{\"@type\":\"ListItem\",\"position\":1,\"name\":\"Home\",\"item\":\"https:\\\/\\\/logitower.eu\\\/cz\\\/\"},{\"@type\":\"ListItem\",\"position\":2,\"name\":\"Seznam v\u00fdrobk\u016f\"}]},{\"@type\":\"WebSite\",\"@id\":\"https:\\\/\\\/logitower.eu\\\/cz\\\/#website\",\"url\":\"https:\\\/\\\/logitower.eu\\\/cz\\\/\",\"name\":\"LogiTower CZ\",\"description\":\"\",\"potentialAction\":[{\"@type\":\"SearchAction\",\"target\":{\"@type\":\"EntryPoint\",\"urlTemplate\":\"https:\\\/\\\/logitower.eu\\\/cz\\\/?s={search_term_string}\"},\"query-input\":{\"@type\":\"PropertyValueSpecification\",\"valueRequired\":true,\"valueName\":\"search_term_string\"}}],\"inLanguage\":\"cs\"}]}<\/script>\n<!-- \/ Yoast SEO plugin. -->","yoast_head_json":{"title":"Seznam v\u00fdrobk\u016f - LogiTower CZ","description":"Automatick\u00fd reg\u00e1l LogiTower funguje jako v\u00fdtah, kter\u00fd oper\u00e1torovi postupn\u011b pod\u00e1v\u00e1 police se zbo\u017e\u00edm. Tento syst\u00e9m umo\u017e\u0148uje \u00fasporn\u00e9, ergonomick\u00e9 a bezpe\u010dn\u00e9 skladov\u00e1n\u00ed t\u011b\u017ek\u00e9ho zbo\u017e\u00ed, jako jsou plechy, trubky, roury, profily, panely, kovov\u00e9 komponenty, n\u00e1stroje, matrice nebo jak\u00e9koliv jin\u00e9 velkorozm\u011brov\u00e9 \u010di t\u011b\u017ek\u00e9 zbo\u017e\u00ed.","robots":{"index":"index","follow":"follow","max-snippet":"max-snippet:-1","max-image-preview":"max-image-preview:large","max-video-preview":"max-video-preview:-1"},"canonical":"http:\/\/logitower.eu\/cz\/seznam-vyrobku\/","og_locale":"cs_CZ","og_type":"article","og_title":"Seznam v\u00fdrobk\u016f - LogiTower CZ","og_description":"Automatick\u00fd reg\u00e1l LogiTower funguje jako v\u00fdtah, kter\u00fd oper\u00e1torovi postupn\u011b pod\u00e1v\u00e1 police se zbo\u017e\u00edm. Tento syst\u00e9m umo\u017e\u0148uje \u00fasporn\u00e9, ergonomick\u00e9 a bezpe\u010dn\u00e9 skladov\u00e1n\u00ed t\u011b\u017ek\u00e9ho zbo\u017e\u00ed, jako jsou plechy, trubky, roury, profily, panely, kovov\u00e9 komponenty, n\u00e1stroje, matrice nebo jak\u00e9koliv jin\u00e9 velkorozm\u011brov\u00e9 \u010di t\u011b\u017ek\u00e9 zbo\u017e\u00ed.","og_url":"http:\/\/logitower.eu\/cz\/seznam-vyrobku\/","og_site_name":"LogiTower CZ","article_modified_time":"2025-07-17T07:28:37+00:00","twitter_card":"summary_large_image","twitter_misc":{"Odhadovan\u00e1 doba \u010dten\u00ed":"2 minuty"},"schema":{"@context":"https:\/\/schema.org","@graph":[{"@type":"WebPage","@id":"http:\/\/logitower.eu\/cz\/seznam-vyrobku\/","url":"http:\/\/logitower.eu\/cz\/seznam-vyrobku\/","name":"Seznam v\u00fdrobk\u016f - LogiTower CZ","isPartOf":{"@id":"https:\/\/logitower.eu\/cz\/#website"},"datePublished":"2020-03-16T08:35:22+00:00","dateModified":"2025-07-17T07:28:37+00:00","description":"Automatick\u00fd reg\u00e1l LogiTower funguje jako v\u00fdtah, kter\u00fd oper\u00e1torovi postupn\u011b pod\u00e1v\u00e1 police se zbo\u017e\u00edm. Tento syst\u00e9m umo\u017e\u0148uje \u00fasporn\u00e9, ergonomick\u00e9 a bezpe\u010dn\u00e9 skladov\u00e1n\u00ed t\u011b\u017ek\u00e9ho zbo\u017e\u00ed, jako jsou plechy, trubky, roury, profily, panely, kovov\u00e9 komponenty, n\u00e1stroje, matrice nebo jak\u00e9koliv jin\u00e9 velkorozm\u011brov\u00e9 \u010di t\u011b\u017ek\u00e9 zbo\u017e\u00ed.","breadcrumb":{"@id":"http:\/\/logitower.eu\/cz\/seznam-vyrobku\/#breadcrumb"},"inLanguage":"cs","potentialAction":[{"@type":"ReadAction","target":["http:\/\/logitower.eu\/cz\/seznam-vyrobku\/"]}]},{"@type":"BreadcrumbList","@id":"http:\/\/logitower.eu\/cz\/seznam-vyrobku\/#breadcrumb","itemListElement":[{"@type":"ListItem","position":1,"name":"Home","item":"https:\/\/logitower.eu\/cz\/"},{"@type":"ListItem","position":2,"name":"Seznam v\u00fdrobk\u016f"}]},{"@type":"WebSite","@id":"https:\/\/logitower.eu\/cz\/#website","url":"https:\/\/logitower.eu\/cz\/","name":"LogiTower CZ","description":"","potentialAction":[{"@type":"SearchAction","target":{"@type":"EntryPoint","urlTemplate":"https:\/\/logitower.eu\/cz\/?s={search_term_string}"},"query-input":{"@type":"PropertyValueSpecification","valueRequired":true,"valueName":"search_term_string"}}],"inLanguage":"cs"}]}},"_links":{"self":[{"href":"https:\/\/logitower.eu\/cz\/wp-json\/wp\/v2\/pages\/296","targetHints":{"allow":["GET"]}}],"collection":[{"href":"https:\/\/logitower.eu\/cz\/wp-json\/wp\/v2\/pages"}],"about":[{"href":"https:\/\/logitower.eu\/cz\/wp-json\/wp\/v2\/types\/page"}],"author":[{"embeddable":true,"href":"https:\/\/logitower.eu\/cz\/wp-json\/wp\/v2\/users\/1"}],"replies":[{"embeddable":true,"href":"https:\/\/logitower.eu\/cz\/wp-json\/wp\/v2\/comments?post=296"}],"version-history":[{"count":15,"href":"https:\/\/logitower.eu\/cz\/wp-json\/wp\/v2\/pages\/296\/revisions"}],"predecessor-version":[{"id":1480,"href":"https:\/\/logitower.eu\/cz\/wp-json\/wp\/v2\/pages\/296\/revisions\/1480"}],"wp:attachment":[{"href":"https:\/\/logitower.eu\/cz\/wp-json\/wp\/v2\/media?parent=296"}],"curies":[{"name":"wp","href":"https:\/\/api.w.org\/{rel}","templated":true}]}}