{"id":5,"date":"2020-03-10T15:06:09","date_gmt":"2020-03-10T14:06:09","guid":{"rendered":"http:\/\/logitower.eu\/?page_id=5"},"modified":"2025-07-17T09:13:04","modified_gmt":"2025-07-17T07:13:04","slug":"domovska-stranka","status":"publish","type":"page","link":"https:\/\/logitower.eu\/cz\/","title":{"rendered":"Domovsk\u00e1 str\u00e1nka"},"content":{"rendered":"","protected":false},"excerpt":{"rendered":"","protected":false},"author":1,"featured_media":0,"parent":0,"menu_order":0,"comment_status":"closed","ping_status":"closed","template":"homepage.php","meta":{"_acf_changed":false,"inline_featured_image":false,"footnotes":""},"class_list":["post-5","page","type-page","status-publish","hentry"],"acf":[],"yoast_head":"<!-- This site is optimized with the Yoast SEO plugin v27.3 - https:\/\/yoast.com\/product\/yoast-seo-wordpress\/ -->\n<title>Automatizovan\u00fd syst\u00e9m ukl\u00e1d\u00e1n\u00ed plech\u016f. Automatick\u00e9 skladov\u00e1n\u00ed | LogiTower<\/title>\n<meta name=\"description\" content=\"Syst\u00e9m LogiTower umo\u017e\u0148uje efektivn\u00ed, ergonomick\u00e9 a bezpe\u010dn\u00e9 skladov\u00e1n\u00ed t\u011b\u017ek\u00e9ho zbo\u017e\u00ed: plech, dlouh\u00e9 ty\u010de, kovov\u00e9 sou\u010d\u00e1sti, t\u011b\u017ek\u00e9 n\u00e1stroje a dal\u0161\u00ed prvky.\" \/>\n<meta name=\"robots\" content=\"index, follow, max-snippet:-1, max-image-preview:large, max-video-preview:-1\" \/>\n<link rel=\"canonical\" href=\"https:\/\/logitower.eu\/cz\/\" \/>\n<meta property=\"og:locale\" content=\"cs_CZ\" \/>\n<meta property=\"og:type\" content=\"article\" \/>\n<meta property=\"og:title\" content=\"Automatizovan\u00fd syst\u00e9m ukl\u00e1d\u00e1n\u00ed plech\u016f. Automatick\u00e9 skladov\u00e1n\u00ed | LogiTower\" \/>\n<meta property=\"og:description\" content=\"Syst\u00e9m LogiTower umo\u017e\u0148uje efektivn\u00ed, ergonomick\u00e9 a bezpe\u010dn\u00e9 skladov\u00e1n\u00ed t\u011b\u017ek\u00e9ho zbo\u017e\u00ed: plech, dlouh\u00e9 ty\u010de, kovov\u00e9 sou\u010d\u00e1sti, t\u011b\u017ek\u00e9 n\u00e1stroje a dal\u0161\u00ed prvky.\" \/>\n<meta property=\"og:url\" content=\"https:\/\/logitower.eu\/cz\/\" \/>\n<meta property=\"og:site_name\" content=\"LogiTower CZ\" \/>\n<meta property=\"article:modified_time\" content=\"2025-07-17T07:13:04+00:00\" \/>\n<meta name=\"twitter:card\" content=\"summary_large_image\" \/>\n<meta name=\"twitter:label1\" content=\"Odhadovan\u00e1 doba \u010dten\u00ed\" \/>\n\t<meta name=\"twitter:data1\" content=\"8 minut\" \/>\n<script type=\"application\/ld+json\" class=\"yoast-schema-graph\">{\"@context\":\"https:\\\/\\\/schema.org\",\"@graph\":[{\"@type\":\"WebPage\",\"@id\":\"https:\\\/\\\/logitower.eu\\\/cz\\\/\",\"url\":\"https:\\\/\\\/logitower.eu\\\/cz\\\/\",\"name\":\"Automatizovan\u00fd syst\u00e9m ukl\u00e1d\u00e1n\u00ed plech\u016f. Automatick\u00e9 skladov\u00e1n\u00ed | LogiTower\",\"isPartOf\":{\"@id\":\"https:\\\/\\\/logitower.eu\\\/cz\\\/#website\"},\"datePublished\":\"2020-03-10T14:06:09+00:00\",\"dateModified\":\"2025-07-17T07:13:04+00:00\",\"description\":\"Syst\u00e9m LogiTower umo\u017e\u0148uje efektivn\u00ed, ergonomick\u00e9 a bezpe\u010dn\u00e9 skladov\u00e1n\u00ed t\u011b\u017ek\u00e9ho zbo\u017e\u00ed: plech, dlouh\u00e9 ty\u010de, kovov\u00e9 sou\u010d\u00e1sti, t\u011b\u017ek\u00e9 n\u00e1stroje a dal\u0161\u00ed prvky.\",\"breadcrumb\":{\"@id\":\"https:\\\/\\\/logitower.eu\\\/cz\\\/#breadcrumb\"},\"inLanguage\":\"cs\",\"potentialAction\":[{\"@type\":\"ReadAction\",\"target\":[\"https:\\\/\\\/logitower.eu\\\/cz\\\/\"]}]},{\"@type\":\"BreadcrumbList\",\"@id\":\"https:\\\/\\\/logitower.eu\\\/cz\\\/#breadcrumb\",\"itemListElement\":[{\"@type\":\"ListItem\",\"position\":1,\"name\":\"Home\",\"item\":\"https:\\\/\\\/logitower.eu\\\/cz\\\/\"},{\"@type\":\"ListItem\",\"position\":2,\"name\":\"Domovsk\u00e1 str\u00e1nka\"}]},{\"@type\":\"WebSite\",\"@id\":\"https:\\\/\\\/logitower.eu\\\/cz\\\/#website\",\"url\":\"https:\\\/\\\/logitower.eu\\\/cz\\\/\",\"name\":\"LogiTower CZ\",\"description\":\"\",\"potentialAction\":[{\"@type\":\"SearchAction\",\"target\":{\"@type\":\"EntryPoint\",\"urlTemplate\":\"https:\\\/\\\/logitower.eu\\\/cz\\\/?s={search_term_string}\"},\"query-input\":{\"@type\":\"PropertyValueSpecification\",\"valueRequired\":true,\"valueName\":\"search_term_string\"}}],\"inLanguage\":\"cs\"}]}<\/script>\n<!-- \/ Yoast SEO plugin. -->","yoast_head_json":{"title":"Automatizovan\u00fd syst\u00e9m ukl\u00e1d\u00e1n\u00ed plech\u016f. Automatick\u00e9 skladov\u00e1n\u00ed | LogiTower","description":"Syst\u00e9m LogiTower umo\u017e\u0148uje efektivn\u00ed, ergonomick\u00e9 a bezpe\u010dn\u00e9 skladov\u00e1n\u00ed t\u011b\u017ek\u00e9ho zbo\u017e\u00ed: plech, dlouh\u00e9 ty\u010de, kovov\u00e9 sou\u010d\u00e1sti, t\u011b\u017ek\u00e9 n\u00e1stroje a dal\u0161\u00ed prvky.","robots":{"index":"index","follow":"follow","max-snippet":"max-snippet:-1","max-image-preview":"max-image-preview:large","max-video-preview":"max-video-preview:-1"},"canonical":"https:\/\/logitower.eu\/cz\/","og_locale":"cs_CZ","og_type":"article","og_title":"Automatizovan\u00fd syst\u00e9m ukl\u00e1d\u00e1n\u00ed plech\u016f. Automatick\u00e9 skladov\u00e1n\u00ed | LogiTower","og_description":"Syst\u00e9m LogiTower umo\u017e\u0148uje efektivn\u00ed, ergonomick\u00e9 a bezpe\u010dn\u00e9 skladov\u00e1n\u00ed t\u011b\u017ek\u00e9ho zbo\u017e\u00ed: plech, dlouh\u00e9 ty\u010de, kovov\u00e9 sou\u010d\u00e1sti, t\u011b\u017ek\u00e9 n\u00e1stroje a dal\u0161\u00ed prvky.","og_url":"https:\/\/logitower.eu\/cz\/","og_site_name":"LogiTower CZ","article_modified_time":"2025-07-17T07:13:04+00:00","twitter_card":"summary_large_image","twitter_misc":{"Odhadovan\u00e1 doba \u010dten\u00ed":"8 minut"},"schema":{"@context":"https:\/\/schema.org","@graph":[{"@type":"WebPage","@id":"https:\/\/logitower.eu\/cz\/","url":"https:\/\/logitower.eu\/cz\/","name":"Automatizovan\u00fd syst\u00e9m ukl\u00e1d\u00e1n\u00ed plech\u016f. Automatick\u00e9 skladov\u00e1n\u00ed | LogiTower","isPartOf":{"@id":"https:\/\/logitower.eu\/cz\/#website"},"datePublished":"2020-03-10T14:06:09+00:00","dateModified":"2025-07-17T07:13:04+00:00","description":"Syst\u00e9m LogiTower umo\u017e\u0148uje efektivn\u00ed, ergonomick\u00e9 a bezpe\u010dn\u00e9 skladov\u00e1n\u00ed t\u011b\u017ek\u00e9ho zbo\u017e\u00ed: plech, dlouh\u00e9 ty\u010de, kovov\u00e9 sou\u010d\u00e1sti, t\u011b\u017ek\u00e9 n\u00e1stroje a dal\u0161\u00ed prvky.","breadcrumb":{"@id":"https:\/\/logitower.eu\/cz\/#breadcrumb"},"inLanguage":"cs","potentialAction":[{"@type":"ReadAction","target":["https:\/\/logitower.eu\/cz\/"]}]},{"@type":"BreadcrumbList","@id":"https:\/\/logitower.eu\/cz\/#breadcrumb","itemListElement":[{"@type":"ListItem","position":1,"name":"Home","item":"https:\/\/logitower.eu\/cz\/"},{"@type":"ListItem","position":2,"name":"Domovsk\u00e1 str\u00e1nka"}]},{"@type":"WebSite","@id":"https:\/\/logitower.eu\/cz\/#website","url":"https:\/\/logitower.eu\/cz\/","name":"LogiTower CZ","description":"","potentialAction":[{"@type":"SearchAction","target":{"@type":"EntryPoint","urlTemplate":"https:\/\/logitower.eu\/cz\/?s={search_term_string}"},"query-input":{"@type":"PropertyValueSpecification","valueRequired":true,"valueName":"search_term_string"}}],"inLanguage":"cs"}]}},"_links":{"self":[{"href":"https:\/\/logitower.eu\/cz\/wp-json\/wp\/v2\/pages\/5","targetHints":{"allow":["GET"]}}],"collection":[{"href":"https:\/\/logitower.eu\/cz\/wp-json\/wp\/v2\/pages"}],"about":[{"href":"https:\/\/logitower.eu\/cz\/wp-json\/wp\/v2\/types\/page"}],"author":[{"embeddable":true,"href":"https:\/\/logitower.eu\/cz\/wp-json\/wp\/v2\/users\/1"}],"replies":[{"embeddable":true,"href":"https:\/\/logitower.eu\/cz\/wp-json\/wp\/v2\/comments?post=5"}],"version-history":[{"count":49,"href":"https:\/\/logitower.eu\/cz\/wp-json\/wp\/v2\/pages\/5\/revisions"}],"predecessor-version":[{"id":1478,"href":"https:\/\/logitower.eu\/cz\/wp-json\/wp\/v2\/pages\/5\/revisions\/1478"}],"wp:attachment":[{"href":"https:\/\/logitower.eu\/cz\/wp-json\/wp\/v2\/media?parent=5"}],"curies":[{"name":"wp","href":"https:\/\/api.w.org\/{rel}","templated":true}]}}