{"id":298,"date":"2020-03-16T09:35:48","date_gmt":"2020-03-16T08:35:48","guid":{"rendered":"http:\/\/logitower.eu\/?page_id=298"},"modified":"2026-03-27T09:51:47","modified_gmt":"2026-03-27T08:51:47","slug":"liste-der-anwendungen","status":"publish","type":"page","link":"http:\/\/logitower.eu\/de\/liste-der-anwendungen\/","title":{"rendered":"LISTE DER ANWENDUNGEN"},"content":{"rendered":"","protected":false},"excerpt":{"rendered":"","protected":false},"author":1,"featured_media":0,"parent":0,"menu_order":0,"comment_status":"closed","ping_status":"closed","template":"archive-useges.php","meta":{"_acf_changed":false,"inline_featured_image":false,"footnotes":""},"class_list":["post-298","page","type-page","status-publish","hentry"],"acf":[],"yoast_head":"<!-- This site is optimized with the Yoast SEO plugin v27.3 - https:\/\/yoast.com\/product\/yoast-seo-wordpress\/ -->\n<title>LISTE DER ANWENDUNGEN - LogiTower DE<\/title>\n<meta name=\"description\" content=\"Automatische Lagersysteme LogiTower bew\u00e4hren sich in verschiedenen Branchen, in erster Linie aber bei der Lagerung von sperrigen G\u00fctern. Die Regale LogiTower werden als Einzelanfertigungen auf individuellen Auftrag hin hergestellt und in einer Reihe von nicht-standardm\u00e4\u00dfigen und speziellen Anwendungen eingesetzt, vor allem f\u00fcr schwere und sperrige G\u00fcter. Die h\u00e4ufigsten Anwendungen betreffen: Bleche, Rohre und Langh\u00f6lzer, Profile und Rahmen, Metallbauteile, Werkzeuge und Gussformen sowie Platten und Paneele.\" \/>\n<meta name=\"robots\" content=\"index, follow, max-snippet:-1, max-image-preview:large, max-video-preview:-1\" \/>\n<link rel=\"canonical\" href=\"http:\/\/logitower.eu\/de\/liste-der-anwendungen\/\" \/>\n<meta property=\"og:locale\" content=\"de_DE\" \/>\n<meta property=\"og:type\" content=\"article\" \/>\n<meta property=\"og:title\" content=\"LISTE DER ANWENDUNGEN - LogiTower DE\" \/>\n<meta property=\"og:description\" content=\"Automatische Lagersysteme LogiTower bew\u00e4hren sich in verschiedenen Branchen, in erster Linie aber bei der Lagerung von sperrigen G\u00fctern. Die Regale LogiTower werden als Einzelanfertigungen auf individuellen Auftrag hin hergestellt und in einer Reihe von nicht-standardm\u00e4\u00dfigen und speziellen Anwendungen eingesetzt, vor allem f\u00fcr schwere und sperrige G\u00fcter. Die h\u00e4ufigsten Anwendungen betreffen: Bleche, Rohre und Langh\u00f6lzer, Profile und Rahmen, Metallbauteile, Werkzeuge und Gussformen sowie Platten und Paneele.\" \/>\n<meta property=\"og:url\" content=\"http:\/\/logitower.eu\/de\/liste-der-anwendungen\/\" \/>\n<meta property=\"og:site_name\" content=\"LogiTower DE\" \/>\n<meta property=\"article:modified_time\" content=\"2026-03-27T08:51:47+00:00\" \/>\n<meta name=\"twitter:card\" content=\"summary_large_image\" \/>\n<meta name=\"twitter:label1\" content=\"Gesch\u00e4tzte Lesezeit\" \/>\n\t<meta name=\"twitter:data1\" content=\"1\u00a0Minute\" \/>\n<script type=\"application\/ld+json\" class=\"yoast-schema-graph\">{\"@context\":\"https:\\\/\\\/schema.org\",\"@graph\":[{\"@type\":\"WebPage\",\"@id\":\"http:\\\/\\\/logitower.eu\\\/de\\\/liste-der-anwendungen\\\/\",\"url\":\"http:\\\/\\\/logitower.eu\\\/de\\\/liste-der-anwendungen\\\/\",\"name\":\"LISTE DER ANWENDUNGEN - LogiTower DE\",\"isPartOf\":{\"@id\":\"https:\\\/\\\/logitower.eu\\\/de\\\/#website\"},\"datePublished\":\"2020-03-16T08:35:48+00:00\",\"dateModified\":\"2026-03-27T08:51:47+00:00\",\"description\":\"Automatische Lagersysteme LogiTower bew\u00e4hren sich in verschiedenen Branchen, in erster Linie aber bei der Lagerung von sperrigen G\u00fctern. Die Regale LogiTower werden als Einzelanfertigungen auf individuellen Auftrag hin hergestellt und in einer Reihe von nicht-standardm\u00e4\u00dfigen und speziellen Anwendungen eingesetzt, vor allem f\u00fcr schwere und sperrige G\u00fcter. Die h\u00e4ufigsten Anwendungen betreffen: Bleche, Rohre und Langh\u00f6lzer, Profile und Rahmen, Metallbauteile, Werkzeuge und Gussformen sowie Platten und Paneele.\",\"breadcrumb\":{\"@id\":\"http:\\\/\\\/logitower.eu\\\/de\\\/liste-der-anwendungen\\\/#breadcrumb\"},\"inLanguage\":\"de\",\"potentialAction\":[{\"@type\":\"ReadAction\",\"target\":[\"http:\\\/\\\/logitower.eu\\\/de\\\/liste-der-anwendungen\\\/\"]}]},{\"@type\":\"BreadcrumbList\",\"@id\":\"http:\\\/\\\/logitower.eu\\\/de\\\/liste-der-anwendungen\\\/#breadcrumb\",\"itemListElement\":[{\"@type\":\"ListItem\",\"position\":1,\"name\":\"Home\",\"item\":\"https:\\\/\\\/logitower.eu\\\/de\\\/\"},{\"@type\":\"ListItem\",\"position\":2,\"name\":\"LISTE DER ANWENDUNGEN\"}]},{\"@type\":\"WebSite\",\"@id\":\"https:\\\/\\\/logitower.eu\\\/de\\\/#website\",\"url\":\"https:\\\/\\\/logitower.eu\\\/de\\\/\",\"name\":\"LogiTower DE\",\"description\":\"\",\"potentialAction\":[{\"@type\":\"SearchAction\",\"target\":{\"@type\":\"EntryPoint\",\"urlTemplate\":\"https:\\\/\\\/logitower.eu\\\/de\\\/?s={search_term_string}\"},\"query-input\":{\"@type\":\"PropertyValueSpecification\",\"valueRequired\":true,\"valueName\":\"search_term_string\"}}],\"inLanguage\":\"de\"}]}<\/script>\n<!-- \/ Yoast SEO plugin. -->","yoast_head_json":{"title":"LISTE DER ANWENDUNGEN - LogiTower DE","description":"Automatische Lagersysteme LogiTower bew\u00e4hren sich in verschiedenen Branchen, in erster Linie aber bei der Lagerung von sperrigen G\u00fctern. Die Regale LogiTower werden als Einzelanfertigungen auf individuellen Auftrag hin hergestellt und in einer Reihe von nicht-standardm\u00e4\u00dfigen und speziellen Anwendungen eingesetzt, vor allem f\u00fcr schwere und sperrige G\u00fcter. Die h\u00e4ufigsten Anwendungen betreffen: Bleche, Rohre und Langh\u00f6lzer, Profile und Rahmen, Metallbauteile, Werkzeuge und Gussformen sowie Platten und Paneele.","robots":{"index":"index","follow":"follow","max-snippet":"max-snippet:-1","max-image-preview":"max-image-preview:large","max-video-preview":"max-video-preview:-1"},"canonical":"http:\/\/logitower.eu\/de\/liste-der-anwendungen\/","og_locale":"de_DE","og_type":"article","og_title":"LISTE DER ANWENDUNGEN - LogiTower DE","og_description":"Automatische Lagersysteme LogiTower bew\u00e4hren sich in verschiedenen Branchen, in erster Linie aber bei der Lagerung von sperrigen G\u00fctern. Die Regale LogiTower werden als Einzelanfertigungen auf individuellen Auftrag hin hergestellt und in einer Reihe von nicht-standardm\u00e4\u00dfigen und speziellen Anwendungen eingesetzt, vor allem f\u00fcr schwere und sperrige G\u00fcter. Die h\u00e4ufigsten Anwendungen betreffen: Bleche, Rohre und Langh\u00f6lzer, Profile und Rahmen, Metallbauteile, Werkzeuge und Gussformen sowie Platten und Paneele.","og_url":"http:\/\/logitower.eu\/de\/liste-der-anwendungen\/","og_site_name":"LogiTower DE","article_modified_time":"2026-03-27T08:51:47+00:00","twitter_card":"summary_large_image","twitter_misc":{"Gesch\u00e4tzte Lesezeit":"1\u00a0Minute"},"schema":{"@context":"https:\/\/schema.org","@graph":[{"@type":"WebPage","@id":"http:\/\/logitower.eu\/de\/liste-der-anwendungen\/","url":"http:\/\/logitower.eu\/de\/liste-der-anwendungen\/","name":"LISTE DER ANWENDUNGEN - LogiTower DE","isPartOf":{"@id":"https:\/\/logitower.eu\/de\/#website"},"datePublished":"2020-03-16T08:35:48+00:00","dateModified":"2026-03-27T08:51:47+00:00","description":"Automatische Lagersysteme LogiTower bew\u00e4hren sich in verschiedenen Branchen, in erster Linie aber bei der Lagerung von sperrigen G\u00fctern. Die Regale LogiTower werden als Einzelanfertigungen auf individuellen Auftrag hin hergestellt und in einer Reihe von nicht-standardm\u00e4\u00dfigen und speziellen Anwendungen eingesetzt, vor allem f\u00fcr schwere und sperrige G\u00fcter. Die h\u00e4ufigsten Anwendungen betreffen: Bleche, Rohre und Langh\u00f6lzer, Profile und Rahmen, Metallbauteile, Werkzeuge und Gussformen sowie Platten und Paneele.","breadcrumb":{"@id":"http:\/\/logitower.eu\/de\/liste-der-anwendungen\/#breadcrumb"},"inLanguage":"de","potentialAction":[{"@type":"ReadAction","target":["http:\/\/logitower.eu\/de\/liste-der-anwendungen\/"]}]},{"@type":"BreadcrumbList","@id":"http:\/\/logitower.eu\/de\/liste-der-anwendungen\/#breadcrumb","itemListElement":[{"@type":"ListItem","position":1,"name":"Home","item":"https:\/\/logitower.eu\/de\/"},{"@type":"ListItem","position":2,"name":"LISTE DER ANWENDUNGEN"}]},{"@type":"WebSite","@id":"https:\/\/logitower.eu\/de\/#website","url":"https:\/\/logitower.eu\/de\/","name":"LogiTower DE","description":"","potentialAction":[{"@type":"SearchAction","target":{"@type":"EntryPoint","urlTemplate":"https:\/\/logitower.eu\/de\/?s={search_term_string}"},"query-input":{"@type":"PropertyValueSpecification","valueRequired":true,"valueName":"search_term_string"}}],"inLanguage":"de"}]}},"_links":{"self":[{"href":"https:\/\/logitower.eu\/de\/wp-json\/wp\/v2\/pages\/298","targetHints":{"allow":["GET"]}}],"collection":[{"href":"https:\/\/logitower.eu\/de\/wp-json\/wp\/v2\/pages"}],"about":[{"href":"https:\/\/logitower.eu\/de\/wp-json\/wp\/v2\/types\/page"}],"author":[{"embeddable":true,"href":"https:\/\/logitower.eu\/de\/wp-json\/wp\/v2\/users\/1"}],"replies":[{"embeddable":true,"href":"https:\/\/logitower.eu\/de\/wp-json\/wp\/v2\/comments?post=298"}],"version-history":[{"count":34,"href":"https:\/\/logitower.eu\/de\/wp-json\/wp\/v2\/pages\/298\/revisions"}],"predecessor-version":[{"id":1885,"href":"https:\/\/logitower.eu\/de\/wp-json\/wp\/v2\/pages\/298\/revisions\/1885"}],"wp:attachment":[{"href":"https:\/\/logitower.eu\/de\/wp-json\/wp\/v2\/media?parent=298"}],"curies":[{"name":"wp","href":"https:\/\/api.w.org\/{rel}","templated":true}]}}