{"id":887,"date":"2020-11-05T14:59:23","date_gmt":"2020-11-05T13:59:23","guid":{"rendered":"http:\/\/logitower.eu\/de\/?page_id=887"},"modified":"2026-01-13T14:01:46","modified_gmt":"2026-01-13T13:01:46","slug":"technischer-kontant","status":"publish","type":"page","link":"http:\/\/logitower.eu\/de\/technischer-kontant\/","title":{"rendered":"Technischer Kontakt"},"content":{"rendered":"<p>Wir sind spezialisiert auf die Entwicklung und Implementierung von automatischen Lagersystemen, wie z.B.\u00a0<strong>LogiTower \u2013 ein automatisches Regal f\u00fcr Bleche und St\u00e4mme<\/strong>. Haben Sie Fragen zu unserem Produkt? Schreiben Sie uns \u00fcber das untenstehende\u00a0<strong>Kontaktformular<\/strong> oder direkt an <strong>serwis@isl.pl<\/strong>.<\/p>\n","protected":false},"excerpt":{"rendered":"<p>Wir sind spezialisiert auf die Entwicklung und Implementierung von automatischen Lagersystemen, wie z.B.\u00a0LogiTower \u2013 ein automatisches Regal f\u00fcr Bleche und St\u00e4mme. Haben Sie Fragen zu unserem Produkt? Schreiben Sie uns \u00fcber das untenstehende\u00a0Kontaktformular oder direkt an serwis@isl.pl.<\/p>\n","protected":false},"author":2,"featured_media":0,"parent":0,"menu_order":0,"comment_status":"closed","ping_status":"closed","template":"static.php","meta":{"_acf_changed":false,"inline_featured_image":false,"footnotes":""},"class_list":["post-887","page","type-page","status-publish","hentry"],"acf":[],"yoast_head":"<!-- This site is optimized with the Yoast SEO plugin v27.3 - https:\/\/yoast.com\/product\/yoast-seo-wordpress\/ -->\n<title>Technischer Kontakt - LogiTower DE<\/title>\n<meta name=\"robots\" content=\"index, follow, max-snippet:-1, max-image-preview:large, max-video-preview:-1\" \/>\n<link rel=\"canonical\" href=\"http:\/\/logitower.eu\/de\/technischer-kontant\/\" \/>\n<meta property=\"og:locale\" content=\"de_DE\" \/>\n<meta property=\"og:type\" content=\"article\" \/>\n<meta property=\"og:title\" content=\"Technischer Kontakt - LogiTower DE\" \/>\n<meta property=\"og:description\" content=\"Wir sind spezialisiert auf die Entwicklung und Implementierung von automatischen Lagersystemen, wie z.B.\u00a0LogiTower \u2013 ein automatisches Regal f\u00fcr Bleche und St\u00e4mme. Haben Sie Fragen zu unserem Produkt? Schreiben Sie uns \u00fcber das untenstehende\u00a0Kontaktformular oder direkt an serwis@isl.pl.\" \/>\n<meta property=\"og:url\" content=\"http:\/\/logitower.eu\/de\/technischer-kontant\/\" \/>\n<meta property=\"og:site_name\" content=\"LogiTower DE\" \/>\n<meta property=\"article:modified_time\" content=\"2026-01-13T13:01:46+00:00\" \/>\n<meta name=\"twitter:card\" content=\"summary_large_image\" \/>\n<meta name=\"twitter:label1\" content=\"Gesch\u00e4tzte Lesezeit\" \/>\n\t<meta name=\"twitter:data1\" content=\"1\u00a0Minute\" \/>\n<script type=\"application\/ld+json\" class=\"yoast-schema-graph\">{\"@context\":\"https:\\\/\\\/schema.org\",\"@graph\":[{\"@type\":\"WebPage\",\"@id\":\"http:\\\/\\\/logitower.eu\\\/de\\\/technischer-kontant\\\/\",\"url\":\"http:\\\/\\\/logitower.eu\\\/de\\\/technischer-kontant\\\/\",\"name\":\"Technischer Kontakt - LogiTower DE\",\"isPartOf\":{\"@id\":\"https:\\\/\\\/logitower.eu\\\/de\\\/#website\"},\"datePublished\":\"2020-11-05T13:59:23+00:00\",\"dateModified\":\"2026-01-13T13:01:46+00:00\",\"breadcrumb\":{\"@id\":\"http:\\\/\\\/logitower.eu\\\/de\\\/technischer-kontant\\\/#breadcrumb\"},\"inLanguage\":\"de\",\"potentialAction\":[{\"@type\":\"ReadAction\",\"target\":[\"http:\\\/\\\/logitower.eu\\\/de\\\/technischer-kontant\\\/\"]}]},{\"@type\":\"BreadcrumbList\",\"@id\":\"http:\\\/\\\/logitower.eu\\\/de\\\/technischer-kontant\\\/#breadcrumb\",\"itemListElement\":[{\"@type\":\"ListItem\",\"position\":1,\"name\":\"Home\",\"item\":\"https:\\\/\\\/logitower.eu\\\/de\\\/\"},{\"@type\":\"ListItem\",\"position\":2,\"name\":\"Technischer Kontakt\"}]},{\"@type\":\"WebSite\",\"@id\":\"https:\\\/\\\/logitower.eu\\\/de\\\/#website\",\"url\":\"https:\\\/\\\/logitower.eu\\\/de\\\/\",\"name\":\"LogiTower DE\",\"description\":\"\",\"potentialAction\":[{\"@type\":\"SearchAction\",\"target\":{\"@type\":\"EntryPoint\",\"urlTemplate\":\"https:\\\/\\\/logitower.eu\\\/de\\\/?s={search_term_string}\"},\"query-input\":{\"@type\":\"PropertyValueSpecification\",\"valueRequired\":true,\"valueName\":\"search_term_string\"}}],\"inLanguage\":\"de\"}]}<\/script>\n<!-- \/ Yoast SEO plugin. -->","yoast_head_json":{"title":"Technischer Kontakt - LogiTower DE","robots":{"index":"index","follow":"follow","max-snippet":"max-snippet:-1","max-image-preview":"max-image-preview:large","max-video-preview":"max-video-preview:-1"},"canonical":"http:\/\/logitower.eu\/de\/technischer-kontant\/","og_locale":"de_DE","og_type":"article","og_title":"Technischer Kontakt - LogiTower DE","og_description":"Wir sind spezialisiert auf die Entwicklung und Implementierung von automatischen Lagersystemen, wie z.B.\u00a0LogiTower \u2013 ein automatisches Regal f\u00fcr Bleche und St\u00e4mme. Haben Sie Fragen zu unserem Produkt? Schreiben Sie uns \u00fcber das untenstehende\u00a0Kontaktformular oder direkt an serwis@isl.pl.","og_url":"http:\/\/logitower.eu\/de\/technischer-kontant\/","og_site_name":"LogiTower DE","article_modified_time":"2026-01-13T13:01:46+00:00","twitter_card":"summary_large_image","twitter_misc":{"Gesch\u00e4tzte Lesezeit":"1\u00a0Minute"},"schema":{"@context":"https:\/\/schema.org","@graph":[{"@type":"WebPage","@id":"http:\/\/logitower.eu\/de\/technischer-kontant\/","url":"http:\/\/logitower.eu\/de\/technischer-kontant\/","name":"Technischer Kontakt - LogiTower DE","isPartOf":{"@id":"https:\/\/logitower.eu\/de\/#website"},"datePublished":"2020-11-05T13:59:23+00:00","dateModified":"2026-01-13T13:01:46+00:00","breadcrumb":{"@id":"http:\/\/logitower.eu\/de\/technischer-kontant\/#breadcrumb"},"inLanguage":"de","potentialAction":[{"@type":"ReadAction","target":["http:\/\/logitower.eu\/de\/technischer-kontant\/"]}]},{"@type":"BreadcrumbList","@id":"http:\/\/logitower.eu\/de\/technischer-kontant\/#breadcrumb","itemListElement":[{"@type":"ListItem","position":1,"name":"Home","item":"https:\/\/logitower.eu\/de\/"},{"@type":"ListItem","position":2,"name":"Technischer Kontakt"}]},{"@type":"WebSite","@id":"https:\/\/logitower.eu\/de\/#website","url":"https:\/\/logitower.eu\/de\/","name":"LogiTower DE","description":"","potentialAction":[{"@type":"SearchAction","target":{"@type":"EntryPoint","urlTemplate":"https:\/\/logitower.eu\/de\/?s={search_term_string}"},"query-input":{"@type":"PropertyValueSpecification","valueRequired":true,"valueName":"search_term_string"}}],"inLanguage":"de"}]}},"_links":{"self":[{"href":"https:\/\/logitower.eu\/de\/wp-json\/wp\/v2\/pages\/887","targetHints":{"allow":["GET"]}}],"collection":[{"href":"https:\/\/logitower.eu\/de\/wp-json\/wp\/v2\/pages"}],"about":[{"href":"https:\/\/logitower.eu\/de\/wp-json\/wp\/v2\/types\/page"}],"author":[{"embeddable":true,"href":"https:\/\/logitower.eu\/de\/wp-json\/wp\/v2\/users\/2"}],"replies":[{"embeddable":true,"href":"https:\/\/logitower.eu\/de\/wp-json\/wp\/v2\/comments?post=887"}],"version-history":[{"count":2,"href":"https:\/\/logitower.eu\/de\/wp-json\/wp\/v2\/pages\/887\/revisions"}],"predecessor-version":[{"id":1853,"href":"https:\/\/logitower.eu\/de\/wp-json\/wp\/v2\/pages\/887\/revisions\/1853"}],"wp:attachment":[{"href":"https:\/\/logitower.eu\/de\/wp-json\/wp\/v2\/media?parent=887"}],"curies":[{"name":"wp","href":"https:\/\/api.w.org\/{rel}","templated":true}]}}