{"id":174,"date":"2020-03-11T13:59:39","date_gmt":"2020-03-11T12:59:39","guid":{"rendered":"http:\/\/logitower.eu\/?page_id=174"},"modified":"2025-07-16T14:32:57","modified_gmt":"2025-07-16T12:32:57","slug":"contacto","status":"publish","type":"page","link":"http:\/\/logitower.eu\/es\/contacto\/","title":{"rendered":"Contacto"},"content":{"rendered":"<div id=\"content\" class=\"content-container\">\n<div class=\"container\">\n<div class=\"row\">\n<div class=\"col-lg-12\">\n<div class=\"cols-inner\">\n<p>Nos especializamos en el dise\u00f1o e implementaci\u00f3n de sistemas de almacenamiento autom\u00e1tico, tales como\u00a0<strong>LogiTower \u2013 estantes autom\u00e1ticos para chapa met\u00e1lica y acero largo<\/strong>. \u00bfTiene alguna pregunta sobre nuestro producto? Escr\u00edbanos usando el\u00a0<strong>Formulario de contacto<\/strong>\u00a0abajo o directamente en info@logitower.eu.<\/p>\n<\/div>\n<\/div>\n<\/div>\n<\/div>\n<\/div>\n<div id=\"section-klienci\">\n<div class=\"container\">\n<div class=\"row\">\n<div class=\"col-lg-12\"><\/div>\n<\/div>\n<\/div>\n<\/div>\n","protected":false},"excerpt":{"rendered":"<p>Nos especializamos en el dise\u00f1o e implementaci\u00f3n de sistemas de almacenamiento autom\u00e1tico, tales como\u00a0LogiTower \u2013 estantes autom\u00e1ticos para chapa met\u00e1lica y acero largo. \u00bfTiene alguna pregunta sobre nuestro producto? Escr\u00edbanos usando el\u00a0Formulario de contacto\u00a0abajo o directamente en info@logitower.eu.<\/p>\n","protected":false},"author":1,"featured_media":0,"parent":0,"menu_order":0,"comment_status":"closed","ping_status":"closed","template":"static.php","meta":{"_acf_changed":false,"inline_featured_image":false,"footnotes":""},"class_list":["post-174","page","type-page","status-publish","hentry"],"acf":[],"yoast_head":"<!-- This site is optimized with the Yoast SEO plugin v27.3 - https:\/\/yoast.com\/product\/yoast-seo-wordpress\/ -->\n<title>Contacto - LogiTower ES<\/title>\n<meta name=\"description\" content=\"Nos especializamos en el dise\u00f1o e implementaci\u00f3n de sistemas de almacenamiento autom\u00e1tico, tales como LogiTower \u2013 estantes autom\u00e1ticos para chapa met\u00e1lica y acero largo. \u00bfTiene alguna pregunta sobre nuestro producto? Escr\u00edbanos usando el Formulario de contacto abajo o directamente en info@logitower.eu.\" \/>\n<meta name=\"robots\" content=\"index, follow, max-snippet:-1, max-image-preview:large, max-video-preview:-1\" \/>\n<link rel=\"canonical\" href=\"http:\/\/logitower.eu\/es\/contacto\/\" \/>\n<meta property=\"og:locale\" content=\"es_ES\" \/>\n<meta property=\"og:type\" content=\"article\" \/>\n<meta property=\"og:title\" content=\"Contacto - LogiTower ES\" \/>\n<meta property=\"og:description\" content=\"Nos especializamos en el dise\u00f1o e implementaci\u00f3n de sistemas de almacenamiento autom\u00e1tico, tales como LogiTower \u2013 estantes autom\u00e1ticos para chapa met\u00e1lica y acero largo. \u00bfTiene alguna pregunta sobre nuestro producto? Escr\u00edbanos usando el Formulario de contacto abajo o directamente en info@logitower.eu.\" \/>\n<meta property=\"og:url\" content=\"http:\/\/logitower.eu\/es\/contacto\/\" \/>\n<meta property=\"og:site_name\" content=\"LogiTower ES\" \/>\n<meta property=\"article:modified_time\" content=\"2025-07-16T12:32:57+00:00\" \/>\n<meta name=\"twitter:card\" content=\"summary_large_image\" \/>\n<meta name=\"twitter:label1\" content=\"Tiempo de lectura\" \/>\n\t<meta name=\"twitter:data1\" content=\"1 minuto\" \/>\n<script type=\"application\/ld+json\" class=\"yoast-schema-graph\">{\"@context\":\"https:\\\/\\\/schema.org\",\"@graph\":[{\"@type\":\"WebPage\",\"@id\":\"http:\\\/\\\/logitower.eu\\\/es\\\/contacto\\\/\",\"url\":\"http:\\\/\\\/logitower.eu\\\/es\\\/contacto\\\/\",\"name\":\"Contacto - LogiTower ES\",\"isPartOf\":{\"@id\":\"https:\\\/\\\/logitower.eu\\\/es\\\/#website\"},\"datePublished\":\"2020-03-11T12:59:39+00:00\",\"dateModified\":\"2025-07-16T12:32:57+00:00\",\"description\":\"Nos especializamos en el dise\u00f1o e implementaci\u00f3n de sistemas de almacenamiento autom\u00e1tico, tales como LogiTower \u2013 estantes autom\u00e1ticos para chapa met\u00e1lica y acero largo. \u00bfTiene alguna pregunta sobre nuestro producto? Escr\u00edbanos usando el Formulario de contacto abajo o directamente en info@logitower.eu.\",\"breadcrumb\":{\"@id\":\"http:\\\/\\\/logitower.eu\\\/es\\\/contacto\\\/#breadcrumb\"},\"inLanguage\":\"es\",\"potentialAction\":[{\"@type\":\"ReadAction\",\"target\":[\"http:\\\/\\\/logitower.eu\\\/es\\\/contacto\\\/\"]}]},{\"@type\":\"BreadcrumbList\",\"@id\":\"http:\\\/\\\/logitower.eu\\\/es\\\/contacto\\\/#breadcrumb\",\"itemListElement\":[{\"@type\":\"ListItem\",\"position\":1,\"name\":\"Home\",\"item\":\"https:\\\/\\\/logitower.eu\\\/es\\\/\"},{\"@type\":\"ListItem\",\"position\":2,\"name\":\"Contacto\"}]},{\"@type\":\"WebSite\",\"@id\":\"https:\\\/\\\/logitower.eu\\\/es\\\/#website\",\"url\":\"https:\\\/\\\/logitower.eu\\\/es\\\/\",\"name\":\"LogiTower ES\",\"description\":\"\",\"potentialAction\":[{\"@type\":\"SearchAction\",\"target\":{\"@type\":\"EntryPoint\",\"urlTemplate\":\"https:\\\/\\\/logitower.eu\\\/es\\\/?s={search_term_string}\"},\"query-input\":{\"@type\":\"PropertyValueSpecification\",\"valueRequired\":true,\"valueName\":\"search_term_string\"}}],\"inLanguage\":\"es\"}]}<\/script>\n<!-- \/ Yoast SEO plugin. -->","yoast_head_json":{"title":"Contacto - LogiTower ES","description":"Nos especializamos en el dise\u00f1o e implementaci\u00f3n de sistemas de almacenamiento autom\u00e1tico, tales como LogiTower \u2013 estantes autom\u00e1ticos para chapa met\u00e1lica y acero largo. \u00bfTiene alguna pregunta sobre nuestro producto? Escr\u00edbanos usando el Formulario de contacto abajo o directamente en info@logitower.eu.","robots":{"index":"index","follow":"follow","max-snippet":"max-snippet:-1","max-image-preview":"max-image-preview:large","max-video-preview":"max-video-preview:-1"},"canonical":"http:\/\/logitower.eu\/es\/contacto\/","og_locale":"es_ES","og_type":"article","og_title":"Contacto - LogiTower ES","og_description":"Nos especializamos en el dise\u00f1o e implementaci\u00f3n de sistemas de almacenamiento autom\u00e1tico, tales como LogiTower \u2013 estantes autom\u00e1ticos para chapa met\u00e1lica y acero largo. \u00bfTiene alguna pregunta sobre nuestro producto? Escr\u00edbanos usando el Formulario de contacto abajo o directamente en info@logitower.eu.","og_url":"http:\/\/logitower.eu\/es\/contacto\/","og_site_name":"LogiTower ES","article_modified_time":"2025-07-16T12:32:57+00:00","twitter_card":"summary_large_image","twitter_misc":{"Tiempo de lectura":"1 minuto"},"schema":{"@context":"https:\/\/schema.org","@graph":[{"@type":"WebPage","@id":"http:\/\/logitower.eu\/es\/contacto\/","url":"http:\/\/logitower.eu\/es\/contacto\/","name":"Contacto - LogiTower ES","isPartOf":{"@id":"https:\/\/logitower.eu\/es\/#website"},"datePublished":"2020-03-11T12:59:39+00:00","dateModified":"2025-07-16T12:32:57+00:00","description":"Nos especializamos en el dise\u00f1o e implementaci\u00f3n de sistemas de almacenamiento autom\u00e1tico, tales como LogiTower \u2013 estantes autom\u00e1ticos para chapa met\u00e1lica y acero largo. \u00bfTiene alguna pregunta sobre nuestro producto? Escr\u00edbanos usando el Formulario de contacto abajo o directamente en info@logitower.eu.","breadcrumb":{"@id":"http:\/\/logitower.eu\/es\/contacto\/#breadcrumb"},"inLanguage":"es","potentialAction":[{"@type":"ReadAction","target":["http:\/\/logitower.eu\/es\/contacto\/"]}]},{"@type":"BreadcrumbList","@id":"http:\/\/logitower.eu\/es\/contacto\/#breadcrumb","itemListElement":[{"@type":"ListItem","position":1,"name":"Home","item":"https:\/\/logitower.eu\/es\/"},{"@type":"ListItem","position":2,"name":"Contacto"}]},{"@type":"WebSite","@id":"https:\/\/logitower.eu\/es\/#website","url":"https:\/\/logitower.eu\/es\/","name":"LogiTower ES","description":"","potentialAction":[{"@type":"SearchAction","target":{"@type":"EntryPoint","urlTemplate":"https:\/\/logitower.eu\/es\/?s={search_term_string}"},"query-input":{"@type":"PropertyValueSpecification","valueRequired":true,"valueName":"search_term_string"}}],"inLanguage":"es"}]}},"_links":{"self":[{"href":"https:\/\/logitower.eu\/es\/wp-json\/wp\/v2\/pages\/174","targetHints":{"allow":["GET"]}}],"collection":[{"href":"https:\/\/logitower.eu\/es\/wp-json\/wp\/v2\/pages"}],"about":[{"href":"https:\/\/logitower.eu\/es\/wp-json\/wp\/v2\/types\/page"}],"author":[{"embeddable":true,"href":"https:\/\/logitower.eu\/es\/wp-json\/wp\/v2\/users\/1"}],"replies":[{"embeddable":true,"href":"https:\/\/logitower.eu\/es\/wp-json\/wp\/v2\/comments?post=174"}],"version-history":[{"count":9,"href":"https:\/\/logitower.eu\/es\/wp-json\/wp\/v2\/pages\/174\/revisions"}],"predecessor-version":[{"id":1568,"href":"https:\/\/logitower.eu\/es\/wp-json\/wp\/v2\/pages\/174\/revisions\/1568"}],"wp:attachment":[{"href":"https:\/\/logitower.eu\/es\/wp-json\/wp\/v2\/media?parent=174"}],"curies":[{"name":"wp","href":"https:\/\/api.w.org\/{rel}","templated":true}]}}