{"id":296,"date":"2020-03-16T09:35:22","date_gmt":"2020-03-16T08:35:22","guid":{"rendered":"http:\/\/logitower.eu\/?page_id=296"},"modified":"2025-07-17T09:35:27","modified_gmt":"2025-07-17T07:35:27","slug":"productos","status":"publish","type":"page","link":"http:\/\/logitower.eu\/es\/lista-de-productos\/","title":{"rendered":"LISTA DE PRODUCTOS"},"content":{"rendered":"","protected":false},"excerpt":{"rendered":"","protected":false},"author":1,"featured_media":0,"parent":0,"menu_order":0,"comment_status":"closed","ping_status":"closed","template":"archive-products.php","meta":{"_acf_changed":false,"inline_featured_image":false,"footnotes":""},"class_list":["post-296","page","type-page","status-publish","hentry"],"acf":[],"yoast_head":"<!-- This site is optimized with the Yoast SEO plugin v27.3 - https:\/\/yoast.com\/product\/yoast-seo-wordpress\/ -->\n<title>LISTA DE PRODUCTOS - LogiTower ES<\/title>\n<meta name=\"description\" content=\"El almac\u00e9n automatizado de planchas met\u00e1licas y barras lasrgas LogiTower es una soluci\u00f3n dise\u00f1ada para almacenar productos muy pesados, largos y voluminosos. El sistema de almacenamiento autom\u00e1tico LogiTower permite un almacenaje econ\u00f3mico, ergon\u00f3mico y seguro de chapa met\u00e1lica, almacenamiento de perfiles y barras de acero, paneles, componentes met\u00e1licos, herramientas y todos los dem\u00e1s productos que pesen hasta 8 toneladas por estanter\u00eda y un ancho de hasta 12 metros.&quot; \/&gt;&lt;meta property=&quot;og:url&quot; content=&quot;https:\/\/logitower.eu\/es\/productos\/&quot;\" \/>\n<meta name=\"robots\" content=\"index, follow, max-snippet:-1, max-image-preview:large, max-video-preview:-1\" \/>\n<link rel=\"canonical\" href=\"http:\/\/logitower.eu\/es\/lista-de-productos\/\" \/>\n<meta property=\"og:locale\" content=\"es_ES\" \/>\n<meta property=\"og:type\" content=\"article\" \/>\n<meta property=\"og:title\" content=\"LISTA DE PRODUCTOS - LogiTower ES\" \/>\n<meta property=\"og:description\" content=\"El almac\u00e9n automatizado de planchas met\u00e1licas y barras lasrgas LogiTower es una soluci\u00f3n dise\u00f1ada para almacenar productos muy pesados, largos y voluminosos. El sistema de almacenamiento autom\u00e1tico LogiTower permite un almacenaje econ\u00f3mico, ergon\u00f3mico y seguro de chapa met\u00e1lica, almacenamiento de perfiles y barras de acero, paneles, componentes met\u00e1licos, herramientas y todos los dem\u00e1s productos que pesen hasta 8 toneladas por estanter\u00eda y un ancho de hasta 12 metros.&quot; \/&gt;&lt;meta property=&quot;og:url&quot; content=&quot;https:\/\/logitower.eu\/es\/productos\/&quot;\" \/>\n<meta property=\"og:url\" content=\"http:\/\/logitower.eu\/es\/lista-de-productos\/\" \/>\n<meta property=\"og:site_name\" content=\"LogiTower ES\" \/>\n<meta property=\"article:modified_time\" content=\"2025-07-17T07:35:27+00:00\" \/>\n<meta name=\"twitter:card\" content=\"summary_large_image\" \/>\n<meta name=\"twitter:label1\" content=\"Tiempo de lectura\" \/>\n\t<meta name=\"twitter:data1\" content=\"2 minutos\" \/>\n<script type=\"application\/ld+json\" class=\"yoast-schema-graph\">{\"@context\":\"https:\\\/\\\/schema.org\",\"@graph\":[{\"@type\":\"WebPage\",\"@id\":\"http:\\\/\\\/logitower.eu\\\/es\\\/lista-de-productos\\\/\",\"url\":\"http:\\\/\\\/logitower.eu\\\/es\\\/lista-de-productos\\\/\",\"name\":\"LISTA DE PRODUCTOS - LogiTower ES\",\"isPartOf\":{\"@id\":\"https:\\\/\\\/logitower.eu\\\/es\\\/#website\"},\"datePublished\":\"2020-03-16T08:35:22+00:00\",\"dateModified\":\"2025-07-17T07:35:27+00:00\",\"description\":\"El almac\u00e9n automatizado de planchas met\u00e1licas y barras lasrgas LogiTower es una soluci\u00f3n dise\u00f1ada para almacenar productos muy pesados, largos y voluminosos. El sistema de almacenamiento autom\u00e1tico LogiTower permite un almacenaje econ\u00f3mico, ergon\u00f3mico y seguro de chapa met\u00e1lica, almacenamiento de perfiles y barras de acero, paneles, componentes met\u00e1licos, herramientas y todos los dem\u00e1s productos que pesen hasta 8 toneladas por estanter\u00eda y un ancho de hasta 12 metros.\\\" \\\/>&lt;meta property=&quot;og:url&quot; content=&quot;https:\\\/\\\/logitower.eu\\\/es\\\/productos\\\/&quot;\",\"breadcrumb\":{\"@id\":\"http:\\\/\\\/logitower.eu\\\/es\\\/lista-de-productos\\\/#breadcrumb\"},\"inLanguage\":\"es\",\"potentialAction\":[{\"@type\":\"ReadAction\",\"target\":[\"http:\\\/\\\/logitower.eu\\\/es\\\/lista-de-productos\\\/\"]}]},{\"@type\":\"BreadcrumbList\",\"@id\":\"http:\\\/\\\/logitower.eu\\\/es\\\/lista-de-productos\\\/#breadcrumb\",\"itemListElement\":[{\"@type\":\"ListItem\",\"position\":1,\"name\":\"Home\",\"item\":\"https:\\\/\\\/logitower.eu\\\/es\\\/\"},{\"@type\":\"ListItem\",\"position\":2,\"name\":\"LISTA DE PRODUCTOS\"}]},{\"@type\":\"WebSite\",\"@id\":\"https:\\\/\\\/logitower.eu\\\/es\\\/#website\",\"url\":\"https:\\\/\\\/logitower.eu\\\/es\\\/\",\"name\":\"LogiTower ES\",\"description\":\"\",\"potentialAction\":[{\"@type\":\"SearchAction\",\"target\":{\"@type\":\"EntryPoint\",\"urlTemplate\":\"https:\\\/\\\/logitower.eu\\\/es\\\/?s={search_term_string}\"},\"query-input\":{\"@type\":\"PropertyValueSpecification\",\"valueRequired\":true,\"valueName\":\"search_term_string\"}}],\"inLanguage\":\"es\"}]}<\/script>\n<!-- \/ Yoast SEO plugin. -->","yoast_head_json":{"title":"LISTA DE PRODUCTOS - LogiTower ES","description":"El almac\u00e9n automatizado de planchas met\u00e1licas y barras lasrgas LogiTower es una soluci\u00f3n dise\u00f1ada para almacenar productos muy pesados, largos y voluminosos. El sistema de almacenamiento autom\u00e1tico LogiTower permite un almacenaje econ\u00f3mico, ergon\u00f3mico y seguro de chapa met\u00e1lica, almacenamiento de perfiles y barras de acero, paneles, componentes met\u00e1licos, herramientas y todos los dem\u00e1s productos que pesen hasta 8 toneladas por estanter\u00eda y un ancho de hasta 12 metros.\" \/>&lt;meta property=&quot;og:url&quot; content=&quot;https:\/\/logitower.eu\/es\/productos\/&quot;","robots":{"index":"index","follow":"follow","max-snippet":"max-snippet:-1","max-image-preview":"max-image-preview:large","max-video-preview":"max-video-preview:-1"},"canonical":"http:\/\/logitower.eu\/es\/lista-de-productos\/","og_locale":"es_ES","og_type":"article","og_title":"LISTA DE PRODUCTOS - LogiTower ES","og_description":"El almac\u00e9n automatizado de planchas met\u00e1licas y barras lasrgas LogiTower es una soluci\u00f3n dise\u00f1ada para almacenar productos muy pesados, largos y voluminosos. El sistema de almacenamiento autom\u00e1tico LogiTower permite un almacenaje econ\u00f3mico, ergon\u00f3mico y seguro de chapa met\u00e1lica, almacenamiento de perfiles y barras de acero, paneles, componentes met\u00e1licos, herramientas y todos los dem\u00e1s productos que pesen hasta 8 toneladas por estanter\u00eda y un ancho de hasta 12 metros.\" \/>&lt;meta property=&quot;og:url&quot; content=&quot;https:\/\/logitower.eu\/es\/productos\/&quot;","og_url":"http:\/\/logitower.eu\/es\/lista-de-productos\/","og_site_name":"LogiTower ES","article_modified_time":"2025-07-17T07:35:27+00:00","twitter_card":"summary_large_image","twitter_misc":{"Tiempo de lectura":"2 minutos"},"schema":{"@context":"https:\/\/schema.org","@graph":[{"@type":"WebPage","@id":"http:\/\/logitower.eu\/es\/lista-de-productos\/","url":"http:\/\/logitower.eu\/es\/lista-de-productos\/","name":"LISTA DE PRODUCTOS - LogiTower ES","isPartOf":{"@id":"https:\/\/logitower.eu\/es\/#website"},"datePublished":"2020-03-16T08:35:22+00:00","dateModified":"2025-07-17T07:35:27+00:00","description":"El almac\u00e9n automatizado de planchas met\u00e1licas y barras lasrgas LogiTower es una soluci\u00f3n dise\u00f1ada para almacenar productos muy pesados, largos y voluminosos. El sistema de almacenamiento autom\u00e1tico LogiTower permite un almacenaje econ\u00f3mico, ergon\u00f3mico y seguro de chapa met\u00e1lica, almacenamiento de perfiles y barras de acero, paneles, componentes met\u00e1licos, herramientas y todos los dem\u00e1s productos que pesen hasta 8 toneladas por estanter\u00eda y un ancho de hasta 12 metros.\" \/>&lt;meta property=&quot;og:url&quot; content=&quot;https:\/\/logitower.eu\/es\/productos\/&quot;","breadcrumb":{"@id":"http:\/\/logitower.eu\/es\/lista-de-productos\/#breadcrumb"},"inLanguage":"es","potentialAction":[{"@type":"ReadAction","target":["http:\/\/logitower.eu\/es\/lista-de-productos\/"]}]},{"@type":"BreadcrumbList","@id":"http:\/\/logitower.eu\/es\/lista-de-productos\/#breadcrumb","itemListElement":[{"@type":"ListItem","position":1,"name":"Home","item":"https:\/\/logitower.eu\/es\/"},{"@type":"ListItem","position":2,"name":"LISTA DE PRODUCTOS"}]},{"@type":"WebSite","@id":"https:\/\/logitower.eu\/es\/#website","url":"https:\/\/logitower.eu\/es\/","name":"LogiTower ES","description":"","potentialAction":[{"@type":"SearchAction","target":{"@type":"EntryPoint","urlTemplate":"https:\/\/logitower.eu\/es\/?s={search_term_string}"},"query-input":{"@type":"PropertyValueSpecification","valueRequired":true,"valueName":"search_term_string"}}],"inLanguage":"es"}]}},"_links":{"self":[{"href":"https:\/\/logitower.eu\/es\/wp-json\/wp\/v2\/pages\/296","targetHints":{"allow":["GET"]}}],"collection":[{"href":"https:\/\/logitower.eu\/es\/wp-json\/wp\/v2\/pages"}],"about":[{"href":"https:\/\/logitower.eu\/es\/wp-json\/wp\/v2\/types\/page"}],"author":[{"embeddable":true,"href":"https:\/\/logitower.eu\/es\/wp-json\/wp\/v2\/users\/1"}],"replies":[{"embeddable":true,"href":"https:\/\/logitower.eu\/es\/wp-json\/wp\/v2\/comments?post=296"}],"version-history":[{"count":18,"href":"https:\/\/logitower.eu\/es\/wp-json\/wp\/v2\/pages\/296\/revisions"}],"predecessor-version":[{"id":1571,"href":"https:\/\/logitower.eu\/es\/wp-json\/wp\/v2\/pages\/296\/revisions\/1571"}],"wp:attachment":[{"href":"https:\/\/logitower.eu\/es\/wp-json\/wp\/v2\/media?parent=296"}],"curies":[{"name":"wp","href":"https:\/\/api.w.org\/{rel}","templated":true}]}}