{"id":5,"date":"2020-03-10T15:06:09","date_gmt":"2020-03-10T14:06:09","guid":{"rendered":"http:\/\/logitower.eu\/?page_id=5"},"modified":"2025-07-17T09:09:26","modified_gmt":"2025-07-17T07:09:26","slug":"sistema-automatizado-de-almacenamiento-de-chapa-almacenaje-automatico-logitower-pagina-principal","status":"publish","type":"page","link":"https:\/\/logitower.eu\/es\/","title":{"rendered":"P\u00e1gina principal"},"content":{"rendered":"","protected":false},"excerpt":{"rendered":"","protected":false},"author":1,"featured_media":0,"parent":0,"menu_order":0,"comment_status":"closed","ping_status":"closed","template":"homepage.php","meta":{"_acf_changed":false,"inline_featured_image":false,"footnotes":""},"class_list":["post-5","page","type-page","status-publish","hentry"],"acf":[],"yoast_head":"<!-- This site is optimized with the Yoast SEO plugin v27.3 - https:\/\/yoast.com\/product\/yoast-seo-wordpress\/ -->\n<title>Sistema automatizado de almacenamiento de chapa. Almacenaje Autom\u00e1tico | LogiTower<\/title>\n<meta name=\"description\" content=\"El sistema LogiTower permite el almacenamiento eficiente, ergon\u00f3mico y seguro de mercanc\u00edas pesadas: chapa, barras largas, componentes met\u00e1licos, herramientas pesadas y otros elementos.\" \/>\n<meta name=\"robots\" content=\"index, follow, max-snippet:-1, max-image-preview:large, max-video-preview:-1\" \/>\n<link rel=\"canonical\" href=\"https:\/\/logitower.eu\/es\/\" \/>\n<meta property=\"og:locale\" content=\"es_ES\" \/>\n<meta property=\"og:type\" content=\"article\" \/>\n<meta property=\"og:title\" content=\"Sistema automatizado de almacenamiento de chapa. Almacenaje Autom\u00e1tico | LogiTower\" \/>\n<meta property=\"og:description\" content=\"El sistema LogiTower permite el almacenamiento eficiente, ergon\u00f3mico y seguro de mercanc\u00edas pesadas: chapa, barras largas, componentes met\u00e1licos, herramientas pesadas y otros elementos.\" \/>\n<meta property=\"og:url\" content=\"https:\/\/logitower.eu\/es\/\" \/>\n<meta property=\"og:site_name\" content=\"LogiTower ES\" \/>\n<meta property=\"article:modified_time\" content=\"2025-07-17T07:09:26+00:00\" \/>\n<meta name=\"twitter:card\" content=\"summary_large_image\" \/>\n<meta name=\"twitter:label1\" content=\"Tiempo de lectura\" \/>\n\t<meta name=\"twitter:data1\" content=\"9 minutos\" \/>\n<script type=\"application\/ld+json\" class=\"yoast-schema-graph\">{\"@context\":\"https:\\\/\\\/schema.org\",\"@graph\":[{\"@type\":\"WebPage\",\"@id\":\"https:\\\/\\\/logitower.eu\\\/es\\\/\",\"url\":\"https:\\\/\\\/logitower.eu\\\/es\\\/\",\"name\":\"Sistema automatizado de almacenamiento de chapa. Almacenaje Autom\u00e1tico | LogiTower\",\"isPartOf\":{\"@id\":\"https:\\\/\\\/logitower.eu\\\/es\\\/#website\"},\"datePublished\":\"2020-03-10T14:06:09+00:00\",\"dateModified\":\"2025-07-17T07:09:26+00:00\",\"description\":\"El sistema LogiTower permite el almacenamiento eficiente, ergon\u00f3mico y seguro de mercanc\u00edas pesadas: chapa, barras largas, componentes met\u00e1licos, herramientas pesadas y otros elementos.\",\"breadcrumb\":{\"@id\":\"https:\\\/\\\/logitower.eu\\\/es\\\/#breadcrumb\"},\"inLanguage\":\"es\",\"potentialAction\":[{\"@type\":\"ReadAction\",\"target\":[\"https:\\\/\\\/logitower.eu\\\/es\\\/\"]}]},{\"@type\":\"BreadcrumbList\",\"@id\":\"https:\\\/\\\/logitower.eu\\\/es\\\/#breadcrumb\",\"itemListElement\":[{\"@type\":\"ListItem\",\"position\":1,\"name\":\"Home\",\"item\":\"https:\\\/\\\/logitower.eu\\\/es\\\/\"},{\"@type\":\"ListItem\",\"position\":2,\"name\":\"P\u00e1gina principal\"}]},{\"@type\":\"WebSite\",\"@id\":\"https:\\\/\\\/logitower.eu\\\/es\\\/#website\",\"url\":\"https:\\\/\\\/logitower.eu\\\/es\\\/\",\"name\":\"LogiTower ES\",\"description\":\"\",\"potentialAction\":[{\"@type\":\"SearchAction\",\"target\":{\"@type\":\"EntryPoint\",\"urlTemplate\":\"https:\\\/\\\/logitower.eu\\\/es\\\/?s={search_term_string}\"},\"query-input\":{\"@type\":\"PropertyValueSpecification\",\"valueRequired\":true,\"valueName\":\"search_term_string\"}}],\"inLanguage\":\"es\"}]}<\/script>\n<!-- \/ Yoast SEO plugin. -->","yoast_head_json":{"title":"Sistema automatizado de almacenamiento de chapa. Almacenaje Autom\u00e1tico | LogiTower","description":"El sistema LogiTower permite el almacenamiento eficiente, ergon\u00f3mico y seguro de mercanc\u00edas pesadas: chapa, barras largas, componentes met\u00e1licos, herramientas pesadas y otros elementos.","robots":{"index":"index","follow":"follow","max-snippet":"max-snippet:-1","max-image-preview":"max-image-preview:large","max-video-preview":"max-video-preview:-1"},"canonical":"https:\/\/logitower.eu\/es\/","og_locale":"es_ES","og_type":"article","og_title":"Sistema automatizado de almacenamiento de chapa. Almacenaje Autom\u00e1tico | LogiTower","og_description":"El sistema LogiTower permite el almacenamiento eficiente, ergon\u00f3mico y seguro de mercanc\u00edas pesadas: chapa, barras largas, componentes met\u00e1licos, herramientas pesadas y otros elementos.","og_url":"https:\/\/logitower.eu\/es\/","og_site_name":"LogiTower ES","article_modified_time":"2025-07-17T07:09:26+00:00","twitter_card":"summary_large_image","twitter_misc":{"Tiempo de lectura":"9 minutos"},"schema":{"@context":"https:\/\/schema.org","@graph":[{"@type":"WebPage","@id":"https:\/\/logitower.eu\/es\/","url":"https:\/\/logitower.eu\/es\/","name":"Sistema automatizado de almacenamiento de chapa. Almacenaje Autom\u00e1tico | LogiTower","isPartOf":{"@id":"https:\/\/logitower.eu\/es\/#website"},"datePublished":"2020-03-10T14:06:09+00:00","dateModified":"2025-07-17T07:09:26+00:00","description":"El sistema LogiTower permite el almacenamiento eficiente, ergon\u00f3mico y seguro de mercanc\u00edas pesadas: chapa, barras largas, componentes met\u00e1licos, herramientas pesadas y otros elementos.","breadcrumb":{"@id":"https:\/\/logitower.eu\/es\/#breadcrumb"},"inLanguage":"es","potentialAction":[{"@type":"ReadAction","target":["https:\/\/logitower.eu\/es\/"]}]},{"@type":"BreadcrumbList","@id":"https:\/\/logitower.eu\/es\/#breadcrumb","itemListElement":[{"@type":"ListItem","position":1,"name":"Home","item":"https:\/\/logitower.eu\/es\/"},{"@type":"ListItem","position":2,"name":"P\u00e1gina principal"}]},{"@type":"WebSite","@id":"https:\/\/logitower.eu\/es\/#website","url":"https:\/\/logitower.eu\/es\/","name":"LogiTower ES","description":"","potentialAction":[{"@type":"SearchAction","target":{"@type":"EntryPoint","urlTemplate":"https:\/\/logitower.eu\/es\/?s={search_term_string}"},"query-input":{"@type":"PropertyValueSpecification","valueRequired":true,"valueName":"search_term_string"}}],"inLanguage":"es"}]}},"_links":{"self":[{"href":"https:\/\/logitower.eu\/es\/wp-json\/wp\/v2\/pages\/5","targetHints":{"allow":["GET"]}}],"collection":[{"href":"https:\/\/logitower.eu\/es\/wp-json\/wp\/v2\/pages"}],"about":[{"href":"https:\/\/logitower.eu\/es\/wp-json\/wp\/v2\/types\/page"}],"author":[{"embeddable":true,"href":"https:\/\/logitower.eu\/es\/wp-json\/wp\/v2\/users\/1"}],"replies":[{"embeddable":true,"href":"https:\/\/logitower.eu\/es\/wp-json\/wp\/v2\/comments?post=5"}],"version-history":[{"count":53,"href":"https:\/\/logitower.eu\/es\/wp-json\/wp\/v2\/pages\/5\/revisions"}],"predecessor-version":[{"id":1570,"href":"https:\/\/logitower.eu\/es\/wp-json\/wp\/v2\/pages\/5\/revisions\/1570"}],"wp:attachment":[{"href":"https:\/\/logitower.eu\/es\/wp-json\/wp\/v2\/media?parent=5"}],"curies":[{"name":"wp","href":"https:\/\/api.w.org\/{rel}","templated":true}]}}