{"id":174,"date":"2020-03-11T13:59:39","date_gmt":"2020-03-11T12:59:39","guid":{"rendered":"http:\/\/logitower.eu\/?page_id=174"},"modified":"2020-09-17T14:45:50","modified_gmt":"2020-09-17T12:45:50","slug":"contact","status":"publish","type":"page","link":"http:\/\/logitower.eu\/fr\/nous-contacter\/","title":{"rendered":"Nous contacter"},"content":{"rendered":"<p>Nous nous sp\u00e9cialisons dans la conception et l&rsquo;assemblage de syst\u00e8mes de stockage automatiques, tels que la <strong>tour de stockage automatique pour t\u00f4les et produits longs.<\/strong> Avez-vous des questions \u00e0 propos de nos produits et services ? Veuillez nous \u00e9crire en utilisant le formulaire de contact ci-dessous ou directement \u00e0 l&rsquo;adresse <a href=\"mailto:info@logitower.eu\">info@logitower.eu<\/a>.<\/p>\n","protected":false},"excerpt":{"rendered":"<p>Nous nous sp\u00e9cialisons dans la conception et l&rsquo;assemblage de syst\u00e8mes de stockage automatiques, tels que la tour de stockage automatique pour t\u00f4les et produits longs. Avez-vous des questions \u00e0 propos de nos produits et services ? Veuillez nous \u00e9crire en utilisant le formulaire de contact ci-dessous ou directement \u00e0 l&rsquo;adresse info@logitower.eu.<\/p>\n","protected":false},"author":1,"featured_media":0,"parent":0,"menu_order":0,"comment_status":"closed","ping_status":"closed","template":"static.php","meta":{"_acf_changed":false,"inline_featured_image":false,"footnotes":""},"class_list":["post-174","page","type-page","status-publish","hentry"],"acf":[],"yoast_head":"<!-- This site is optimized with the Yoast SEO plugin v27.3 - https:\/\/yoast.com\/product\/yoast-seo-wordpress\/ -->\n<title>Nous contacter - LogiTower FR<\/title>\n<meta name=\"description\" content=\"Nous sommes sp\u00e9cialis\u00e9s dans la conception et la mise en \u0153uvre de syst\u00e8mes de stockage innovatifs, tels que LogiTower \u2013 un syst\u00e8me de stockage automatique pour t\u00f4les et \u00e9l\u00e9ments longs. Vous avez des questions sur notre produit? \u00c9crivez-nous en utilisant le formulaire de contact ci-dessous ou directement sur info@logitower.eu.\" \/>\n<meta name=\"robots\" content=\"index, follow, max-snippet:-1, max-image-preview:large, max-video-preview:-1\" \/>\n<link rel=\"canonical\" href=\"http:\/\/logitower.eu\/fr\/nous-contacter\/\" \/>\n<meta property=\"og:locale\" content=\"fr_FR\" \/>\n<meta property=\"og:type\" content=\"article\" \/>\n<meta property=\"og:title\" content=\"Nous contacter - LogiTower FR\" \/>\n<meta property=\"og:description\" content=\"Nous sommes sp\u00e9cialis\u00e9s dans la conception et la mise en \u0153uvre de syst\u00e8mes de stockage innovatifs, tels que LogiTower \u2013 un syst\u00e8me de stockage automatique pour t\u00f4les et \u00e9l\u00e9ments longs. Vous avez des questions sur notre produit? \u00c9crivez-nous en utilisant le formulaire de contact ci-dessous ou directement sur info@logitower.eu.\" \/>\n<meta property=\"og:url\" content=\"http:\/\/logitower.eu\/fr\/nous-contacter\/\" \/>\n<meta property=\"og:site_name\" content=\"LogiTower FR\" \/>\n<meta property=\"article:modified_time\" content=\"2020-09-17T12:45:50+00:00\" \/>\n<meta name=\"twitter:card\" content=\"summary_large_image\" \/>\n<script type=\"application\/ld+json\" class=\"yoast-schema-graph\">{\"@context\":\"https:\\\/\\\/schema.org\",\"@graph\":[{\"@type\":\"WebPage\",\"@id\":\"http:\\\/\\\/logitower.eu\\\/fr\\\/nous-contacter\\\/\",\"url\":\"http:\\\/\\\/logitower.eu\\\/fr\\\/nous-contacter\\\/\",\"name\":\"Nous contacter - LogiTower FR\",\"isPartOf\":{\"@id\":\"https:\\\/\\\/logitower.eu\\\/fr\\\/#website\"},\"datePublished\":\"2020-03-11T12:59:39+00:00\",\"dateModified\":\"2020-09-17T12:45:50+00:00\",\"description\":\"Nous sommes sp\u00e9cialis\u00e9s dans la conception et la mise en \u0153uvre de syst\u00e8mes de stockage innovatifs, tels que LogiTower \u2013 un syst\u00e8me de stockage automatique pour t\u00f4les et \u00e9l\u00e9ments longs. Vous avez des questions sur notre produit? \u00c9crivez-nous en utilisant le formulaire de contact ci-dessous ou directement sur info@logitower.eu.\",\"breadcrumb\":{\"@id\":\"http:\\\/\\\/logitower.eu\\\/fr\\\/nous-contacter\\\/#breadcrumb\"},\"inLanguage\":\"fr-FR\",\"potentialAction\":[{\"@type\":\"ReadAction\",\"target\":[\"http:\\\/\\\/logitower.eu\\\/fr\\\/nous-contacter\\\/\"]}]},{\"@type\":\"BreadcrumbList\",\"@id\":\"http:\\\/\\\/logitower.eu\\\/fr\\\/nous-contacter\\\/#breadcrumb\",\"itemListElement\":[{\"@type\":\"ListItem\",\"position\":1,\"name\":\"Home\",\"item\":\"https:\\\/\\\/logitower.eu\\\/fr\\\/\"},{\"@type\":\"ListItem\",\"position\":2,\"name\":\"Nous contacter\"}]},{\"@type\":\"WebSite\",\"@id\":\"https:\\\/\\\/logitower.eu\\\/fr\\\/#website\",\"url\":\"https:\\\/\\\/logitower.eu\\\/fr\\\/\",\"name\":\"LogiTower FR\",\"description\":\"\",\"potentialAction\":[{\"@type\":\"SearchAction\",\"target\":{\"@type\":\"EntryPoint\",\"urlTemplate\":\"https:\\\/\\\/logitower.eu\\\/fr\\\/?s={search_term_string}\"},\"query-input\":{\"@type\":\"PropertyValueSpecification\",\"valueRequired\":true,\"valueName\":\"search_term_string\"}}],\"inLanguage\":\"fr-FR\"}]}<\/script>\n<!-- \/ Yoast SEO plugin. -->","yoast_head_json":{"title":"Nous contacter - LogiTower FR","description":"Nous sommes sp\u00e9cialis\u00e9s dans la conception et la mise en \u0153uvre de syst\u00e8mes de stockage innovatifs, tels que LogiTower \u2013 un syst\u00e8me de stockage automatique pour t\u00f4les et \u00e9l\u00e9ments longs. Vous avez des questions sur notre produit? \u00c9crivez-nous en utilisant le formulaire de contact ci-dessous ou directement sur info@logitower.eu.","robots":{"index":"index","follow":"follow","max-snippet":"max-snippet:-1","max-image-preview":"max-image-preview:large","max-video-preview":"max-video-preview:-1"},"canonical":"http:\/\/logitower.eu\/fr\/nous-contacter\/","og_locale":"fr_FR","og_type":"article","og_title":"Nous contacter - LogiTower FR","og_description":"Nous sommes sp\u00e9cialis\u00e9s dans la conception et la mise en \u0153uvre de syst\u00e8mes de stockage innovatifs, tels que LogiTower \u2013 un syst\u00e8me de stockage automatique pour t\u00f4les et \u00e9l\u00e9ments longs. Vous avez des questions sur notre produit? \u00c9crivez-nous en utilisant le formulaire de contact ci-dessous ou directement sur info@logitower.eu.","og_url":"http:\/\/logitower.eu\/fr\/nous-contacter\/","og_site_name":"LogiTower FR","article_modified_time":"2020-09-17T12:45:50+00:00","twitter_card":"summary_large_image","schema":{"@context":"https:\/\/schema.org","@graph":[{"@type":"WebPage","@id":"http:\/\/logitower.eu\/fr\/nous-contacter\/","url":"http:\/\/logitower.eu\/fr\/nous-contacter\/","name":"Nous contacter - LogiTower FR","isPartOf":{"@id":"https:\/\/logitower.eu\/fr\/#website"},"datePublished":"2020-03-11T12:59:39+00:00","dateModified":"2020-09-17T12:45:50+00:00","description":"Nous sommes sp\u00e9cialis\u00e9s dans la conception et la mise en \u0153uvre de syst\u00e8mes de stockage innovatifs, tels que LogiTower \u2013 un syst\u00e8me de stockage automatique pour t\u00f4les et \u00e9l\u00e9ments longs. Vous avez des questions sur notre produit? \u00c9crivez-nous en utilisant le formulaire de contact ci-dessous ou directement sur info@logitower.eu.","breadcrumb":{"@id":"http:\/\/logitower.eu\/fr\/nous-contacter\/#breadcrumb"},"inLanguage":"fr-FR","potentialAction":[{"@type":"ReadAction","target":["http:\/\/logitower.eu\/fr\/nous-contacter\/"]}]},{"@type":"BreadcrumbList","@id":"http:\/\/logitower.eu\/fr\/nous-contacter\/#breadcrumb","itemListElement":[{"@type":"ListItem","position":1,"name":"Home","item":"https:\/\/logitower.eu\/fr\/"},{"@type":"ListItem","position":2,"name":"Nous contacter"}]},{"@type":"WebSite","@id":"https:\/\/logitower.eu\/fr\/#website","url":"https:\/\/logitower.eu\/fr\/","name":"LogiTower FR","description":"","potentialAction":[{"@type":"SearchAction","target":{"@type":"EntryPoint","urlTemplate":"https:\/\/logitower.eu\/fr\/?s={search_term_string}"},"query-input":{"@type":"PropertyValueSpecification","valueRequired":true,"valueName":"search_term_string"}}],"inLanguage":"fr-FR"}]}},"_links":{"self":[{"href":"https:\/\/logitower.eu\/fr\/wp-json\/wp\/v2\/pages\/174","targetHints":{"allow":["GET"]}}],"collection":[{"href":"https:\/\/logitower.eu\/fr\/wp-json\/wp\/v2\/pages"}],"about":[{"href":"https:\/\/logitower.eu\/fr\/wp-json\/wp\/v2\/types\/page"}],"author":[{"embeddable":true,"href":"https:\/\/logitower.eu\/fr\/wp-json\/wp\/v2\/users\/1"}],"replies":[{"embeddable":true,"href":"https:\/\/logitower.eu\/fr\/wp-json\/wp\/v2\/comments?post=174"}],"version-history":[{"count":10,"href":"https:\/\/logitower.eu\/fr\/wp-json\/wp\/v2\/pages\/174\/revisions"}],"predecessor-version":[{"id":729,"href":"https:\/\/logitower.eu\/fr\/wp-json\/wp\/v2\/pages\/174\/revisions\/729"}],"wp:attachment":[{"href":"https:\/\/logitower.eu\/fr\/wp-json\/wp\/v2\/media?parent=174"}],"curies":[{"name":"wp","href":"https:\/\/api.w.org\/{rel}","templated":true}]}}