{"id":296,"date":"2020-03-16T09:35:22","date_gmt":"2020-03-16T08:35:22","guid":{"rendered":"http:\/\/logitower.eu\/?page_id=296"},"modified":"2025-07-17T09:41:50","modified_gmt":"2025-07-17T07:41:50","slug":"produits","status":"publish","type":"page","link":"http:\/\/logitower.eu\/fr\/liste-des-produits\/","title":{"rendered":"Liste des produits"},"content":{"rendered":"","protected":false},"excerpt":{"rendered":"","protected":false},"author":1,"featured_media":0,"parent":0,"menu_order":0,"comment_status":"closed","ping_status":"closed","template":"archive-products.php","meta":{"_acf_changed":false,"inline_featured_image":false,"footnotes":""},"class_list":["post-296","page","type-page","status-publish","hentry"],"acf":[],"yoast_head":"<!-- This site is optimized with the Yoast SEO plugin v27.3 - https:\/\/yoast.com\/product\/yoast-seo-wordpress\/ -->\n<title>Liste des produits - LogiTower FR<\/title>\n<meta name=\"description\" content=\"Le magasin automatique pour t\u00f4les et produits longs LogiTower est une solution con\u00e7ue pour stocker des marchandises lourdes, longues et volumineuses. Le syst\u00e8me de stockage automatique LogiTower permet un stockage \u00e9conomique, ergonomique et s\u00fbr des t\u00f4les, des profil\u00e9s, des barres et tubes, des panneaux, des composants m\u00e9talliques, des outils et toute autre marchandise pesant jusqu\u2019\u00e0 8 tonnes par \u00e9tag\u00e8re et d\u2019une largeur allant jusqu\u2019\u00e0 12 m\u00e8tres.\" \/>\n<meta name=\"robots\" content=\"index, follow, max-snippet:-1, max-image-preview:large, max-video-preview:-1\" \/>\n<link rel=\"canonical\" href=\"http:\/\/logitower.eu\/fr\/liste-des-produits\/\" \/>\n<meta property=\"og:locale\" content=\"fr_FR\" \/>\n<meta property=\"og:type\" content=\"article\" \/>\n<meta property=\"og:title\" content=\"Liste des produits - LogiTower FR\" \/>\n<meta property=\"og:description\" content=\"Le magasin automatique pour t\u00f4les et produits longs LogiTower est une solution con\u00e7ue pour stocker des marchandises lourdes, longues et volumineuses. Le syst\u00e8me de stockage automatique LogiTower permet un stockage \u00e9conomique, ergonomique et s\u00fbr des t\u00f4les, des profil\u00e9s, des barres et tubes, des panneaux, des composants m\u00e9talliques, des outils et toute autre marchandise pesant jusqu\u2019\u00e0 8 tonnes par \u00e9tag\u00e8re et d\u2019une largeur allant jusqu\u2019\u00e0 12 m\u00e8tres.\" \/>\n<meta property=\"og:url\" content=\"http:\/\/logitower.eu\/fr\/liste-des-produits\/\" \/>\n<meta property=\"og:site_name\" content=\"LogiTower FR\" \/>\n<meta property=\"article:modified_time\" content=\"2025-07-17T07:41:50+00:00\" \/>\n<meta name=\"twitter:card\" content=\"summary_large_image\" \/>\n<meta name=\"twitter:label1\" content=\"Dur\u00e9e de lecture estim\u00e9e\" \/>\n\t<meta name=\"twitter:data1\" content=\"2 minutes\" \/>\n<script type=\"application\/ld+json\" class=\"yoast-schema-graph\">{\"@context\":\"https:\\\/\\\/schema.org\",\"@graph\":[{\"@type\":\"WebPage\",\"@id\":\"http:\\\/\\\/logitower.eu\\\/fr\\\/liste-des-produits\\\/\",\"url\":\"http:\\\/\\\/logitower.eu\\\/fr\\\/liste-des-produits\\\/\",\"name\":\"Liste des produits - LogiTower FR\",\"isPartOf\":{\"@id\":\"https:\\\/\\\/logitower.eu\\\/fr\\\/#website\"},\"datePublished\":\"2020-03-16T08:35:22+00:00\",\"dateModified\":\"2025-07-17T07:41:50+00:00\",\"description\":\"Le magasin automatique pour t\u00f4les et produits longs LogiTower est une solution con\u00e7ue pour stocker des marchandises lourdes, longues et volumineuses. Le syst\u00e8me de stockage automatique LogiTower permet un stockage \u00e9conomique, ergonomique et s\u00fbr des t\u00f4les, des profil\u00e9s, des barres et tubes, des panneaux, des composants m\u00e9talliques, des outils et toute autre marchandise pesant jusqu\u2019\u00e0 8 tonnes par \u00e9tag\u00e8re et d\u2019une largeur allant jusqu\u2019\u00e0 12 m\u00e8tres.\",\"breadcrumb\":{\"@id\":\"http:\\\/\\\/logitower.eu\\\/fr\\\/liste-des-produits\\\/#breadcrumb\"},\"inLanguage\":\"fr-FR\",\"potentialAction\":[{\"@type\":\"ReadAction\",\"target\":[\"http:\\\/\\\/logitower.eu\\\/fr\\\/liste-des-produits\\\/\"]}]},{\"@type\":\"BreadcrumbList\",\"@id\":\"http:\\\/\\\/logitower.eu\\\/fr\\\/liste-des-produits\\\/#breadcrumb\",\"itemListElement\":[{\"@type\":\"ListItem\",\"position\":1,\"name\":\"Home\",\"item\":\"https:\\\/\\\/logitower.eu\\\/fr\\\/\"},{\"@type\":\"ListItem\",\"position\":2,\"name\":\"Liste des produits\"}]},{\"@type\":\"WebSite\",\"@id\":\"https:\\\/\\\/logitower.eu\\\/fr\\\/#website\",\"url\":\"https:\\\/\\\/logitower.eu\\\/fr\\\/\",\"name\":\"LogiTower FR\",\"description\":\"\",\"potentialAction\":[{\"@type\":\"SearchAction\",\"target\":{\"@type\":\"EntryPoint\",\"urlTemplate\":\"https:\\\/\\\/logitower.eu\\\/fr\\\/?s={search_term_string}\"},\"query-input\":{\"@type\":\"PropertyValueSpecification\",\"valueRequired\":true,\"valueName\":\"search_term_string\"}}],\"inLanguage\":\"fr-FR\"}]}<\/script>\n<!-- \/ Yoast SEO plugin. -->","yoast_head_json":{"title":"Liste des produits - LogiTower FR","description":"Le magasin automatique pour t\u00f4les et produits longs LogiTower est une solution con\u00e7ue pour stocker des marchandises lourdes, longues et volumineuses. Le syst\u00e8me de stockage automatique LogiTower permet un stockage \u00e9conomique, ergonomique et s\u00fbr des t\u00f4les, des profil\u00e9s, des barres et tubes, des panneaux, des composants m\u00e9talliques, des outils et toute autre marchandise pesant jusqu\u2019\u00e0 8 tonnes par \u00e9tag\u00e8re et d\u2019une largeur allant jusqu\u2019\u00e0 12 m\u00e8tres.","robots":{"index":"index","follow":"follow","max-snippet":"max-snippet:-1","max-image-preview":"max-image-preview:large","max-video-preview":"max-video-preview:-1"},"canonical":"http:\/\/logitower.eu\/fr\/liste-des-produits\/","og_locale":"fr_FR","og_type":"article","og_title":"Liste des produits - LogiTower FR","og_description":"Le magasin automatique pour t\u00f4les et produits longs LogiTower est une solution con\u00e7ue pour stocker des marchandises lourdes, longues et volumineuses. Le syst\u00e8me de stockage automatique LogiTower permet un stockage \u00e9conomique, ergonomique et s\u00fbr des t\u00f4les, des profil\u00e9s, des barres et tubes, des panneaux, des composants m\u00e9talliques, des outils et toute autre marchandise pesant jusqu\u2019\u00e0 8 tonnes par \u00e9tag\u00e8re et d\u2019une largeur allant jusqu\u2019\u00e0 12 m\u00e8tres.","og_url":"http:\/\/logitower.eu\/fr\/liste-des-produits\/","og_site_name":"LogiTower FR","article_modified_time":"2025-07-17T07:41:50+00:00","twitter_card":"summary_large_image","twitter_misc":{"Dur\u00e9e de lecture estim\u00e9e":"2 minutes"},"schema":{"@context":"https:\/\/schema.org","@graph":[{"@type":"WebPage","@id":"http:\/\/logitower.eu\/fr\/liste-des-produits\/","url":"http:\/\/logitower.eu\/fr\/liste-des-produits\/","name":"Liste des produits - LogiTower FR","isPartOf":{"@id":"https:\/\/logitower.eu\/fr\/#website"},"datePublished":"2020-03-16T08:35:22+00:00","dateModified":"2025-07-17T07:41:50+00:00","description":"Le magasin automatique pour t\u00f4les et produits longs LogiTower est une solution con\u00e7ue pour stocker des marchandises lourdes, longues et volumineuses. Le syst\u00e8me de stockage automatique LogiTower permet un stockage \u00e9conomique, ergonomique et s\u00fbr des t\u00f4les, des profil\u00e9s, des barres et tubes, des panneaux, des composants m\u00e9talliques, des outils et toute autre marchandise pesant jusqu\u2019\u00e0 8 tonnes par \u00e9tag\u00e8re et d\u2019une largeur allant jusqu\u2019\u00e0 12 m\u00e8tres.","breadcrumb":{"@id":"http:\/\/logitower.eu\/fr\/liste-des-produits\/#breadcrumb"},"inLanguage":"fr-FR","potentialAction":[{"@type":"ReadAction","target":["http:\/\/logitower.eu\/fr\/liste-des-produits\/"]}]},{"@type":"BreadcrumbList","@id":"http:\/\/logitower.eu\/fr\/liste-des-produits\/#breadcrumb","itemListElement":[{"@type":"ListItem","position":1,"name":"Home","item":"https:\/\/logitower.eu\/fr\/"},{"@type":"ListItem","position":2,"name":"Liste des produits"}]},{"@type":"WebSite","@id":"https:\/\/logitower.eu\/fr\/#website","url":"https:\/\/logitower.eu\/fr\/","name":"LogiTower FR","description":"","potentialAction":[{"@type":"SearchAction","target":{"@type":"EntryPoint","urlTemplate":"https:\/\/logitower.eu\/fr\/?s={search_term_string}"},"query-input":{"@type":"PropertyValueSpecification","valueRequired":true,"valueName":"search_term_string"}}],"inLanguage":"fr-FR"}]}},"_links":{"self":[{"href":"https:\/\/logitower.eu\/fr\/wp-json\/wp\/v2\/pages\/296","targetHints":{"allow":["GET"]}}],"collection":[{"href":"https:\/\/logitower.eu\/fr\/wp-json\/wp\/v2\/pages"}],"about":[{"href":"https:\/\/logitower.eu\/fr\/wp-json\/wp\/v2\/types\/page"}],"author":[{"embeddable":true,"href":"https:\/\/logitower.eu\/fr\/wp-json\/wp\/v2\/users\/1"}],"replies":[{"embeddable":true,"href":"https:\/\/logitower.eu\/fr\/wp-json\/wp\/v2\/comments?post=296"}],"version-history":[{"count":24,"href":"https:\/\/logitower.eu\/fr\/wp-json\/wp\/v2\/pages\/296\/revisions"}],"predecessor-version":[{"id":1623,"href":"https:\/\/logitower.eu\/fr\/wp-json\/wp\/v2\/pages\/296\/revisions\/1623"}],"wp:attachment":[{"href":"https:\/\/logitower.eu\/fr\/wp-json\/wp\/v2\/media?parent=296"}],"curies":[{"name":"wp","href":"https:\/\/api.w.org\/{rel}","templated":true}]}}