{"id":5,"date":"2020-03-10T15:06:09","date_gmt":"2020-03-10T14:06:09","guid":{"rendered":"http:\/\/logitower.eu\/?page_id=5"},"modified":"2026-04-03T09:48:44","modified_gmt":"2026-04-03T07:48:44","slug":"page-daccueil","status":"publish","type":"page","link":"https:\/\/logitower.eu\/fr\/","title":{"rendered":"Page d&rsquo;accueil"},"content":{"rendered":"","protected":false},"excerpt":{"rendered":"","protected":false},"author":1,"featured_media":0,"parent":0,"menu_order":0,"comment_status":"closed","ping_status":"closed","template":"homepage.php","meta":{"_acf_changed":false,"inline_featured_image":false,"footnotes":""},"class_list":["post-5","page","type-page","status-publish","hentry"],"acf":[],"yoast_head":"<!-- This site is optimized with the Yoast SEO plugin v27.3 - https:\/\/yoast.com\/product\/yoast-seo-wordpress\/ -->\n<title>Syst\u00e8me automatis\u00e9 de stockage de t\u00f4les. Entreposage automatique | LogiTower<\/title>\n<meta name=\"description\" content=\"Le syst\u00e8me LogiTower permet un stockage efficace, ergonomique et s\u00fbr des marchandises lourdes: t\u00f4le, barres longues, composants m\u00e9talliques, outils lourds et autres \u00e9l\u00e9ments.\" \/>\n<meta name=\"robots\" content=\"index, follow, max-snippet:-1, max-image-preview:large, max-video-preview:-1\" \/>\n<link rel=\"canonical\" href=\"https:\/\/logitower.eu\/fr\/\" \/>\n<meta property=\"og:locale\" content=\"fr_FR\" \/>\n<meta property=\"og:type\" content=\"article\" \/>\n<meta property=\"og:title\" content=\"Syst\u00e8me automatis\u00e9 de stockage de t\u00f4les. Entreposage automatique | LogiTower\" \/>\n<meta property=\"og:description\" content=\"Le syst\u00e8me LogiTower permet un stockage efficace, ergonomique et s\u00fbr des marchandises lourdes: t\u00f4le, barres longues, composants m\u00e9talliques, outils lourds et autres \u00e9l\u00e9ments.\" \/>\n<meta property=\"og:url\" content=\"https:\/\/logitower.eu\/fr\/\" \/>\n<meta property=\"og:site_name\" content=\"LogiTower FR\" \/>\n<meta property=\"article:modified_time\" content=\"2026-04-03T07:48:44+00:00\" \/>\n<meta name=\"twitter:card\" content=\"summary_large_image\" \/>\n<meta name=\"twitter:label1\" content=\"Dur\u00e9e de lecture estim\u00e9e\" \/>\n\t<meta name=\"twitter:data1\" content=\"9 minutes\" \/>\n<script type=\"application\/ld+json\" class=\"yoast-schema-graph\">{\"@context\":\"https:\\\/\\\/schema.org\",\"@graph\":[{\"@type\":\"WebPage\",\"@id\":\"https:\\\/\\\/logitower.eu\\\/fr\\\/\",\"url\":\"https:\\\/\\\/logitower.eu\\\/fr\\\/\",\"name\":\"Syst\u00e8me automatis\u00e9 de stockage de t\u00f4les. Entreposage automatique | LogiTower\",\"isPartOf\":{\"@id\":\"https:\\\/\\\/logitower.eu\\\/fr\\\/#website\"},\"datePublished\":\"2020-03-10T14:06:09+00:00\",\"dateModified\":\"2026-04-03T07:48:44+00:00\",\"description\":\"Le syst\u00e8me LogiTower permet un stockage efficace, ergonomique et s\u00fbr des marchandises lourdes: t\u00f4le, barres longues, composants m\u00e9talliques, outils lourds et autres \u00e9l\u00e9ments.\",\"breadcrumb\":{\"@id\":\"https:\\\/\\\/logitower.eu\\\/fr\\\/#breadcrumb\"},\"inLanguage\":\"fr-FR\",\"potentialAction\":[{\"@type\":\"ReadAction\",\"target\":[\"https:\\\/\\\/logitower.eu\\\/fr\\\/\"]}]},{\"@type\":\"BreadcrumbList\",\"@id\":\"https:\\\/\\\/logitower.eu\\\/fr\\\/#breadcrumb\",\"itemListElement\":[{\"@type\":\"ListItem\",\"position\":1,\"name\":\"Home\",\"item\":\"https:\\\/\\\/logitower.eu\\\/fr\\\/\"},{\"@type\":\"ListItem\",\"position\":2,\"name\":\"Page d&#8217;accueil\"}]},{\"@type\":\"WebSite\",\"@id\":\"https:\\\/\\\/logitower.eu\\\/fr\\\/#website\",\"url\":\"https:\\\/\\\/logitower.eu\\\/fr\\\/\",\"name\":\"LogiTower FR\",\"description\":\"\",\"potentialAction\":[{\"@type\":\"SearchAction\",\"target\":{\"@type\":\"EntryPoint\",\"urlTemplate\":\"https:\\\/\\\/logitower.eu\\\/fr\\\/?s={search_term_string}\"},\"query-input\":{\"@type\":\"PropertyValueSpecification\",\"valueRequired\":true,\"valueName\":\"search_term_string\"}}],\"inLanguage\":\"fr-FR\"}]}<\/script>\n<!-- \/ Yoast SEO plugin. -->","yoast_head_json":{"title":"Syst\u00e8me automatis\u00e9 de stockage de t\u00f4les. Entreposage automatique | LogiTower","description":"Le syst\u00e8me LogiTower permet un stockage efficace, ergonomique et s\u00fbr des marchandises lourdes: t\u00f4le, barres longues, composants m\u00e9talliques, outils lourds et autres \u00e9l\u00e9ments.","robots":{"index":"index","follow":"follow","max-snippet":"max-snippet:-1","max-image-preview":"max-image-preview:large","max-video-preview":"max-video-preview:-1"},"canonical":"https:\/\/logitower.eu\/fr\/","og_locale":"fr_FR","og_type":"article","og_title":"Syst\u00e8me automatis\u00e9 de stockage de t\u00f4les. Entreposage automatique | LogiTower","og_description":"Le syst\u00e8me LogiTower permet un stockage efficace, ergonomique et s\u00fbr des marchandises lourdes: t\u00f4le, barres longues, composants m\u00e9talliques, outils lourds et autres \u00e9l\u00e9ments.","og_url":"https:\/\/logitower.eu\/fr\/","og_site_name":"LogiTower FR","article_modified_time":"2026-04-03T07:48:44+00:00","twitter_card":"summary_large_image","twitter_misc":{"Dur\u00e9e de lecture estim\u00e9e":"9 minutes"},"schema":{"@context":"https:\/\/schema.org","@graph":[{"@type":"WebPage","@id":"https:\/\/logitower.eu\/fr\/","url":"https:\/\/logitower.eu\/fr\/","name":"Syst\u00e8me automatis\u00e9 de stockage de t\u00f4les. Entreposage automatique | LogiTower","isPartOf":{"@id":"https:\/\/logitower.eu\/fr\/#website"},"datePublished":"2020-03-10T14:06:09+00:00","dateModified":"2026-04-03T07:48:44+00:00","description":"Le syst\u00e8me LogiTower permet un stockage efficace, ergonomique et s\u00fbr des marchandises lourdes: t\u00f4le, barres longues, composants m\u00e9talliques, outils lourds et autres \u00e9l\u00e9ments.","breadcrumb":{"@id":"https:\/\/logitower.eu\/fr\/#breadcrumb"},"inLanguage":"fr-FR","potentialAction":[{"@type":"ReadAction","target":["https:\/\/logitower.eu\/fr\/"]}]},{"@type":"BreadcrumbList","@id":"https:\/\/logitower.eu\/fr\/#breadcrumb","itemListElement":[{"@type":"ListItem","position":1,"name":"Home","item":"https:\/\/logitower.eu\/fr\/"},{"@type":"ListItem","position":2,"name":"Page d&#8217;accueil"}]},{"@type":"WebSite","@id":"https:\/\/logitower.eu\/fr\/#website","url":"https:\/\/logitower.eu\/fr\/","name":"LogiTower FR","description":"","potentialAction":[{"@type":"SearchAction","target":{"@type":"EntryPoint","urlTemplate":"https:\/\/logitower.eu\/fr\/?s={search_term_string}"},"query-input":{"@type":"PropertyValueSpecification","valueRequired":true,"valueName":"search_term_string"}}],"inLanguage":"fr-FR"}]}},"_links":{"self":[{"href":"https:\/\/logitower.eu\/fr\/wp-json\/wp\/v2\/pages\/5","targetHints":{"allow":["GET"]}}],"collection":[{"href":"https:\/\/logitower.eu\/fr\/wp-json\/wp\/v2\/pages"}],"about":[{"href":"https:\/\/logitower.eu\/fr\/wp-json\/wp\/v2\/types\/page"}],"author":[{"embeddable":true,"href":"https:\/\/logitower.eu\/fr\/wp-json\/wp\/v2\/users\/1"}],"replies":[{"embeddable":true,"href":"https:\/\/logitower.eu\/fr\/wp-json\/wp\/v2\/comments?post=5"}],"version-history":[{"count":83,"href":"https:\/\/logitower.eu\/fr\/wp-json\/wp\/v2\/pages\/5\/revisions"}],"predecessor-version":[{"id":1681,"href":"https:\/\/logitower.eu\/fr\/wp-json\/wp\/v2\/pages\/5\/revisions\/1681"}],"wp:attachment":[{"href":"https:\/\/logitower.eu\/fr\/wp-json\/wp\/v2\/media?parent=5"}],"curies":[{"name":"wp","href":"https:\/\/api.w.org\/{rel}","templated":true}]}}