{"id":842,"date":"2020-11-05T15:09:25","date_gmt":"2020-11-05T14:09:25","guid":{"rendered":"http:\/\/logitower.eu\/fr\/?page_id=842"},"modified":"2020-11-05T15:09:25","modified_gmt":"2020-11-05T14:09:25","slug":"technique-nous-contacter","status":"publish","type":"page","link":"http:\/\/logitower.eu\/fr\/technique-nous-contacter\/","title":{"rendered":"Technique nous contacter"},"content":{"rendered":"<p>Nous nous sp\u00e9cialisons dans la conception et l\u2019assemblage de syst\u00e8mes de stockage automatiques, tels que la <strong>tour de stockage automatique pour t\u00f4les et produits longs.<\/strong> Avez-vous des questions \u00e0 propos de nos produits et services ? Veuillez nous \u00e9crire en utilisant le formulaire de contact ci-dessous ou directement \u00e0 l\u2019adresse\u00a0<strong>serwis@isl.pl<\/strong>.<\/p>\n","protected":false},"excerpt":{"rendered":"<p>Nous nous sp\u00e9cialisons dans la conception et l\u2019assemblage de syst\u00e8mes de stockage automatiques, tels que la tour de stockage automatique pour t\u00f4les et produits longs. Avez-vous des questions \u00e0 propos de nos produits et services ? Veuillez nous \u00e9crire en utilisant le formulaire de contact ci-dessous ou directement \u00e0 l\u2019adresse\u00a0serwis@isl.pl.<\/p>\n","protected":false},"author":2,"featured_media":0,"parent":0,"menu_order":0,"comment_status":"closed","ping_status":"closed","template":"static.php","meta":{"_acf_changed":false,"inline_featured_image":false,"footnotes":""},"class_list":["post-842","page","type-page","status-publish","hentry"],"acf":[],"yoast_head":"<!-- This site is optimized with the Yoast SEO plugin v27.3 - https:\/\/yoast.com\/product\/yoast-seo-wordpress\/ -->\n<title>Technique nous contacter - LogiTower FR<\/title>\n<meta name=\"robots\" content=\"index, follow, max-snippet:-1, max-image-preview:large, max-video-preview:-1\" \/>\n<link rel=\"canonical\" href=\"http:\/\/logitower.eu\/fr\/technique-nous-contacter\/\" \/>\n<meta property=\"og:locale\" content=\"fr_FR\" \/>\n<meta property=\"og:type\" content=\"article\" \/>\n<meta property=\"og:title\" content=\"Technique nous contacter - LogiTower FR\" \/>\n<meta property=\"og:description\" content=\"Nous nous sp\u00e9cialisons dans la conception et l\u2019assemblage de syst\u00e8mes de stockage automatiques, tels que la tour de stockage automatique pour t\u00f4les et produits longs. Avez-vous des questions \u00e0 propos de nos produits et services ? Veuillez nous \u00e9crire en utilisant le formulaire de contact ci-dessous ou directement \u00e0 l\u2019adresse\u00a0serwis@isl.pl.\" \/>\n<meta property=\"og:url\" content=\"http:\/\/logitower.eu\/fr\/technique-nous-contacter\/\" \/>\n<meta property=\"og:site_name\" content=\"LogiTower FR\" \/>\n<meta name=\"twitter:card\" content=\"summary_large_image\" \/>\n<script type=\"application\/ld+json\" class=\"yoast-schema-graph\">{\"@context\":\"https:\\\/\\\/schema.org\",\"@graph\":[{\"@type\":\"WebPage\",\"@id\":\"http:\\\/\\\/logitower.eu\\\/fr\\\/technique-nous-contacter\\\/\",\"url\":\"http:\\\/\\\/logitower.eu\\\/fr\\\/technique-nous-contacter\\\/\",\"name\":\"Technique nous contacter - LogiTower FR\",\"isPartOf\":{\"@id\":\"https:\\\/\\\/logitower.eu\\\/fr\\\/#website\"},\"datePublished\":\"2020-11-05T14:09:25+00:00\",\"breadcrumb\":{\"@id\":\"http:\\\/\\\/logitower.eu\\\/fr\\\/technique-nous-contacter\\\/#breadcrumb\"},\"inLanguage\":\"fr-FR\",\"potentialAction\":[{\"@type\":\"ReadAction\",\"target\":[\"http:\\\/\\\/logitower.eu\\\/fr\\\/technique-nous-contacter\\\/\"]}]},{\"@type\":\"BreadcrumbList\",\"@id\":\"http:\\\/\\\/logitower.eu\\\/fr\\\/technique-nous-contacter\\\/#breadcrumb\",\"itemListElement\":[{\"@type\":\"ListItem\",\"position\":1,\"name\":\"Home\",\"item\":\"https:\\\/\\\/logitower.eu\\\/fr\\\/\"},{\"@type\":\"ListItem\",\"position\":2,\"name\":\"Technique nous contacter\"}]},{\"@type\":\"WebSite\",\"@id\":\"https:\\\/\\\/logitower.eu\\\/fr\\\/#website\",\"url\":\"https:\\\/\\\/logitower.eu\\\/fr\\\/\",\"name\":\"LogiTower FR\",\"description\":\"\",\"potentialAction\":[{\"@type\":\"SearchAction\",\"target\":{\"@type\":\"EntryPoint\",\"urlTemplate\":\"https:\\\/\\\/logitower.eu\\\/fr\\\/?s={search_term_string}\"},\"query-input\":{\"@type\":\"PropertyValueSpecification\",\"valueRequired\":true,\"valueName\":\"search_term_string\"}}],\"inLanguage\":\"fr-FR\"}]}<\/script>\n<!-- \/ Yoast SEO plugin. -->","yoast_head_json":{"title":"Technique nous contacter - LogiTower FR","robots":{"index":"index","follow":"follow","max-snippet":"max-snippet:-1","max-image-preview":"max-image-preview:large","max-video-preview":"max-video-preview:-1"},"canonical":"http:\/\/logitower.eu\/fr\/technique-nous-contacter\/","og_locale":"fr_FR","og_type":"article","og_title":"Technique nous contacter - LogiTower FR","og_description":"Nous nous sp\u00e9cialisons dans la conception et l\u2019assemblage de syst\u00e8mes de stockage automatiques, tels que la tour de stockage automatique pour t\u00f4les et produits longs. Avez-vous des questions \u00e0 propos de nos produits et services ? Veuillez nous \u00e9crire en utilisant le formulaire de contact ci-dessous ou directement \u00e0 l\u2019adresse\u00a0serwis@isl.pl.","og_url":"http:\/\/logitower.eu\/fr\/technique-nous-contacter\/","og_site_name":"LogiTower FR","twitter_card":"summary_large_image","schema":{"@context":"https:\/\/schema.org","@graph":[{"@type":"WebPage","@id":"http:\/\/logitower.eu\/fr\/technique-nous-contacter\/","url":"http:\/\/logitower.eu\/fr\/technique-nous-contacter\/","name":"Technique nous contacter - LogiTower FR","isPartOf":{"@id":"https:\/\/logitower.eu\/fr\/#website"},"datePublished":"2020-11-05T14:09:25+00:00","breadcrumb":{"@id":"http:\/\/logitower.eu\/fr\/technique-nous-contacter\/#breadcrumb"},"inLanguage":"fr-FR","potentialAction":[{"@type":"ReadAction","target":["http:\/\/logitower.eu\/fr\/technique-nous-contacter\/"]}]},{"@type":"BreadcrumbList","@id":"http:\/\/logitower.eu\/fr\/technique-nous-contacter\/#breadcrumb","itemListElement":[{"@type":"ListItem","position":1,"name":"Home","item":"https:\/\/logitower.eu\/fr\/"},{"@type":"ListItem","position":2,"name":"Technique nous contacter"}]},{"@type":"WebSite","@id":"https:\/\/logitower.eu\/fr\/#website","url":"https:\/\/logitower.eu\/fr\/","name":"LogiTower FR","description":"","potentialAction":[{"@type":"SearchAction","target":{"@type":"EntryPoint","urlTemplate":"https:\/\/logitower.eu\/fr\/?s={search_term_string}"},"query-input":{"@type":"PropertyValueSpecification","valueRequired":true,"valueName":"search_term_string"}}],"inLanguage":"fr-FR"}]}},"_links":{"self":[{"href":"https:\/\/logitower.eu\/fr\/wp-json\/wp\/v2\/pages\/842","targetHints":{"allow":["GET"]}}],"collection":[{"href":"https:\/\/logitower.eu\/fr\/wp-json\/wp\/v2\/pages"}],"about":[{"href":"https:\/\/logitower.eu\/fr\/wp-json\/wp\/v2\/types\/page"}],"author":[{"embeddable":true,"href":"https:\/\/logitower.eu\/fr\/wp-json\/wp\/v2\/users\/2"}],"replies":[{"embeddable":true,"href":"https:\/\/logitower.eu\/fr\/wp-json\/wp\/v2\/comments?post=842"}],"version-history":[{"count":1,"href":"https:\/\/logitower.eu\/fr\/wp-json\/wp\/v2\/pages\/842\/revisions"}],"predecessor-version":[{"id":843,"href":"https:\/\/logitower.eu\/fr\/wp-json\/wp\/v2\/pages\/842\/revisions\/843"}],"wp:attachment":[{"href":"https:\/\/logitower.eu\/fr\/wp-json\/wp\/v2\/media?parent=842"}],"curies":[{"name":"wp","href":"https:\/\/api.w.org\/{rel}","templated":true}]}}