{"id":174,"date":"2020-03-11T13:59:39","date_gmt":"2020-03-11T12:59:39","guid":{"rendered":"http:\/\/logitower.eu\/?page_id=174"},"modified":"2025-07-16T14:33:41","modified_gmt":"2025-07-16T12:33:41","slug":"kapcsolat","status":"publish","type":"page","link":"http:\/\/logitower.eu\/hu\/kapcsolat\/","title":{"rendered":"Kapcsolat"},"content":{"rendered":"<p>Szakter\u00fclet\u00fcnk az automatiz\u00e1lt t\u00e1rol\u00f3rendszerek tervez\u00e9s\u00e9re \u00e9s kivitelez\u00e9s\u00e9re, bele\u00e9rtve <strong>LogiTower \u2013 automata rack lemezekhez \u00e9s napl\u00f3khoz<\/strong>. K\u00e9rd\u00e9se van a term\u00e9k\u00fcnkr\u0151l? \u00cdrjon nek\u00fcnk az al\u00e1bbi \u0171rlapon vagy k\u00f6zvetlen\u00fcl az info@logitower.eu c\u00edmen.<\/p>\n","protected":false},"excerpt":{"rendered":"<p>Szakter\u00fclet\u00fcnk az automatiz\u00e1lt t\u00e1rol\u00f3rendszerek tervez\u00e9s\u00e9re \u00e9s kivitelez\u00e9s\u00e9re, bele\u00e9rtve LogiTower \u2013 automata rack lemezekhez \u00e9s napl\u00f3khoz. K\u00e9rd\u00e9se van a term\u00e9k\u00fcnkr\u0151l? \u00cdrjon nek\u00fcnk az al\u00e1bbi \u0171rlapon vagy k\u00f6zvetlen\u00fcl az info@logitower.eu c\u00edmen.<\/p>\n","protected":false},"author":1,"featured_media":0,"parent":0,"menu_order":0,"comment_status":"closed","ping_status":"closed","template":"static.php","meta":{"_acf_changed":false,"inline_featured_image":false,"footnotes":""},"class_list":["post-174","page","type-page","status-publish","hentry"],"acf":[],"yoast_head":"<!-- This site is optimized with the Yoast SEO plugin v27.3 - https:\/\/yoast.com\/product\/yoast-seo-wordpress\/ -->\n<title>Kapcsolat - LogiTower HU<\/title>\n<meta name=\"description\" content=\"Szakter\u00fclet\u00fcnk az automatiz\u00e1lt t\u00e1rol\u00f3rendszerek tervez\u00e9s\u00e9re \u00e9s kivitelez\u00e9s\u00e9re, bele\u00e9rtve LogiTower automata rack lemezekhez \u00e9s napl\u00f3khoz. K\u00e9rd\u00e9se van a term\u00e9k\u00fcnkr\u0151l? \u00cdrjon nek\u00fcnk az al\u00e1bbi \u0171rlapon vagy k\u00f6zvetlen\u00fcl az info@logitower.eu c\u00edmen.\" \/>\n<meta name=\"robots\" content=\"index, follow, max-snippet:-1, max-image-preview:large, max-video-preview:-1\" \/>\n<link rel=\"canonical\" href=\"http:\/\/logitower.eu\/hu\/kapcsolat\/\" \/>\n<meta property=\"og:locale\" content=\"hu_HU\" \/>\n<meta property=\"og:type\" content=\"article\" \/>\n<meta property=\"og:title\" content=\"Kapcsolat - LogiTower HU\" \/>\n<meta property=\"og:description\" content=\"Szakter\u00fclet\u00fcnk az automatiz\u00e1lt t\u00e1rol\u00f3rendszerek tervez\u00e9s\u00e9re \u00e9s kivitelez\u00e9s\u00e9re, bele\u00e9rtve LogiTower automata rack lemezekhez \u00e9s napl\u00f3khoz. K\u00e9rd\u00e9se van a term\u00e9k\u00fcnkr\u0151l? \u00cdrjon nek\u00fcnk az al\u00e1bbi \u0171rlapon vagy k\u00f6zvetlen\u00fcl az info@logitower.eu c\u00edmen.\" \/>\n<meta property=\"og:url\" content=\"http:\/\/logitower.eu\/hu\/kapcsolat\/\" \/>\n<meta property=\"og:site_name\" content=\"LogiTower HU\" \/>\n<meta property=\"article:modified_time\" content=\"2025-07-16T12:33:41+00:00\" \/>\n<meta name=\"twitter:card\" content=\"summary_large_image\" \/>\n<meta name=\"twitter:label1\" content=\"Becs\u00fclt olvas\u00e1si id\u0151\" \/>\n\t<meta name=\"twitter:data1\" content=\"1 perc\" \/>\n<script type=\"application\/ld+json\" class=\"yoast-schema-graph\">{\"@context\":\"https:\\\/\\\/schema.org\",\"@graph\":[{\"@type\":\"WebPage\",\"@id\":\"http:\\\/\\\/logitower.eu\\\/hu\\\/kapcsolat\\\/\",\"url\":\"http:\\\/\\\/logitower.eu\\\/hu\\\/kapcsolat\\\/\",\"name\":\"Kapcsolat - LogiTower HU\",\"isPartOf\":{\"@id\":\"https:\\\/\\\/logitower.eu\\\/hu\\\/#website\"},\"datePublished\":\"2020-03-11T12:59:39+00:00\",\"dateModified\":\"2025-07-16T12:33:41+00:00\",\"description\":\"Szakter\u00fclet\u00fcnk az automatiz\u00e1lt t\u00e1rol\u00f3rendszerek tervez\u00e9s\u00e9re \u00e9s kivitelez\u00e9s\u00e9re, bele\u00e9rtve LogiTower automata rack lemezekhez \u00e9s napl\u00f3khoz. K\u00e9rd\u00e9se van a term\u00e9k\u00fcnkr\u0151l? \u00cdrjon nek\u00fcnk az al\u00e1bbi \u0171rlapon vagy k\u00f6zvetlen\u00fcl az info@logitower.eu c\u00edmen.\",\"breadcrumb\":{\"@id\":\"http:\\\/\\\/logitower.eu\\\/hu\\\/kapcsolat\\\/#breadcrumb\"},\"inLanguage\":\"hu\",\"potentialAction\":[{\"@type\":\"ReadAction\",\"target\":[\"http:\\\/\\\/logitower.eu\\\/hu\\\/kapcsolat\\\/\"]}]},{\"@type\":\"BreadcrumbList\",\"@id\":\"http:\\\/\\\/logitower.eu\\\/hu\\\/kapcsolat\\\/#breadcrumb\",\"itemListElement\":[{\"@type\":\"ListItem\",\"position\":1,\"name\":\"Home\",\"item\":\"https:\\\/\\\/logitower.eu\\\/hu\\\/\"},{\"@type\":\"ListItem\",\"position\":2,\"name\":\"Kapcsolat\"}]},{\"@type\":\"WebSite\",\"@id\":\"https:\\\/\\\/logitower.eu\\\/hu\\\/#website\",\"url\":\"https:\\\/\\\/logitower.eu\\\/hu\\\/\",\"name\":\"LogiTower HU\",\"description\":\"\",\"potentialAction\":[{\"@type\":\"SearchAction\",\"target\":{\"@type\":\"EntryPoint\",\"urlTemplate\":\"https:\\\/\\\/logitower.eu\\\/hu\\\/?s={search_term_string}\"},\"query-input\":{\"@type\":\"PropertyValueSpecification\",\"valueRequired\":true,\"valueName\":\"search_term_string\"}}],\"inLanguage\":\"hu\"}]}<\/script>\n<!-- \/ Yoast SEO plugin. -->","yoast_head_json":{"title":"Kapcsolat - LogiTower HU","description":"Szakter\u00fclet\u00fcnk az automatiz\u00e1lt t\u00e1rol\u00f3rendszerek tervez\u00e9s\u00e9re \u00e9s kivitelez\u00e9s\u00e9re, bele\u00e9rtve LogiTower automata rack lemezekhez \u00e9s napl\u00f3khoz. K\u00e9rd\u00e9se van a term\u00e9k\u00fcnkr\u0151l? \u00cdrjon nek\u00fcnk az al\u00e1bbi \u0171rlapon vagy k\u00f6zvetlen\u00fcl az info@logitower.eu c\u00edmen.","robots":{"index":"index","follow":"follow","max-snippet":"max-snippet:-1","max-image-preview":"max-image-preview:large","max-video-preview":"max-video-preview:-1"},"canonical":"http:\/\/logitower.eu\/hu\/kapcsolat\/","og_locale":"hu_HU","og_type":"article","og_title":"Kapcsolat - LogiTower HU","og_description":"Szakter\u00fclet\u00fcnk az automatiz\u00e1lt t\u00e1rol\u00f3rendszerek tervez\u00e9s\u00e9re \u00e9s kivitelez\u00e9s\u00e9re, bele\u00e9rtve LogiTower automata rack lemezekhez \u00e9s napl\u00f3khoz. K\u00e9rd\u00e9se van a term\u00e9k\u00fcnkr\u0151l? \u00cdrjon nek\u00fcnk az al\u00e1bbi \u0171rlapon vagy k\u00f6zvetlen\u00fcl az info@logitower.eu c\u00edmen.","og_url":"http:\/\/logitower.eu\/hu\/kapcsolat\/","og_site_name":"LogiTower HU","article_modified_time":"2025-07-16T12:33:41+00:00","twitter_card":"summary_large_image","twitter_misc":{"Becs\u00fclt olvas\u00e1si id\u0151":"1 perc"},"schema":{"@context":"https:\/\/schema.org","@graph":[{"@type":"WebPage","@id":"http:\/\/logitower.eu\/hu\/kapcsolat\/","url":"http:\/\/logitower.eu\/hu\/kapcsolat\/","name":"Kapcsolat - LogiTower HU","isPartOf":{"@id":"https:\/\/logitower.eu\/hu\/#website"},"datePublished":"2020-03-11T12:59:39+00:00","dateModified":"2025-07-16T12:33:41+00:00","description":"Szakter\u00fclet\u00fcnk az automatiz\u00e1lt t\u00e1rol\u00f3rendszerek tervez\u00e9s\u00e9re \u00e9s kivitelez\u00e9s\u00e9re, bele\u00e9rtve LogiTower automata rack lemezekhez \u00e9s napl\u00f3khoz. K\u00e9rd\u00e9se van a term\u00e9k\u00fcnkr\u0151l? \u00cdrjon nek\u00fcnk az al\u00e1bbi \u0171rlapon vagy k\u00f6zvetlen\u00fcl az info@logitower.eu c\u00edmen.","breadcrumb":{"@id":"http:\/\/logitower.eu\/hu\/kapcsolat\/#breadcrumb"},"inLanguage":"hu","potentialAction":[{"@type":"ReadAction","target":["http:\/\/logitower.eu\/hu\/kapcsolat\/"]}]},{"@type":"BreadcrumbList","@id":"http:\/\/logitower.eu\/hu\/kapcsolat\/#breadcrumb","itemListElement":[{"@type":"ListItem","position":1,"name":"Home","item":"https:\/\/logitower.eu\/hu\/"},{"@type":"ListItem","position":2,"name":"Kapcsolat"}]},{"@type":"WebSite","@id":"https:\/\/logitower.eu\/hu\/#website","url":"https:\/\/logitower.eu\/hu\/","name":"LogiTower HU","description":"","potentialAction":[{"@type":"SearchAction","target":{"@type":"EntryPoint","urlTemplate":"https:\/\/logitower.eu\/hu\/?s={search_term_string}"},"query-input":{"@type":"PropertyValueSpecification","valueRequired":true,"valueName":"search_term_string"}}],"inLanguage":"hu"}]}},"_links":{"self":[{"href":"https:\/\/logitower.eu\/hu\/wp-json\/wp\/v2\/pages\/174","targetHints":{"allow":["GET"]}}],"collection":[{"href":"https:\/\/logitower.eu\/hu\/wp-json\/wp\/v2\/pages"}],"about":[{"href":"https:\/\/logitower.eu\/hu\/wp-json\/wp\/v2\/types\/page"}],"author":[{"embeddable":true,"href":"https:\/\/logitower.eu\/hu\/wp-json\/wp\/v2\/users\/1"}],"replies":[{"embeddable":true,"href":"https:\/\/logitower.eu\/hu\/wp-json\/wp\/v2\/comments?post=174"}],"version-history":[{"count":9,"href":"https:\/\/logitower.eu\/hu\/wp-json\/wp\/v2\/pages\/174\/revisions"}],"predecessor-version":[{"id":1800,"href":"https:\/\/logitower.eu\/hu\/wp-json\/wp\/v2\/pages\/174\/revisions\/1800"}],"wp:attachment":[{"href":"https:\/\/logitower.eu\/hu\/wp-json\/wp\/v2\/media?parent=174"}],"curies":[{"name":"wp","href":"https:\/\/api.w.org\/{rel}","templated":true}]}}