{"id":296,"date":"2020-03-16T09:35:22","date_gmt":"2020-03-16T08:35:22","guid":{"rendered":"http:\/\/logitower.eu\/?page_id=296"},"modified":"2025-07-17T09:32:10","modified_gmt":"2025-07-17T07:32:10","slug":"termekek","status":"publish","type":"page","link":"http:\/\/logitower.eu\/hu\/termekek\/","title":{"rendered":"Term\u00e9kek"},"content":{"rendered":"","protected":false},"excerpt":{"rendered":"","protected":false},"author":1,"featured_media":0,"parent":0,"menu_order":0,"comment_status":"closed","ping_status":"closed","template":"archive-products.php","meta":{"_acf_changed":false,"inline_featured_image":false,"footnotes":""},"class_list":["post-296","page","type-page","status-publish","hentry"],"acf":[],"yoast_head":"<!-- This site is optimized with the Yoast SEO plugin v27.3 - https:\/\/yoast.com\/product\/yoast-seo-wordpress\/ -->\n<title>Term\u00e9kek - LogiTower HU<\/title>\n<meta name=\"description\" content=\"A LogiTower automatiz\u00e1lt polcrendszer \u00fagy m\u0171k\u00f6dik, mint egy lift, mely a rakom\u00e1nyt tartalmaz\u00f3 polcokat az oper\u00e1torhoz sz\u00e1ll\u00edtja. Ez a rendszer olyan nagy s\u00faly\u00fa term\u00e9kek takar\u00e9kos, ergon\u00f3mikus \u00e9s biztons\u00e1gos t\u00e1rol\u00e1s\u00e1t teszi lehet\u0151v\u00e9, mint pl. f\u00e9mlemezek, cs\u00f6vek, hossz\u00fa elemek, profilok \u00e9s panelek, f\u00e9m komponensek, valamint m\u00e1s t\u00edpus\u00fa, nagy m\u00e9ret\u0171 vagy neh\u00e9z rakom\u00e1nyok.\" \/>\n<meta name=\"robots\" content=\"index, follow, max-snippet:-1, max-image-preview:large, max-video-preview:-1\" \/>\n<link rel=\"canonical\" href=\"http:\/\/logitower.eu\/hu\/termekek\/\" \/>\n<meta property=\"og:locale\" content=\"hu_HU\" \/>\n<meta property=\"og:type\" content=\"article\" \/>\n<meta property=\"og:title\" content=\"Term\u00e9kek - LogiTower HU\" \/>\n<meta property=\"og:description\" content=\"A LogiTower automatiz\u00e1lt polcrendszer \u00fagy m\u0171k\u00f6dik, mint egy lift, mely a rakom\u00e1nyt tartalmaz\u00f3 polcokat az oper\u00e1torhoz sz\u00e1ll\u00edtja. Ez a rendszer olyan nagy s\u00faly\u00fa term\u00e9kek takar\u00e9kos, ergon\u00f3mikus \u00e9s biztons\u00e1gos t\u00e1rol\u00e1s\u00e1t teszi lehet\u0151v\u00e9, mint pl. f\u00e9mlemezek, cs\u00f6vek, hossz\u00fa elemek, profilok \u00e9s panelek, f\u00e9m komponensek, valamint m\u00e1s t\u00edpus\u00fa, nagy m\u00e9ret\u0171 vagy neh\u00e9z rakom\u00e1nyok.\" \/>\n<meta property=\"og:url\" content=\"http:\/\/logitower.eu\/hu\/termekek\/\" \/>\n<meta property=\"og:site_name\" content=\"LogiTower HU\" \/>\n<meta property=\"article:modified_time\" content=\"2025-07-17T07:32:10+00:00\" \/>\n<meta name=\"twitter:card\" content=\"summary_large_image\" \/>\n<meta name=\"twitter:label1\" content=\"Becs\u00fclt olvas\u00e1si id\u0151\" \/>\n\t<meta name=\"twitter:data1\" content=\"2 perc\" \/>\n<script type=\"application\/ld+json\" class=\"yoast-schema-graph\">{\"@context\":\"https:\\\/\\\/schema.org\",\"@graph\":[{\"@type\":\"WebPage\",\"@id\":\"http:\\\/\\\/logitower.eu\\\/hu\\\/termekek\\\/\",\"url\":\"http:\\\/\\\/logitower.eu\\\/hu\\\/termekek\\\/\",\"name\":\"Term\u00e9kek - LogiTower HU\",\"isPartOf\":{\"@id\":\"https:\\\/\\\/logitower.eu\\\/hu\\\/#website\"},\"datePublished\":\"2020-03-16T08:35:22+00:00\",\"dateModified\":\"2025-07-17T07:32:10+00:00\",\"description\":\"A LogiTower automatiz\u00e1lt polcrendszer \u00fagy m\u0171k\u00f6dik, mint egy lift, mely a rakom\u00e1nyt tartalmaz\u00f3 polcokat az oper\u00e1torhoz sz\u00e1ll\u00edtja. Ez a rendszer olyan nagy s\u00faly\u00fa term\u00e9kek takar\u00e9kos, ergon\u00f3mikus \u00e9s biztons\u00e1gos t\u00e1rol\u00e1s\u00e1t teszi lehet\u0151v\u00e9, mint pl. f\u00e9mlemezek, cs\u00f6vek, hossz\u00fa elemek, profilok \u00e9s panelek, f\u00e9m komponensek, valamint m\u00e1s t\u00edpus\u00fa, nagy m\u00e9ret\u0171 vagy neh\u00e9z rakom\u00e1nyok.\",\"breadcrumb\":{\"@id\":\"http:\\\/\\\/logitower.eu\\\/hu\\\/termekek\\\/#breadcrumb\"},\"inLanguage\":\"hu\",\"potentialAction\":[{\"@type\":\"ReadAction\",\"target\":[\"http:\\\/\\\/logitower.eu\\\/hu\\\/termekek\\\/\"]}]},{\"@type\":\"BreadcrumbList\",\"@id\":\"http:\\\/\\\/logitower.eu\\\/hu\\\/termekek\\\/#breadcrumb\",\"itemListElement\":[{\"@type\":\"ListItem\",\"position\":1,\"name\":\"Home\",\"item\":\"https:\\\/\\\/logitower.eu\\\/hu\\\/\"},{\"@type\":\"ListItem\",\"position\":2,\"name\":\"Term\u00e9kek\"}]},{\"@type\":\"WebSite\",\"@id\":\"https:\\\/\\\/logitower.eu\\\/hu\\\/#website\",\"url\":\"https:\\\/\\\/logitower.eu\\\/hu\\\/\",\"name\":\"LogiTower HU\",\"description\":\"\",\"potentialAction\":[{\"@type\":\"SearchAction\",\"target\":{\"@type\":\"EntryPoint\",\"urlTemplate\":\"https:\\\/\\\/logitower.eu\\\/hu\\\/?s={search_term_string}\"},\"query-input\":{\"@type\":\"PropertyValueSpecification\",\"valueRequired\":true,\"valueName\":\"search_term_string\"}}],\"inLanguage\":\"hu\"}]}<\/script>\n<!-- \/ Yoast SEO plugin. -->","yoast_head_json":{"title":"Term\u00e9kek - LogiTower HU","description":"A LogiTower automatiz\u00e1lt polcrendszer \u00fagy m\u0171k\u00f6dik, mint egy lift, mely a rakom\u00e1nyt tartalmaz\u00f3 polcokat az oper\u00e1torhoz sz\u00e1ll\u00edtja. Ez a rendszer olyan nagy s\u00faly\u00fa term\u00e9kek takar\u00e9kos, ergon\u00f3mikus \u00e9s biztons\u00e1gos t\u00e1rol\u00e1s\u00e1t teszi lehet\u0151v\u00e9, mint pl. f\u00e9mlemezek, cs\u00f6vek, hossz\u00fa elemek, profilok \u00e9s panelek, f\u00e9m komponensek, valamint m\u00e1s t\u00edpus\u00fa, nagy m\u00e9ret\u0171 vagy neh\u00e9z rakom\u00e1nyok.","robots":{"index":"index","follow":"follow","max-snippet":"max-snippet:-1","max-image-preview":"max-image-preview:large","max-video-preview":"max-video-preview:-1"},"canonical":"http:\/\/logitower.eu\/hu\/termekek\/","og_locale":"hu_HU","og_type":"article","og_title":"Term\u00e9kek - LogiTower HU","og_description":"A LogiTower automatiz\u00e1lt polcrendszer \u00fagy m\u0171k\u00f6dik, mint egy lift, mely a rakom\u00e1nyt tartalmaz\u00f3 polcokat az oper\u00e1torhoz sz\u00e1ll\u00edtja. Ez a rendszer olyan nagy s\u00faly\u00fa term\u00e9kek takar\u00e9kos, ergon\u00f3mikus \u00e9s biztons\u00e1gos t\u00e1rol\u00e1s\u00e1t teszi lehet\u0151v\u00e9, mint pl. f\u00e9mlemezek, cs\u00f6vek, hossz\u00fa elemek, profilok \u00e9s panelek, f\u00e9m komponensek, valamint m\u00e1s t\u00edpus\u00fa, nagy m\u00e9ret\u0171 vagy neh\u00e9z rakom\u00e1nyok.","og_url":"http:\/\/logitower.eu\/hu\/termekek\/","og_site_name":"LogiTower HU","article_modified_time":"2025-07-17T07:32:10+00:00","twitter_card":"summary_large_image","twitter_misc":{"Becs\u00fclt olvas\u00e1si id\u0151":"2 perc"},"schema":{"@context":"https:\/\/schema.org","@graph":[{"@type":"WebPage","@id":"http:\/\/logitower.eu\/hu\/termekek\/","url":"http:\/\/logitower.eu\/hu\/termekek\/","name":"Term\u00e9kek - LogiTower HU","isPartOf":{"@id":"https:\/\/logitower.eu\/hu\/#website"},"datePublished":"2020-03-16T08:35:22+00:00","dateModified":"2025-07-17T07:32:10+00:00","description":"A LogiTower automatiz\u00e1lt polcrendszer \u00fagy m\u0171k\u00f6dik, mint egy lift, mely a rakom\u00e1nyt tartalmaz\u00f3 polcokat az oper\u00e1torhoz sz\u00e1ll\u00edtja. Ez a rendszer olyan nagy s\u00faly\u00fa term\u00e9kek takar\u00e9kos, ergon\u00f3mikus \u00e9s biztons\u00e1gos t\u00e1rol\u00e1s\u00e1t teszi lehet\u0151v\u00e9, mint pl. f\u00e9mlemezek, cs\u00f6vek, hossz\u00fa elemek, profilok \u00e9s panelek, f\u00e9m komponensek, valamint m\u00e1s t\u00edpus\u00fa, nagy m\u00e9ret\u0171 vagy neh\u00e9z rakom\u00e1nyok.","breadcrumb":{"@id":"http:\/\/logitower.eu\/hu\/termekek\/#breadcrumb"},"inLanguage":"hu","potentialAction":[{"@type":"ReadAction","target":["http:\/\/logitower.eu\/hu\/termekek\/"]}]},{"@type":"BreadcrumbList","@id":"http:\/\/logitower.eu\/hu\/termekek\/#breadcrumb","itemListElement":[{"@type":"ListItem","position":1,"name":"Home","item":"https:\/\/logitower.eu\/hu\/"},{"@type":"ListItem","position":2,"name":"Term\u00e9kek"}]},{"@type":"WebSite","@id":"https:\/\/logitower.eu\/hu\/#website","url":"https:\/\/logitower.eu\/hu\/","name":"LogiTower HU","description":"","potentialAction":[{"@type":"SearchAction","target":{"@type":"EntryPoint","urlTemplate":"https:\/\/logitower.eu\/hu\/?s={search_term_string}"},"query-input":{"@type":"PropertyValueSpecification","valueRequired":true,"valueName":"search_term_string"}}],"inLanguage":"hu"}]}},"_links":{"self":[{"href":"https:\/\/logitower.eu\/hu\/wp-json\/wp\/v2\/pages\/296","targetHints":{"allow":["GET"]}}],"collection":[{"href":"https:\/\/logitower.eu\/hu\/wp-json\/wp\/v2\/pages"}],"about":[{"href":"https:\/\/logitower.eu\/hu\/wp-json\/wp\/v2\/types\/page"}],"author":[{"embeddable":true,"href":"https:\/\/logitower.eu\/hu\/wp-json\/wp\/v2\/users\/1"}],"replies":[{"embeddable":true,"href":"https:\/\/logitower.eu\/hu\/wp-json\/wp\/v2\/comments?post=296"}],"version-history":[{"count":15,"href":"https:\/\/logitower.eu\/hu\/wp-json\/wp\/v2\/pages\/296\/revisions"}],"predecessor-version":[{"id":1803,"href":"https:\/\/logitower.eu\/hu\/wp-json\/wp\/v2\/pages\/296\/revisions\/1803"}],"wp:attachment":[{"href":"https:\/\/logitower.eu\/hu\/wp-json\/wp\/v2\/media?parent=296"}],"curies":[{"name":"wp","href":"https:\/\/api.w.org\/{rel}","templated":true}]}}