{"id":298,"date":"2020-03-16T09:35:48","date_gmt":"2020-03-16T08:35:48","guid":{"rendered":"http:\/\/logitower.eu\/?page_id=298"},"modified":"2025-06-16T16:37:26","modified_gmt":"2025-06-16T14:37:26","slug":"alkalmazas","status":"publish","type":"page","link":"http:\/\/logitower.eu\/hu\/alkalmazas\/","title":{"rendered":"Alkalmaz\u00e1s"},"content":{"rendered":"","protected":false},"excerpt":{"rendered":"","protected":false},"author":1,"featured_media":0,"parent":0,"menu_order":0,"comment_status":"closed","ping_status":"closed","template":"archive-useges.php","meta":{"_acf_changed":false,"inline_featured_image":false,"footnotes":""},"class_list":["post-298","page","type-page","status-publish","hentry"],"acf":[],"yoast_head":"<!-- This site is optimized with the Yoast SEO plugin v27.3 - https:\/\/yoast.com\/product\/yoast-seo-wordpress\/ -->\n<title>Alkalmaz\u00e1s - LogiTower HU<\/title>\n<meta name=\"description\" content=\"A LogiTower automatikus t\u00e1rol\u00e1stechnikai rendszerek k\u00fcl\u00f6nb\u00f6z\u0151 ipar\u00e1gakban is alkalmazhat\u00f3k, f\u0151leg nagym\u00e9ret\u0171 t\u00e1rgyak rakt\u00e1roz\u00e1s\u00e1ra. A LogiTower polcrendszer egyedi megrendel\u00e9s alapj\u00e1n ker\u00fcl megtervez\u00e9sre \u00e9s legy\u00e1rt\u00e1sra, \u00edgy a megszokott\u00f3l elt\u00e9r\u0151 \u00e9s speci\u00e1lis c\u00e9lokra is alkalmazhat\u00f3, f\u0151leg nagy \u00e9s neh\u00e9z t\u00e1rgyak rakt\u00e1roz\u00e1s\u00e1ra. A leggyakrabban el\u0151fordul\u00f3 alkalmaz\u00e1sa: f\u00e9mlemezek, cs\u00f6vek, hossz\u00fa elemek, profilok \u00e9s keretek, f\u00e9m komponensek, szersz\u00e1mok \u00e9s s\u00fcllyeszt\u00e9kek, valamint lemezek \u00e9s panelek t\u00e1rol\u00e1sa.\" \/>\n<meta name=\"robots\" content=\"index, follow, max-snippet:-1, max-image-preview:large, max-video-preview:-1\" \/>\n<link rel=\"canonical\" href=\"http:\/\/logitower.eu\/hu\/alkalmazas\/\" \/>\n<meta property=\"og:locale\" content=\"hu_HU\" \/>\n<meta property=\"og:type\" content=\"article\" \/>\n<meta property=\"og:title\" content=\"Alkalmaz\u00e1s - LogiTower HU\" \/>\n<meta property=\"og:description\" content=\"A LogiTower automatikus t\u00e1rol\u00e1stechnikai rendszerek k\u00fcl\u00f6nb\u00f6z\u0151 ipar\u00e1gakban is alkalmazhat\u00f3k, f\u0151leg nagym\u00e9ret\u0171 t\u00e1rgyak rakt\u00e1roz\u00e1s\u00e1ra. A LogiTower polcrendszer egyedi megrendel\u00e9s alapj\u00e1n ker\u00fcl megtervez\u00e9sre \u00e9s legy\u00e1rt\u00e1sra, \u00edgy a megszokott\u00f3l elt\u00e9r\u0151 \u00e9s speci\u00e1lis c\u00e9lokra is alkalmazhat\u00f3, f\u0151leg nagy \u00e9s neh\u00e9z t\u00e1rgyak rakt\u00e1roz\u00e1s\u00e1ra. A leggyakrabban el\u0151fordul\u00f3 alkalmaz\u00e1sa: f\u00e9mlemezek, cs\u00f6vek, hossz\u00fa elemek, profilok \u00e9s keretek, f\u00e9m komponensek, szersz\u00e1mok \u00e9s s\u00fcllyeszt\u00e9kek, valamint lemezek \u00e9s panelek t\u00e1rol\u00e1sa.\" \/>\n<meta property=\"og:url\" content=\"http:\/\/logitower.eu\/hu\/alkalmazas\/\" \/>\n<meta property=\"og:site_name\" content=\"LogiTower HU\" \/>\n<meta property=\"article:modified_time\" content=\"2025-06-16T14:37:26+00:00\" \/>\n<meta name=\"twitter:card\" content=\"summary_large_image\" \/>\n<meta name=\"twitter:label1\" content=\"Becs\u00fclt olvas\u00e1si id\u0151\" \/>\n\t<meta name=\"twitter:data1\" content=\"1 perc\" \/>\n<script type=\"application\/ld+json\" class=\"yoast-schema-graph\">{\"@context\":\"https:\\\/\\\/schema.org\",\"@graph\":[{\"@type\":\"WebPage\",\"@id\":\"http:\\\/\\\/logitower.eu\\\/hu\\\/alkalmazas\\\/\",\"url\":\"http:\\\/\\\/logitower.eu\\\/hu\\\/alkalmazas\\\/\",\"name\":\"Alkalmaz\u00e1s - LogiTower HU\",\"isPartOf\":{\"@id\":\"https:\\\/\\\/logitower.eu\\\/hu\\\/#website\"},\"datePublished\":\"2020-03-16T08:35:48+00:00\",\"dateModified\":\"2025-06-16T14:37:26+00:00\",\"description\":\"A LogiTower automatikus t\u00e1rol\u00e1stechnikai rendszerek k\u00fcl\u00f6nb\u00f6z\u0151 ipar\u00e1gakban is alkalmazhat\u00f3k, f\u0151leg nagym\u00e9ret\u0171 t\u00e1rgyak rakt\u00e1roz\u00e1s\u00e1ra. A LogiTower polcrendszer egyedi megrendel\u00e9s alapj\u00e1n ker\u00fcl megtervez\u00e9sre \u00e9s legy\u00e1rt\u00e1sra, \u00edgy a megszokott\u00f3l elt\u00e9r\u0151 \u00e9s speci\u00e1lis c\u00e9lokra is alkalmazhat\u00f3, f\u0151leg nagy \u00e9s neh\u00e9z t\u00e1rgyak rakt\u00e1roz\u00e1s\u00e1ra. A leggyakrabban el\u0151fordul\u00f3 alkalmaz\u00e1sa: f\u00e9mlemezek, cs\u00f6vek, hossz\u00fa elemek, profilok \u00e9s keretek, f\u00e9m komponensek, szersz\u00e1mok \u00e9s s\u00fcllyeszt\u00e9kek, valamint lemezek \u00e9s panelek t\u00e1rol\u00e1sa.\",\"breadcrumb\":{\"@id\":\"http:\\\/\\\/logitower.eu\\\/hu\\\/alkalmazas\\\/#breadcrumb\"},\"inLanguage\":\"hu\",\"potentialAction\":[{\"@type\":\"ReadAction\",\"target\":[\"http:\\\/\\\/logitower.eu\\\/hu\\\/alkalmazas\\\/\"]}]},{\"@type\":\"BreadcrumbList\",\"@id\":\"http:\\\/\\\/logitower.eu\\\/hu\\\/alkalmazas\\\/#breadcrumb\",\"itemListElement\":[{\"@type\":\"ListItem\",\"position\":1,\"name\":\"Home\",\"item\":\"https:\\\/\\\/logitower.eu\\\/hu\\\/\"},{\"@type\":\"ListItem\",\"position\":2,\"name\":\"Alkalmaz\u00e1s\"}]},{\"@type\":\"WebSite\",\"@id\":\"https:\\\/\\\/logitower.eu\\\/hu\\\/#website\",\"url\":\"https:\\\/\\\/logitower.eu\\\/hu\\\/\",\"name\":\"LogiTower HU\",\"description\":\"\",\"potentialAction\":[{\"@type\":\"SearchAction\",\"target\":{\"@type\":\"EntryPoint\",\"urlTemplate\":\"https:\\\/\\\/logitower.eu\\\/hu\\\/?s={search_term_string}\"},\"query-input\":{\"@type\":\"PropertyValueSpecification\",\"valueRequired\":true,\"valueName\":\"search_term_string\"}}],\"inLanguage\":\"hu\"}]}<\/script>\n<!-- \/ Yoast SEO plugin. -->","yoast_head_json":{"title":"Alkalmaz\u00e1s - LogiTower HU","description":"A LogiTower automatikus t\u00e1rol\u00e1stechnikai rendszerek k\u00fcl\u00f6nb\u00f6z\u0151 ipar\u00e1gakban is alkalmazhat\u00f3k, f\u0151leg nagym\u00e9ret\u0171 t\u00e1rgyak rakt\u00e1roz\u00e1s\u00e1ra. A LogiTower polcrendszer egyedi megrendel\u00e9s alapj\u00e1n ker\u00fcl megtervez\u00e9sre \u00e9s legy\u00e1rt\u00e1sra, \u00edgy a megszokott\u00f3l elt\u00e9r\u0151 \u00e9s speci\u00e1lis c\u00e9lokra is alkalmazhat\u00f3, f\u0151leg nagy \u00e9s neh\u00e9z t\u00e1rgyak rakt\u00e1roz\u00e1s\u00e1ra. A leggyakrabban el\u0151fordul\u00f3 alkalmaz\u00e1sa: f\u00e9mlemezek, cs\u00f6vek, hossz\u00fa elemek, profilok \u00e9s keretek, f\u00e9m komponensek, szersz\u00e1mok \u00e9s s\u00fcllyeszt\u00e9kek, valamint lemezek \u00e9s panelek t\u00e1rol\u00e1sa.","robots":{"index":"index","follow":"follow","max-snippet":"max-snippet:-1","max-image-preview":"max-image-preview:large","max-video-preview":"max-video-preview:-1"},"canonical":"http:\/\/logitower.eu\/hu\/alkalmazas\/","og_locale":"hu_HU","og_type":"article","og_title":"Alkalmaz\u00e1s - LogiTower HU","og_description":"A LogiTower automatikus t\u00e1rol\u00e1stechnikai rendszerek k\u00fcl\u00f6nb\u00f6z\u0151 ipar\u00e1gakban is alkalmazhat\u00f3k, f\u0151leg nagym\u00e9ret\u0171 t\u00e1rgyak rakt\u00e1roz\u00e1s\u00e1ra. A LogiTower polcrendszer egyedi megrendel\u00e9s alapj\u00e1n ker\u00fcl megtervez\u00e9sre \u00e9s legy\u00e1rt\u00e1sra, \u00edgy a megszokott\u00f3l elt\u00e9r\u0151 \u00e9s speci\u00e1lis c\u00e9lokra is alkalmazhat\u00f3, f\u0151leg nagy \u00e9s neh\u00e9z t\u00e1rgyak rakt\u00e1roz\u00e1s\u00e1ra. A leggyakrabban el\u0151fordul\u00f3 alkalmaz\u00e1sa: f\u00e9mlemezek, cs\u00f6vek, hossz\u00fa elemek, profilok \u00e9s keretek, f\u00e9m komponensek, szersz\u00e1mok \u00e9s s\u00fcllyeszt\u00e9kek, valamint lemezek \u00e9s panelek t\u00e1rol\u00e1sa.","og_url":"http:\/\/logitower.eu\/hu\/alkalmazas\/","og_site_name":"LogiTower HU","article_modified_time":"2025-06-16T14:37:26+00:00","twitter_card":"summary_large_image","twitter_misc":{"Becs\u00fclt olvas\u00e1si id\u0151":"1 perc"},"schema":{"@context":"https:\/\/schema.org","@graph":[{"@type":"WebPage","@id":"http:\/\/logitower.eu\/hu\/alkalmazas\/","url":"http:\/\/logitower.eu\/hu\/alkalmazas\/","name":"Alkalmaz\u00e1s - LogiTower HU","isPartOf":{"@id":"https:\/\/logitower.eu\/hu\/#website"},"datePublished":"2020-03-16T08:35:48+00:00","dateModified":"2025-06-16T14:37:26+00:00","description":"A LogiTower automatikus t\u00e1rol\u00e1stechnikai rendszerek k\u00fcl\u00f6nb\u00f6z\u0151 ipar\u00e1gakban is alkalmazhat\u00f3k, f\u0151leg nagym\u00e9ret\u0171 t\u00e1rgyak rakt\u00e1roz\u00e1s\u00e1ra. A LogiTower polcrendszer egyedi megrendel\u00e9s alapj\u00e1n ker\u00fcl megtervez\u00e9sre \u00e9s legy\u00e1rt\u00e1sra, \u00edgy a megszokott\u00f3l elt\u00e9r\u0151 \u00e9s speci\u00e1lis c\u00e9lokra is alkalmazhat\u00f3, f\u0151leg nagy \u00e9s neh\u00e9z t\u00e1rgyak rakt\u00e1roz\u00e1s\u00e1ra. A leggyakrabban el\u0151fordul\u00f3 alkalmaz\u00e1sa: f\u00e9mlemezek, cs\u00f6vek, hossz\u00fa elemek, profilok \u00e9s keretek, f\u00e9m komponensek, szersz\u00e1mok \u00e9s s\u00fcllyeszt\u00e9kek, valamint lemezek \u00e9s panelek t\u00e1rol\u00e1sa.","breadcrumb":{"@id":"http:\/\/logitower.eu\/hu\/alkalmazas\/#breadcrumb"},"inLanguage":"hu","potentialAction":[{"@type":"ReadAction","target":["http:\/\/logitower.eu\/hu\/alkalmazas\/"]}]},{"@type":"BreadcrumbList","@id":"http:\/\/logitower.eu\/hu\/alkalmazas\/#breadcrumb","itemListElement":[{"@type":"ListItem","position":1,"name":"Home","item":"https:\/\/logitower.eu\/hu\/"},{"@type":"ListItem","position":2,"name":"Alkalmaz\u00e1s"}]},{"@type":"WebSite","@id":"https:\/\/logitower.eu\/hu\/#website","url":"https:\/\/logitower.eu\/hu\/","name":"LogiTower HU","description":"","potentialAction":[{"@type":"SearchAction","target":{"@type":"EntryPoint","urlTemplate":"https:\/\/logitower.eu\/hu\/?s={search_term_string}"},"query-input":{"@type":"PropertyValueSpecification","valueRequired":true,"valueName":"search_term_string"}}],"inLanguage":"hu"}]}},"_links":{"self":[{"href":"https:\/\/logitower.eu\/hu\/wp-json\/wp\/v2\/pages\/298","targetHints":{"allow":["GET"]}}],"collection":[{"href":"https:\/\/logitower.eu\/hu\/wp-json\/wp\/v2\/pages"}],"about":[{"href":"https:\/\/logitower.eu\/hu\/wp-json\/wp\/v2\/types\/page"}],"author":[{"embeddable":true,"href":"https:\/\/logitower.eu\/hu\/wp-json\/wp\/v2\/users\/1"}],"replies":[{"embeddable":true,"href":"https:\/\/logitower.eu\/hu\/wp-json\/wp\/v2\/comments?post=298"}],"version-history":[{"count":28,"href":"https:\/\/logitower.eu\/hu\/wp-json\/wp\/v2\/pages\/298\/revisions"}],"predecessor-version":[{"id":1787,"href":"https:\/\/logitower.eu\/hu\/wp-json\/wp\/v2\/pages\/298\/revisions\/1787"}],"wp:attachment":[{"href":"https:\/\/logitower.eu\/hu\/wp-json\/wp\/v2\/media?parent=298"}],"curies":[{"name":"wp","href":"https:\/\/api.w.org\/{rel}","templated":true}]}}