{"id":520,"date":"2020-08-10T16:06:54","date_gmt":"2020-08-10T14:06:54","guid":{"rendered":"http:\/\/logitower.eu\/hu\/?page_id=520"},"modified":"2026-01-22T16:43:18","modified_gmt":"2026-01-22T15:43:18","slug":"wsparcie-techniczne-2","status":"publish","type":"page","link":"http:\/\/logitower.eu\/hu\/technikai-tamogatas\/","title":{"rendered":"M\u0171szaki t\u00e1mogat\u00e1s"},"content":{"rendered":"","protected":false},"excerpt":{"rendered":"","protected":false},"author":2,"featured_media":0,"parent":0,"menu_order":0,"comment_status":"closed","ping_status":"closed","template":"static_tabs.php","meta":{"_acf_changed":false,"inline_featured_image":false,"footnotes":""},"class_list":["post-520","page","type-page","status-publish","hentry"],"acf":[],"yoast_head":"<!-- This site is optimized with the Yoast SEO plugin v27.3 - https:\/\/yoast.com\/product\/yoast-seo-wordpress\/ -->\n<title>M\u0171szaki t\u00e1mogat\u00e1s - LogiTower HU<\/title>\n<meta name=\"robots\" content=\"index, follow, max-snippet:-1, max-image-preview:large, max-video-preview:-1\" \/>\n<link rel=\"canonical\" href=\"http:\/\/logitower.eu\/hu\/technikai-tamogatas\/\" \/>\n<meta property=\"og:locale\" content=\"hu_HU\" \/>\n<meta property=\"og:type\" content=\"article\" \/>\n<meta property=\"og:title\" content=\"M\u0171szaki t\u00e1mogat\u00e1s - LogiTower HU\" \/>\n<meta property=\"og:url\" content=\"http:\/\/logitower.eu\/hu\/technikai-tamogatas\/\" \/>\n<meta property=\"og:site_name\" content=\"LogiTower HU\" \/>\n<meta property=\"article:modified_time\" content=\"2026-01-22T15:43:18+00:00\" \/>\n<meta name=\"twitter:card\" content=\"summary_large_image\" \/>\n<meta name=\"twitter:label1\" content=\"Becs\u00fclt olvas\u00e1si id\u0151\" \/>\n\t<meta name=\"twitter:data1\" content=\"4 perc\" \/>\n<script type=\"application\/ld+json\" class=\"yoast-schema-graph\">{\"@context\":\"https:\\\/\\\/schema.org\",\"@graph\":[{\"@type\":\"WebPage\",\"@id\":\"http:\\\/\\\/logitower.eu\\\/hu\\\/technikai-tamogatas\\\/\",\"url\":\"http:\\\/\\\/logitower.eu\\\/hu\\\/technikai-tamogatas\\\/\",\"name\":\"M\u0171szaki t\u00e1mogat\u00e1s - LogiTower HU\",\"isPartOf\":{\"@id\":\"https:\\\/\\\/logitower.eu\\\/hu\\\/#website\"},\"datePublished\":\"2020-08-10T14:06:54+00:00\",\"dateModified\":\"2026-01-22T15:43:18+00:00\",\"breadcrumb\":{\"@id\":\"http:\\\/\\\/logitower.eu\\\/hu\\\/technikai-tamogatas\\\/#breadcrumb\"},\"inLanguage\":\"hu\",\"potentialAction\":[{\"@type\":\"ReadAction\",\"target\":[\"http:\\\/\\\/logitower.eu\\\/hu\\\/technikai-tamogatas\\\/\"]}]},{\"@type\":\"BreadcrumbList\",\"@id\":\"http:\\\/\\\/logitower.eu\\\/hu\\\/technikai-tamogatas\\\/#breadcrumb\",\"itemListElement\":[{\"@type\":\"ListItem\",\"position\":1,\"name\":\"Home\",\"item\":\"https:\\\/\\\/logitower.eu\\\/hu\\\/\"},{\"@type\":\"ListItem\",\"position\":2,\"name\":\"M\u0171szaki t\u00e1mogat\u00e1s\"}]},{\"@type\":\"WebSite\",\"@id\":\"https:\\\/\\\/logitower.eu\\\/hu\\\/#website\",\"url\":\"https:\\\/\\\/logitower.eu\\\/hu\\\/\",\"name\":\"LogiTower HU\",\"description\":\"\",\"potentialAction\":[{\"@type\":\"SearchAction\",\"target\":{\"@type\":\"EntryPoint\",\"urlTemplate\":\"https:\\\/\\\/logitower.eu\\\/hu\\\/?s={search_term_string}\"},\"query-input\":{\"@type\":\"PropertyValueSpecification\",\"valueRequired\":true,\"valueName\":\"search_term_string\"}}],\"inLanguage\":\"hu\"}]}<\/script>\n<!-- \/ Yoast SEO plugin. -->","yoast_head_json":{"title":"M\u0171szaki t\u00e1mogat\u00e1s - LogiTower HU","robots":{"index":"index","follow":"follow","max-snippet":"max-snippet:-1","max-image-preview":"max-image-preview:large","max-video-preview":"max-video-preview:-1"},"canonical":"http:\/\/logitower.eu\/hu\/technikai-tamogatas\/","og_locale":"hu_HU","og_type":"article","og_title":"M\u0171szaki t\u00e1mogat\u00e1s - LogiTower HU","og_url":"http:\/\/logitower.eu\/hu\/technikai-tamogatas\/","og_site_name":"LogiTower HU","article_modified_time":"2026-01-22T15:43:18+00:00","twitter_card":"summary_large_image","twitter_misc":{"Becs\u00fclt olvas\u00e1si id\u0151":"4 perc"},"schema":{"@context":"https:\/\/schema.org","@graph":[{"@type":"WebPage","@id":"http:\/\/logitower.eu\/hu\/technikai-tamogatas\/","url":"http:\/\/logitower.eu\/hu\/technikai-tamogatas\/","name":"M\u0171szaki t\u00e1mogat\u00e1s - LogiTower HU","isPartOf":{"@id":"https:\/\/logitower.eu\/hu\/#website"},"datePublished":"2020-08-10T14:06:54+00:00","dateModified":"2026-01-22T15:43:18+00:00","breadcrumb":{"@id":"http:\/\/logitower.eu\/hu\/technikai-tamogatas\/#breadcrumb"},"inLanguage":"hu","potentialAction":[{"@type":"ReadAction","target":["http:\/\/logitower.eu\/hu\/technikai-tamogatas\/"]}]},{"@type":"BreadcrumbList","@id":"http:\/\/logitower.eu\/hu\/technikai-tamogatas\/#breadcrumb","itemListElement":[{"@type":"ListItem","position":1,"name":"Home","item":"https:\/\/logitower.eu\/hu\/"},{"@type":"ListItem","position":2,"name":"M\u0171szaki t\u00e1mogat\u00e1s"}]},{"@type":"WebSite","@id":"https:\/\/logitower.eu\/hu\/#website","url":"https:\/\/logitower.eu\/hu\/","name":"LogiTower HU","description":"","potentialAction":[{"@type":"SearchAction","target":{"@type":"EntryPoint","urlTemplate":"https:\/\/logitower.eu\/hu\/?s={search_term_string}"},"query-input":{"@type":"PropertyValueSpecification","valueRequired":true,"valueName":"search_term_string"}}],"inLanguage":"hu"}]}},"_links":{"self":[{"href":"https:\/\/logitower.eu\/hu\/wp-json\/wp\/v2\/pages\/520","targetHints":{"allow":["GET"]}}],"collection":[{"href":"https:\/\/logitower.eu\/hu\/wp-json\/wp\/v2\/pages"}],"about":[{"href":"https:\/\/logitower.eu\/hu\/wp-json\/wp\/v2\/types\/page"}],"author":[{"embeddable":true,"href":"https:\/\/logitower.eu\/hu\/wp-json\/wp\/v2\/users\/2"}],"replies":[{"embeddable":true,"href":"https:\/\/logitower.eu\/hu\/wp-json\/wp\/v2\/comments?post=520"}],"version-history":[{"count":9,"href":"https:\/\/logitower.eu\/hu\/wp-json\/wp\/v2\/pages\/520\/revisions"}],"predecessor-version":[{"id":1813,"href":"https:\/\/logitower.eu\/hu\/wp-json\/wp\/v2\/pages\/520\/revisions\/1813"}],"wp:attachment":[{"href":"https:\/\/logitower.eu\/hu\/wp-json\/wp\/v2\/media?parent=520"}],"curies":[{"name":"wp","href":"https:\/\/api.w.org\/{rel}","templated":true}]}}