{"id":174,"date":"2020-03-11T13:59:39","date_gmt":"2020-03-11T12:59:39","guid":{"rendered":"http:\/\/logitower.eu\/?page_id=174"},"modified":"2025-07-16T14:26:41","modified_gmt":"2025-07-16T12:26:41","slug":"contacto","status":"publish","type":"page","link":"http:\/\/logitower.eu\/pt\/contacto\/","title":{"rendered":"Contacto"},"content":{"rendered":"<div id=\"content\" class=\"content-container\">\n<div class=\"container\">\n<div class=\"row\">\n<div class=\"col-lg-12\">\n<div class=\"cols-inner\">\n<p>Somos especializados na concep\u00e7\u00e3o e implementa\u00e7\u00e3o de sistemas de armazenamento automatizado, incluindo\u00a0<strong>LogiTower \u2013 um rack autom\u00e1tico para folhas e logs<\/strong>. Voc\u00ea tem d\u00favidas sobre o nosso produto? Escreva-nos usando o\u00a0<strong>formul\u00e1rio de contato<\/strong> abaixo ou diretamente em info@logitower.eu.<\/p>\n<\/div>\n<\/div>\n<\/div>\n<\/div>\n<\/div>\n","protected":false},"excerpt":{"rendered":"<p>Somos especializados na concep\u00e7\u00e3o e implementa\u00e7\u00e3o de sistemas de armazenamento automatizado, incluindo\u00a0LogiTower \u2013 um rack autom\u00e1tico para folhas e logs. Voc\u00ea tem d\u00favidas sobre o nosso produto? Escreva-nos usando o\u00a0formul\u00e1rio de contato abaixo ou diretamente em info@logitower.eu.<\/p>\n","protected":false},"author":1,"featured_media":0,"parent":0,"menu_order":0,"comment_status":"closed","ping_status":"closed","template":"static.php","meta":{"_acf_changed":false,"inline_featured_image":false,"footnotes":""},"class_list":["post-174","page","type-page","status-publish","hentry"],"acf":[],"yoast_head":"<!-- This site is optimized with the Yoast SEO plugin v27.3 - https:\/\/yoast.com\/product\/yoast-seo-wordpress\/ -->\n<title>Contacto - LogiTower PT<\/title>\n<meta name=\"description\" content=\"Somos especializados na concep\u00e7\u00e3o e implementa\u00e7\u00e3o de sistemas de armazenamento automatizado, incluindo LogiTower \u2013 um rack autom\u00e1tico para folhas e logs. Voc\u00ea tem d\u00favidas sobre o nosso produto? Escreva-nos usando o formul\u00e1rio de contato abaixo ou diretamente em info@logitower.eu.\" \/>\n<meta name=\"robots\" content=\"noindex, follow, max-snippet:-1, max-image-preview:large, max-video-preview:-1\" \/>\n<meta property=\"og:locale\" content=\"pt_PT\" \/>\n<meta property=\"og:type\" content=\"article\" \/>\n<meta property=\"og:title\" content=\"Contacto - LogiTower PT\" \/>\n<meta property=\"og:description\" content=\"Somos especializados na concep\u00e7\u00e3o e implementa\u00e7\u00e3o de sistemas de armazenamento automatizado, incluindo LogiTower \u2013 um rack autom\u00e1tico para folhas e logs. Voc\u00ea tem d\u00favidas sobre o nosso produto? Escreva-nos usando o formul\u00e1rio de contato abaixo ou diretamente em info@logitower.eu.\" \/>\n<meta property=\"og:url\" content=\"http:\/\/logitower.eu\/pt\/contacto\/\" \/>\n<meta property=\"og:site_name\" content=\"LogiTower PT\" \/>\n<meta property=\"article:modified_time\" content=\"2025-07-16T12:26:41+00:00\" \/>\n<meta name=\"twitter:card\" content=\"summary_large_image\" \/>\n<meta name=\"twitter:label1\" content=\"Tempo estimado de leitura\" \/>\n\t<meta name=\"twitter:data1\" content=\"1 minuto\" \/>\n<script type=\"application\/ld+json\" class=\"yoast-schema-graph\">{\"@context\":\"https:\\\/\\\/schema.org\",\"@graph\":[{\"@type\":\"WebPage\",\"@id\":\"http:\\\/\\\/logitower.eu\\\/pt\\\/contacto\\\/\",\"url\":\"http:\\\/\\\/logitower.eu\\\/pt\\\/contacto\\\/\",\"name\":\"Contacto - LogiTower PT\",\"isPartOf\":{\"@id\":\"https:\\\/\\\/logitower.eu\\\/pt\\\/#website\"},\"datePublished\":\"2020-03-11T12:59:39+00:00\",\"dateModified\":\"2025-07-16T12:26:41+00:00\",\"description\":\"Somos especializados na concep\u00e7\u00e3o e implementa\u00e7\u00e3o de sistemas de armazenamento automatizado, incluindo LogiTower \u2013 um rack autom\u00e1tico para folhas e logs. Voc\u00ea tem d\u00favidas sobre o nosso produto? Escreva-nos usando o formul\u00e1rio de contato abaixo ou diretamente em info@logitower.eu.\",\"breadcrumb\":{\"@id\":\"http:\\\/\\\/logitower.eu\\\/pt\\\/contacto\\\/#breadcrumb\"},\"inLanguage\":\"pt-PT\",\"potentialAction\":[{\"@type\":\"ReadAction\",\"target\":[\"http:\\\/\\\/logitower.eu\\\/pt\\\/contacto\\\/\"]}]},{\"@type\":\"BreadcrumbList\",\"@id\":\"http:\\\/\\\/logitower.eu\\\/pt\\\/contacto\\\/#breadcrumb\",\"itemListElement\":[{\"@type\":\"ListItem\",\"position\":1,\"name\":\"Home\",\"item\":\"https:\\\/\\\/logitower.eu\\\/pt\\\/\"},{\"@type\":\"ListItem\",\"position\":2,\"name\":\"Contacto\"}]},{\"@type\":\"WebSite\",\"@id\":\"https:\\\/\\\/logitower.eu\\\/pt\\\/#website\",\"url\":\"https:\\\/\\\/logitower.eu\\\/pt\\\/\",\"name\":\"LogiTower PT\",\"description\":\"\",\"potentialAction\":[{\"@type\":\"SearchAction\",\"target\":{\"@type\":\"EntryPoint\",\"urlTemplate\":\"https:\\\/\\\/logitower.eu\\\/pt\\\/?s={search_term_string}\"},\"query-input\":{\"@type\":\"PropertyValueSpecification\",\"valueRequired\":true,\"valueName\":\"search_term_string\"}}],\"inLanguage\":\"pt-PT\"}]}<\/script>\n<!-- \/ Yoast SEO plugin. -->","yoast_head_json":{"title":"Contacto - LogiTower PT","description":"Somos especializados na concep\u00e7\u00e3o e implementa\u00e7\u00e3o de sistemas de armazenamento automatizado, incluindo LogiTower \u2013 um rack autom\u00e1tico para folhas e logs. Voc\u00ea tem d\u00favidas sobre o nosso produto? Escreva-nos usando o formul\u00e1rio de contato abaixo ou diretamente em info@logitower.eu.","robots":{"index":"noindex","follow":"follow","max-snippet":"max-snippet:-1","max-image-preview":"max-image-preview:large","max-video-preview":"max-video-preview:-1"},"og_locale":"pt_PT","og_type":"article","og_title":"Contacto - LogiTower PT","og_description":"Somos especializados na concep\u00e7\u00e3o e implementa\u00e7\u00e3o de sistemas de armazenamento automatizado, incluindo LogiTower \u2013 um rack autom\u00e1tico para folhas e logs. Voc\u00ea tem d\u00favidas sobre o nosso produto? Escreva-nos usando o formul\u00e1rio de contato abaixo ou diretamente em info@logitower.eu.","og_url":"http:\/\/logitower.eu\/pt\/contacto\/","og_site_name":"LogiTower PT","article_modified_time":"2025-07-16T12:26:41+00:00","twitter_card":"summary_large_image","twitter_misc":{"Tempo estimado de leitura":"1 minuto"},"schema":{"@context":"https:\/\/schema.org","@graph":[{"@type":"WebPage","@id":"http:\/\/logitower.eu\/pt\/contacto\/","url":"http:\/\/logitower.eu\/pt\/contacto\/","name":"Contacto - LogiTower PT","isPartOf":{"@id":"https:\/\/logitower.eu\/pt\/#website"},"datePublished":"2020-03-11T12:59:39+00:00","dateModified":"2025-07-16T12:26:41+00:00","description":"Somos especializados na concep\u00e7\u00e3o e implementa\u00e7\u00e3o de sistemas de armazenamento automatizado, incluindo LogiTower \u2013 um rack autom\u00e1tico para folhas e logs. Voc\u00ea tem d\u00favidas sobre o nosso produto? Escreva-nos usando o formul\u00e1rio de contato abaixo ou diretamente em info@logitower.eu.","breadcrumb":{"@id":"http:\/\/logitower.eu\/pt\/contacto\/#breadcrumb"},"inLanguage":"pt-PT","potentialAction":[{"@type":"ReadAction","target":["http:\/\/logitower.eu\/pt\/contacto\/"]}]},{"@type":"BreadcrumbList","@id":"http:\/\/logitower.eu\/pt\/contacto\/#breadcrumb","itemListElement":[{"@type":"ListItem","position":1,"name":"Home","item":"https:\/\/logitower.eu\/pt\/"},{"@type":"ListItem","position":2,"name":"Contacto"}]},{"@type":"WebSite","@id":"https:\/\/logitower.eu\/pt\/#website","url":"https:\/\/logitower.eu\/pt\/","name":"LogiTower PT","description":"","potentialAction":[{"@type":"SearchAction","target":{"@type":"EntryPoint","urlTemplate":"https:\/\/logitower.eu\/pt\/?s={search_term_string}"},"query-input":{"@type":"PropertyValueSpecification","valueRequired":true,"valueName":"search_term_string"}}],"inLanguage":"pt-PT"}]}},"_links":{"self":[{"href":"https:\/\/logitower.eu\/pt\/wp-json\/wp\/v2\/pages\/174","targetHints":{"allow":["GET"]}}],"collection":[{"href":"https:\/\/logitower.eu\/pt\/wp-json\/wp\/v2\/pages"}],"about":[{"href":"https:\/\/logitower.eu\/pt\/wp-json\/wp\/v2\/types\/page"}],"author":[{"embeddable":true,"href":"https:\/\/logitower.eu\/pt\/wp-json\/wp\/v2\/users\/1"}],"replies":[{"embeddable":true,"href":"https:\/\/logitower.eu\/pt\/wp-json\/wp\/v2\/comments?post=174"}],"version-history":[{"count":11,"href":"https:\/\/logitower.eu\/pt\/wp-json\/wp\/v2\/pages\/174\/revisions"}],"predecessor-version":[{"id":1053,"href":"https:\/\/logitower.eu\/pt\/wp-json\/wp\/v2\/pages\/174\/revisions\/1053"}],"wp:attachment":[{"href":"https:\/\/logitower.eu\/pt\/wp-json\/wp\/v2\/media?parent=174"}],"curies":[{"name":"wp","href":"https:\/\/api.w.org\/{rel}","templated":true}]}}