{"id":296,"date":"2020-03-16T09:35:22","date_gmt":"2020-03-16T08:35:22","guid":{"rendered":"http:\/\/logitower.eu\/?page_id=296"},"modified":"2020-06-02T14:05:21","modified_gmt":"2020-06-02T12:05:21","slug":"lista-de-produtos","status":"publish","type":"page","link":"http:\/\/logitower.eu\/pt\/lista-de-produtos\/","title":{"rendered":"Lista de produtos"},"content":{"rendered":"","protected":false},"excerpt":{"rendered":"","protected":false},"author":1,"featured_media":0,"parent":0,"menu_order":0,"comment_status":"closed","ping_status":"closed","template":"archive-products.php","meta":{"_acf_changed":false,"inline_featured_image":false,"footnotes":""},"class_list":["post-296","page","type-page","status-publish","hentry"],"acf":[],"yoast_head":"<!-- This site is optimized with the Yoast SEO plugin v27.3 - https:\/\/yoast.com\/product\/yoast-seo-wordpress\/ -->\n<title>Lista de produtos - LogiTower PT<\/title>\n<meta name=\"description\" content=\"A estante autom\u00e1tica LogiTower funciona como um elevador que entrega ao operador prateleiras sucessivas com mercadorias. Este sistema permite armazenar de modo econ\u00f3mico, ergon\u00f3mico e seguro as mercadorias pesadas, entre outros, chapas met\u00e1licas, tubos e barras longas, perfis e pain\u00e9is, componentes met\u00e1licos, ferramentas e matrizes, assim como qualquer outro tipo de elementos de grandes dimens\u00f5es e peso.\" \/>\n<meta name=\"robots\" content=\"noindex, follow, max-snippet:-1, max-image-preview:large, max-video-preview:-1\" \/>\n<meta property=\"og:locale\" content=\"pt_PT\" \/>\n<meta property=\"og:type\" content=\"article\" \/>\n<meta property=\"og:title\" content=\"Lista de produtos - LogiTower PT\" \/>\n<meta property=\"og:description\" content=\"A estante autom\u00e1tica LogiTower funciona como um elevador que entrega ao operador prateleiras sucessivas com mercadorias. Este sistema permite armazenar de modo econ\u00f3mico, ergon\u00f3mico e seguro as mercadorias pesadas, entre outros, chapas met\u00e1licas, tubos e barras longas, perfis e pain\u00e9is, componentes met\u00e1licos, ferramentas e matrizes, assim como qualquer outro tipo de elementos de grandes dimens\u00f5es e peso.\" \/>\n<meta property=\"og:url\" content=\"http:\/\/logitower.eu\/pt\/lista-de-produtos\/\" \/>\n<meta property=\"og:site_name\" content=\"LogiTower PT\" \/>\n<meta property=\"article:modified_time\" content=\"2020-06-02T12:05:21+00:00\" \/>\n<meta name=\"twitter:card\" content=\"summary_large_image\" \/>\n<script type=\"application\/ld+json\" class=\"yoast-schema-graph\">{\"@context\":\"https:\\\/\\\/schema.org\",\"@graph\":[{\"@type\":\"WebPage\",\"@id\":\"http:\\\/\\\/logitower.eu\\\/pt\\\/lista-de-produtos\\\/\",\"url\":\"http:\\\/\\\/logitower.eu\\\/pt\\\/lista-de-produtos\\\/\",\"name\":\"Lista de produtos - LogiTower PT\",\"isPartOf\":{\"@id\":\"https:\\\/\\\/logitower.eu\\\/pt\\\/#website\"},\"datePublished\":\"2020-03-16T08:35:22+00:00\",\"dateModified\":\"2020-06-02T12:05:21+00:00\",\"description\":\"A estante autom\u00e1tica LogiTower funciona como um elevador que entrega ao operador prateleiras sucessivas com mercadorias. Este sistema permite armazenar de modo econ\u00f3mico, ergon\u00f3mico e seguro as mercadorias pesadas, entre outros, chapas met\u00e1licas, tubos e barras longas, perfis e pain\u00e9is, componentes met\u00e1licos, ferramentas e matrizes, assim como qualquer outro tipo de elementos de grandes dimens\u00f5es e peso.\",\"breadcrumb\":{\"@id\":\"http:\\\/\\\/logitower.eu\\\/pt\\\/lista-de-produtos\\\/#breadcrumb\"},\"inLanguage\":\"pt-PT\",\"potentialAction\":[{\"@type\":\"ReadAction\",\"target\":[\"http:\\\/\\\/logitower.eu\\\/pt\\\/lista-de-produtos\\\/\"]}]},{\"@type\":\"BreadcrumbList\",\"@id\":\"http:\\\/\\\/logitower.eu\\\/pt\\\/lista-de-produtos\\\/#breadcrumb\",\"itemListElement\":[{\"@type\":\"ListItem\",\"position\":1,\"name\":\"Home\",\"item\":\"https:\\\/\\\/logitower.eu\\\/pt\\\/\"},{\"@type\":\"ListItem\",\"position\":2,\"name\":\"Lista de produtos\"}]},{\"@type\":\"WebSite\",\"@id\":\"https:\\\/\\\/logitower.eu\\\/pt\\\/#website\",\"url\":\"https:\\\/\\\/logitower.eu\\\/pt\\\/\",\"name\":\"LogiTower PT\",\"description\":\"\",\"potentialAction\":[{\"@type\":\"SearchAction\",\"target\":{\"@type\":\"EntryPoint\",\"urlTemplate\":\"https:\\\/\\\/logitower.eu\\\/pt\\\/?s={search_term_string}\"},\"query-input\":{\"@type\":\"PropertyValueSpecification\",\"valueRequired\":true,\"valueName\":\"search_term_string\"}}],\"inLanguage\":\"pt-PT\"}]}<\/script>\n<!-- \/ Yoast SEO plugin. -->","yoast_head_json":{"title":"Lista de produtos - LogiTower PT","description":"A estante autom\u00e1tica LogiTower funciona como um elevador que entrega ao operador prateleiras sucessivas com mercadorias. Este sistema permite armazenar de modo econ\u00f3mico, ergon\u00f3mico e seguro as mercadorias pesadas, entre outros, chapas met\u00e1licas, tubos e barras longas, perfis e pain\u00e9is, componentes met\u00e1licos, ferramentas e matrizes, assim como qualquer outro tipo de elementos de grandes dimens\u00f5es e peso.","robots":{"index":"noindex","follow":"follow","max-snippet":"max-snippet:-1","max-image-preview":"max-image-preview:large","max-video-preview":"max-video-preview:-1"},"og_locale":"pt_PT","og_type":"article","og_title":"Lista de produtos - LogiTower PT","og_description":"A estante autom\u00e1tica LogiTower funciona como um elevador que entrega ao operador prateleiras sucessivas com mercadorias. Este sistema permite armazenar de modo econ\u00f3mico, ergon\u00f3mico e seguro as mercadorias pesadas, entre outros, chapas met\u00e1licas, tubos e barras longas, perfis e pain\u00e9is, componentes met\u00e1licos, ferramentas e matrizes, assim como qualquer outro tipo de elementos de grandes dimens\u00f5es e peso.","og_url":"http:\/\/logitower.eu\/pt\/lista-de-produtos\/","og_site_name":"LogiTower PT","article_modified_time":"2020-06-02T12:05:21+00:00","twitter_card":"summary_large_image","schema":{"@context":"https:\/\/schema.org","@graph":[{"@type":"WebPage","@id":"http:\/\/logitower.eu\/pt\/lista-de-produtos\/","url":"http:\/\/logitower.eu\/pt\/lista-de-produtos\/","name":"Lista de produtos - LogiTower PT","isPartOf":{"@id":"https:\/\/logitower.eu\/pt\/#website"},"datePublished":"2020-03-16T08:35:22+00:00","dateModified":"2020-06-02T12:05:21+00:00","description":"A estante autom\u00e1tica LogiTower funciona como um elevador que entrega ao operador prateleiras sucessivas com mercadorias. Este sistema permite armazenar de modo econ\u00f3mico, ergon\u00f3mico e seguro as mercadorias pesadas, entre outros, chapas met\u00e1licas, tubos e barras longas, perfis e pain\u00e9is, componentes met\u00e1licos, ferramentas e matrizes, assim como qualquer outro tipo de elementos de grandes dimens\u00f5es e peso.","breadcrumb":{"@id":"http:\/\/logitower.eu\/pt\/lista-de-produtos\/#breadcrumb"},"inLanguage":"pt-PT","potentialAction":[{"@type":"ReadAction","target":["http:\/\/logitower.eu\/pt\/lista-de-produtos\/"]}]},{"@type":"BreadcrumbList","@id":"http:\/\/logitower.eu\/pt\/lista-de-produtos\/#breadcrumb","itemListElement":[{"@type":"ListItem","position":1,"name":"Home","item":"https:\/\/logitower.eu\/pt\/"},{"@type":"ListItem","position":2,"name":"Lista de produtos"}]},{"@type":"WebSite","@id":"https:\/\/logitower.eu\/pt\/#website","url":"https:\/\/logitower.eu\/pt\/","name":"LogiTower PT","description":"","potentialAction":[{"@type":"SearchAction","target":{"@type":"EntryPoint","urlTemplate":"https:\/\/logitower.eu\/pt\/?s={search_term_string}"},"query-input":{"@type":"PropertyValueSpecification","valueRequired":true,"valueName":"search_term_string"}}],"inLanguage":"pt-PT"}]}},"_links":{"self":[{"href":"https:\/\/logitower.eu\/pt\/wp-json\/wp\/v2\/pages\/296","targetHints":{"allow":["GET"]}}],"collection":[{"href":"https:\/\/logitower.eu\/pt\/wp-json\/wp\/v2\/pages"}],"about":[{"href":"https:\/\/logitower.eu\/pt\/wp-json\/wp\/v2\/types\/page"}],"author":[{"embeddable":true,"href":"https:\/\/logitower.eu\/pt\/wp-json\/wp\/v2\/users\/1"}],"replies":[{"embeddable":true,"href":"https:\/\/logitower.eu\/pt\/wp-json\/wp\/v2\/comments?post=296"}],"version-history":[{"count":9,"href":"https:\/\/logitower.eu\/pt\/wp-json\/wp\/v2\/pages\/296\/revisions"}],"predecessor-version":[{"id":466,"href":"https:\/\/logitower.eu\/pt\/wp-json\/wp\/v2\/pages\/296\/revisions\/466"}],"wp:attachment":[{"href":"https:\/\/logitower.eu\/pt\/wp-json\/wp\/v2\/media?parent=296"}],"curies":[{"name":"wp","href":"https:\/\/api.w.org\/{rel}","templated":true}]}}