{"id":298,"date":"2020-03-16T09:35:48","date_gmt":"2020-03-16T08:35:48","guid":{"rendered":"http:\/\/logitower.eu\/?page_id=298"},"modified":"2020-05-20T18:05:51","modified_gmt":"2020-05-20T16:05:51","slug":"aplicacoes","status":"publish","type":"page","link":"http:\/\/logitower.eu\/pt\/aplicacoes\/","title":{"rendered":"Aplica\u00e7\u00f5es"},"content":{"rendered":"","protected":false},"excerpt":{"rendered":"","protected":false},"author":1,"featured_media":0,"parent":0,"menu_order":0,"comment_status":"closed","ping_status":"closed","template":"archive-useges.php","meta":{"_acf_changed":false,"inline_featured_image":false,"footnotes":""},"class_list":["post-298","page","type-page","status-publish","hentry"],"acf":[],"yoast_head":"<!-- This site is optimized with the Yoast SEO plugin v27.3 - https:\/\/yoast.com\/product\/yoast-seo-wordpress\/ -->\n<title>Aplica\u00e7\u00f5es - LogiTower PT<\/title>\n<meta name=\"description\" content=\"Os sistemas autom\u00e1ticos de armazenagem LogiTower s\u00e3o adequados a v\u00e1rios setores da ind\u00fastria, sobretudo \u00e0 armazenagem de mercadorias volumosas. As estantes LogiTower s\u00e3o desenhadas e fabricadas por encomenda individual, sendo dotadas de v\u00e1rias solu\u00e7\u00f5es extraordin\u00e1rias e especiais, sobretudo para mercadorias grandes e pesadas. As aplica\u00e7\u00f5es mais frequentes s\u00e3o: chapas met\u00e1licas, tubos, barras longas, perfis e moldes, componentes met\u00e1licos, ferramentas e matrizes, placas e pain\u00e9is.\" \/>\n<meta name=\"robots\" content=\"noindex, follow, max-snippet:-1, max-image-preview:large, max-video-preview:-1\" \/>\n<meta property=\"og:locale\" content=\"pt_PT\" \/>\n<meta property=\"og:type\" content=\"article\" \/>\n<meta property=\"og:title\" content=\"Aplica\u00e7\u00f5es - LogiTower PT\" \/>\n<meta property=\"og:description\" content=\"Os sistemas autom\u00e1ticos de armazenagem LogiTower s\u00e3o adequados a v\u00e1rios setores da ind\u00fastria, sobretudo \u00e0 armazenagem de mercadorias volumosas. As estantes LogiTower s\u00e3o desenhadas e fabricadas por encomenda individual, sendo dotadas de v\u00e1rias solu\u00e7\u00f5es extraordin\u00e1rias e especiais, sobretudo para mercadorias grandes e pesadas. As aplica\u00e7\u00f5es mais frequentes s\u00e3o: chapas met\u00e1licas, tubos, barras longas, perfis e moldes, componentes met\u00e1licos, ferramentas e matrizes, placas e pain\u00e9is.\" \/>\n<meta property=\"og:url\" content=\"http:\/\/logitower.eu\/pt\/aplicacoes\/\" \/>\n<meta property=\"og:site_name\" content=\"LogiTower PT\" \/>\n<meta property=\"article:modified_time\" content=\"2020-05-20T16:05:51+00:00\" \/>\n<meta name=\"twitter:card\" content=\"summary_large_image\" \/>\n<script type=\"application\/ld+json\" class=\"yoast-schema-graph\">{\"@context\":\"https:\\\/\\\/schema.org\",\"@graph\":[{\"@type\":\"WebPage\",\"@id\":\"http:\\\/\\\/logitower.eu\\\/pt\\\/aplicacoes\\\/\",\"url\":\"http:\\\/\\\/logitower.eu\\\/pt\\\/aplicacoes\\\/\",\"name\":\"Aplica\u00e7\u00f5es - LogiTower PT\",\"isPartOf\":{\"@id\":\"https:\\\/\\\/logitower.eu\\\/pt\\\/#website\"},\"datePublished\":\"2020-03-16T08:35:48+00:00\",\"dateModified\":\"2020-05-20T16:05:51+00:00\",\"description\":\"Os sistemas autom\u00e1ticos de armazenagem LogiTower s\u00e3o adequados a v\u00e1rios setores da ind\u00fastria, sobretudo \u00e0 armazenagem de mercadorias volumosas. As estantes LogiTower s\u00e3o desenhadas e fabricadas por encomenda individual, sendo dotadas de v\u00e1rias solu\u00e7\u00f5es extraordin\u00e1rias e especiais, sobretudo para mercadorias grandes e pesadas. As aplica\u00e7\u00f5es mais frequentes s\u00e3o: chapas met\u00e1licas, tubos, barras longas, perfis e moldes, componentes met\u00e1licos, ferramentas e matrizes, placas e pain\u00e9is.\",\"breadcrumb\":{\"@id\":\"http:\\\/\\\/logitower.eu\\\/pt\\\/aplicacoes\\\/#breadcrumb\"},\"inLanguage\":\"pt-PT\",\"potentialAction\":[{\"@type\":\"ReadAction\",\"target\":[\"http:\\\/\\\/logitower.eu\\\/pt\\\/aplicacoes\\\/\"]}]},{\"@type\":\"BreadcrumbList\",\"@id\":\"http:\\\/\\\/logitower.eu\\\/pt\\\/aplicacoes\\\/#breadcrumb\",\"itemListElement\":[{\"@type\":\"ListItem\",\"position\":1,\"name\":\"Home\",\"item\":\"https:\\\/\\\/logitower.eu\\\/pt\\\/\"},{\"@type\":\"ListItem\",\"position\":2,\"name\":\"Aplica\u00e7\u00f5es\"}]},{\"@type\":\"WebSite\",\"@id\":\"https:\\\/\\\/logitower.eu\\\/pt\\\/#website\",\"url\":\"https:\\\/\\\/logitower.eu\\\/pt\\\/\",\"name\":\"LogiTower PT\",\"description\":\"\",\"potentialAction\":[{\"@type\":\"SearchAction\",\"target\":{\"@type\":\"EntryPoint\",\"urlTemplate\":\"https:\\\/\\\/logitower.eu\\\/pt\\\/?s={search_term_string}\"},\"query-input\":{\"@type\":\"PropertyValueSpecification\",\"valueRequired\":true,\"valueName\":\"search_term_string\"}}],\"inLanguage\":\"pt-PT\"}]}<\/script>\n<!-- \/ Yoast SEO plugin. -->","yoast_head_json":{"title":"Aplica\u00e7\u00f5es - LogiTower PT","description":"Os sistemas autom\u00e1ticos de armazenagem LogiTower s\u00e3o adequados a v\u00e1rios setores da ind\u00fastria, sobretudo \u00e0 armazenagem de mercadorias volumosas. As estantes LogiTower s\u00e3o desenhadas e fabricadas por encomenda individual, sendo dotadas de v\u00e1rias solu\u00e7\u00f5es extraordin\u00e1rias e especiais, sobretudo para mercadorias grandes e pesadas. As aplica\u00e7\u00f5es mais frequentes s\u00e3o: chapas met\u00e1licas, tubos, barras longas, perfis e moldes, componentes met\u00e1licos, ferramentas e matrizes, placas e pain\u00e9is.","robots":{"index":"noindex","follow":"follow","max-snippet":"max-snippet:-1","max-image-preview":"max-image-preview:large","max-video-preview":"max-video-preview:-1"},"og_locale":"pt_PT","og_type":"article","og_title":"Aplica\u00e7\u00f5es - LogiTower PT","og_description":"Os sistemas autom\u00e1ticos de armazenagem LogiTower s\u00e3o adequados a v\u00e1rios setores da ind\u00fastria, sobretudo \u00e0 armazenagem de mercadorias volumosas. As estantes LogiTower s\u00e3o desenhadas e fabricadas por encomenda individual, sendo dotadas de v\u00e1rias solu\u00e7\u00f5es extraordin\u00e1rias e especiais, sobretudo para mercadorias grandes e pesadas. As aplica\u00e7\u00f5es mais frequentes s\u00e3o: chapas met\u00e1licas, tubos, barras longas, perfis e moldes, componentes met\u00e1licos, ferramentas e matrizes, placas e pain\u00e9is.","og_url":"http:\/\/logitower.eu\/pt\/aplicacoes\/","og_site_name":"LogiTower PT","article_modified_time":"2020-05-20T16:05:51+00:00","twitter_card":"summary_large_image","schema":{"@context":"https:\/\/schema.org","@graph":[{"@type":"WebPage","@id":"http:\/\/logitower.eu\/pt\/aplicacoes\/","url":"http:\/\/logitower.eu\/pt\/aplicacoes\/","name":"Aplica\u00e7\u00f5es - LogiTower PT","isPartOf":{"@id":"https:\/\/logitower.eu\/pt\/#website"},"datePublished":"2020-03-16T08:35:48+00:00","dateModified":"2020-05-20T16:05:51+00:00","description":"Os sistemas autom\u00e1ticos de armazenagem LogiTower s\u00e3o adequados a v\u00e1rios setores da ind\u00fastria, sobretudo \u00e0 armazenagem de mercadorias volumosas. As estantes LogiTower s\u00e3o desenhadas e fabricadas por encomenda individual, sendo dotadas de v\u00e1rias solu\u00e7\u00f5es extraordin\u00e1rias e especiais, sobretudo para mercadorias grandes e pesadas. As aplica\u00e7\u00f5es mais frequentes s\u00e3o: chapas met\u00e1licas, tubos, barras longas, perfis e moldes, componentes met\u00e1licos, ferramentas e matrizes, placas e pain\u00e9is.","breadcrumb":{"@id":"http:\/\/logitower.eu\/pt\/aplicacoes\/#breadcrumb"},"inLanguage":"pt-PT","potentialAction":[{"@type":"ReadAction","target":["http:\/\/logitower.eu\/pt\/aplicacoes\/"]}]},{"@type":"BreadcrumbList","@id":"http:\/\/logitower.eu\/pt\/aplicacoes\/#breadcrumb","itemListElement":[{"@type":"ListItem","position":1,"name":"Home","item":"https:\/\/logitower.eu\/pt\/"},{"@type":"ListItem","position":2,"name":"Aplica\u00e7\u00f5es"}]},{"@type":"WebSite","@id":"https:\/\/logitower.eu\/pt\/#website","url":"https:\/\/logitower.eu\/pt\/","name":"LogiTower PT","description":"","potentialAction":[{"@type":"SearchAction","target":{"@type":"EntryPoint","urlTemplate":"https:\/\/logitower.eu\/pt\/?s={search_term_string}"},"query-input":{"@type":"PropertyValueSpecification","valueRequired":true,"valueName":"search_term_string"}}],"inLanguage":"pt-PT"}]}},"_links":{"self":[{"href":"https:\/\/logitower.eu\/pt\/wp-json\/wp\/v2\/pages\/298","targetHints":{"allow":["GET"]}}],"collection":[{"href":"https:\/\/logitower.eu\/pt\/wp-json\/wp\/v2\/pages"}],"about":[{"href":"https:\/\/logitower.eu\/pt\/wp-json\/wp\/v2\/types\/page"}],"author":[{"embeddable":true,"href":"https:\/\/logitower.eu\/pt\/wp-json\/wp\/v2\/users\/1"}],"replies":[{"embeddable":true,"href":"https:\/\/logitower.eu\/pt\/wp-json\/wp\/v2\/comments?post=298"}],"version-history":[{"count":9,"href":"https:\/\/logitower.eu\/pt\/wp-json\/wp\/v2\/pages\/298\/revisions"}],"predecessor-version":[{"id":462,"href":"https:\/\/logitower.eu\/pt\/wp-json\/wp\/v2\/pages\/298\/revisions\/462"}],"wp:attachment":[{"href":"https:\/\/logitower.eu\/pt\/wp-json\/wp\/v2\/media?parent=298"}],"curies":[{"name":"wp","href":"https:\/\/api.w.org\/{rel}","templated":true}]}}