{"id":174,"date":"2020-03-11T13:59:39","date_gmt":"2020-03-11T12:59:39","guid":{"rendered":"http:\/\/logitower.eu\/?page_id=174"},"modified":"2025-07-16T14:31:20","modified_gmt":"2025-07-16T12:31:20","slug":"kontakt","status":"publish","type":"page","link":"http:\/\/logitower.eu\/sk\/kontakt\/","title":{"rendered":"Kontakt"},"content":{"rendered":"<p>\u0160pecializujeme sa na navrhovanie a implement\u00e1ciu automatizovan\u00fdch skladovac\u00edch syst\u00e9mov, vr\u00e1tane <strong>LogiTower \u2013 automatick\u00fd stojan na plechy a gu\u013eatiny<\/strong>. M\u00e1te ot\u00e1zky t\u00fdkaj\u00face sa n\u00e1\u0161ho produktu? Nap\u00ed\u0161te n\u00e1m pomocou <strong>kontaktn\u00e9ho formul\u00e1ra<\/strong> ni\u017e\u0161ie alebo priamo na adrese info@logitower.eu.<\/p>\n","protected":false},"excerpt":{"rendered":"<p>\u0160pecializujeme sa na navrhovanie a implement\u00e1ciu automatizovan\u00fdch skladovac\u00edch syst\u00e9mov, vr\u00e1tane LogiTower \u2013 automatick\u00fd stojan na plechy a gu\u013eatiny. M\u00e1te ot\u00e1zky t\u00fdkaj\u00face sa n\u00e1\u0161ho produktu? Nap\u00ed\u0161te n\u00e1m pomocou kontaktn\u00e9ho formul\u00e1ra ni\u017e\u0161ie alebo priamo na adrese info@logitower.eu.<\/p>\n","protected":false},"author":1,"featured_media":0,"parent":0,"menu_order":0,"comment_status":"closed","ping_status":"closed","template":"static.php","meta":{"_acf_changed":false,"inline_featured_image":false,"footnotes":""},"class_list":["post-174","page","type-page","status-publish","hentry"],"acf":[],"yoast_head":"<!-- This site is optimized with the Yoast SEO plugin v27.3 - https:\/\/yoast.com\/product\/yoast-seo-wordpress\/ -->\n<title>Kontakt - LogiTower SK<\/title>\n<meta name=\"description\" content=\"\u0160pecializujeme sa na navrhovanie a implement\u00e1ciu automatizovan\u00fdch skladovac\u00edch syst\u00e9mov, vr\u00e1tane LogiTower \u2013 automatick\u00fd stojan na plechy a gu\u013eatiny. M\u00e1te ot\u00e1zky t\u00fdkaj\u00face sa n\u00e1\u0161ho produktu? Nap\u00ed\u0161te n\u00e1m pomocou kontaktn\u00e9ho formul\u00e1ra ni\u017e\u0161ie alebo priamo na adrese info@logitower.eu.\" \/>\n<meta name=\"robots\" content=\"index, follow, max-snippet:-1, max-image-preview:large, max-video-preview:-1\" \/>\n<link rel=\"canonical\" href=\"http:\/\/logitower.eu\/sk\/kontakt\/\" \/>\n<meta property=\"og:locale\" content=\"sk_SK\" \/>\n<meta property=\"og:type\" content=\"article\" \/>\n<meta property=\"og:title\" content=\"Kontakt - LogiTower SK\" \/>\n<meta property=\"og:description\" content=\"\u0160pecializujeme sa na navrhovanie a implement\u00e1ciu automatizovan\u00fdch skladovac\u00edch syst\u00e9mov, vr\u00e1tane LogiTower \u2013 automatick\u00fd stojan na plechy a gu\u013eatiny. M\u00e1te ot\u00e1zky t\u00fdkaj\u00face sa n\u00e1\u0161ho produktu? Nap\u00ed\u0161te n\u00e1m pomocou kontaktn\u00e9ho formul\u00e1ra ni\u017e\u0161ie alebo priamo na adrese info@logitower.eu.\" \/>\n<meta property=\"og:url\" content=\"http:\/\/logitower.eu\/sk\/kontakt\/\" \/>\n<meta property=\"og:site_name\" content=\"LogiTower SK\" \/>\n<meta property=\"article:modified_time\" content=\"2025-07-16T12:31:20+00:00\" \/>\n<meta name=\"twitter:card\" content=\"summary_large_image\" \/>\n<meta name=\"twitter:label1\" content=\"Predpokladan\u00fd \u010das \u010d\u00edtania\" \/>\n\t<meta name=\"twitter:data1\" content=\"1 min\u00fata\" \/>\n<script type=\"application\/ld+json\" class=\"yoast-schema-graph\">{\"@context\":\"https:\\\/\\\/schema.org\",\"@graph\":[{\"@type\":\"WebPage\",\"@id\":\"http:\\\/\\\/logitower.eu\\\/sk\\\/kontakt\\\/\",\"url\":\"http:\\\/\\\/logitower.eu\\\/sk\\\/kontakt\\\/\",\"name\":\"Kontakt - LogiTower SK\",\"isPartOf\":{\"@id\":\"https:\\\/\\\/logitower.eu\\\/sk\\\/#website\"},\"datePublished\":\"2020-03-11T12:59:39+00:00\",\"dateModified\":\"2025-07-16T12:31:20+00:00\",\"description\":\"\u0160pecializujeme sa na navrhovanie a implement\u00e1ciu automatizovan\u00fdch skladovac\u00edch syst\u00e9mov, vr\u00e1tane LogiTower \u2013 automatick\u00fd stojan na plechy a gu\u013eatiny. M\u00e1te ot\u00e1zky t\u00fdkaj\u00face sa n\u00e1\u0161ho produktu? Nap\u00ed\u0161te n\u00e1m pomocou kontaktn\u00e9ho formul\u00e1ra ni\u017e\u0161ie alebo priamo na adrese info@logitower.eu.\",\"breadcrumb\":{\"@id\":\"http:\\\/\\\/logitower.eu\\\/sk\\\/kontakt\\\/#breadcrumb\"},\"inLanguage\":\"sk-SK\",\"potentialAction\":[{\"@type\":\"ReadAction\",\"target\":[\"http:\\\/\\\/logitower.eu\\\/sk\\\/kontakt\\\/\"]}]},{\"@type\":\"BreadcrumbList\",\"@id\":\"http:\\\/\\\/logitower.eu\\\/sk\\\/kontakt\\\/#breadcrumb\",\"itemListElement\":[{\"@type\":\"ListItem\",\"position\":1,\"name\":\"Home\",\"item\":\"https:\\\/\\\/logitower.eu\\\/sk\\\/\"},{\"@type\":\"ListItem\",\"position\":2,\"name\":\"Kontakt\"}]},{\"@type\":\"WebSite\",\"@id\":\"https:\\\/\\\/logitower.eu\\\/sk\\\/#website\",\"url\":\"https:\\\/\\\/logitower.eu\\\/sk\\\/\",\"name\":\"LogiTower SK\",\"description\":\"\",\"potentialAction\":[{\"@type\":\"SearchAction\",\"target\":{\"@type\":\"EntryPoint\",\"urlTemplate\":\"https:\\\/\\\/logitower.eu\\\/sk\\\/?s={search_term_string}\"},\"query-input\":{\"@type\":\"PropertyValueSpecification\",\"valueRequired\":true,\"valueName\":\"search_term_string\"}}],\"inLanguage\":\"sk-SK\"}]}<\/script>\n<!-- \/ Yoast SEO plugin. -->","yoast_head_json":{"title":"Kontakt - LogiTower SK","description":"\u0160pecializujeme sa na navrhovanie a implement\u00e1ciu automatizovan\u00fdch skladovac\u00edch syst\u00e9mov, vr\u00e1tane LogiTower \u2013 automatick\u00fd stojan na plechy a gu\u013eatiny. M\u00e1te ot\u00e1zky t\u00fdkaj\u00face sa n\u00e1\u0161ho produktu? Nap\u00ed\u0161te n\u00e1m pomocou kontaktn\u00e9ho formul\u00e1ra ni\u017e\u0161ie alebo priamo na adrese info@logitower.eu.","robots":{"index":"index","follow":"follow","max-snippet":"max-snippet:-1","max-image-preview":"max-image-preview:large","max-video-preview":"max-video-preview:-1"},"canonical":"http:\/\/logitower.eu\/sk\/kontakt\/","og_locale":"sk_SK","og_type":"article","og_title":"Kontakt - LogiTower SK","og_description":"\u0160pecializujeme sa na navrhovanie a implement\u00e1ciu automatizovan\u00fdch skladovac\u00edch syst\u00e9mov, vr\u00e1tane LogiTower \u2013 automatick\u00fd stojan na plechy a gu\u013eatiny. M\u00e1te ot\u00e1zky t\u00fdkaj\u00face sa n\u00e1\u0161ho produktu? Nap\u00ed\u0161te n\u00e1m pomocou kontaktn\u00e9ho formul\u00e1ra ni\u017e\u0161ie alebo priamo na adrese info@logitower.eu.","og_url":"http:\/\/logitower.eu\/sk\/kontakt\/","og_site_name":"LogiTower SK","article_modified_time":"2025-07-16T12:31:20+00:00","twitter_card":"summary_large_image","twitter_misc":{"Predpokladan\u00fd \u010das \u010d\u00edtania":"1 min\u00fata"},"schema":{"@context":"https:\/\/schema.org","@graph":[{"@type":"WebPage","@id":"http:\/\/logitower.eu\/sk\/kontakt\/","url":"http:\/\/logitower.eu\/sk\/kontakt\/","name":"Kontakt - LogiTower SK","isPartOf":{"@id":"https:\/\/logitower.eu\/sk\/#website"},"datePublished":"2020-03-11T12:59:39+00:00","dateModified":"2025-07-16T12:31:20+00:00","description":"\u0160pecializujeme sa na navrhovanie a implement\u00e1ciu automatizovan\u00fdch skladovac\u00edch syst\u00e9mov, vr\u00e1tane LogiTower \u2013 automatick\u00fd stojan na plechy a gu\u013eatiny. M\u00e1te ot\u00e1zky t\u00fdkaj\u00face sa n\u00e1\u0161ho produktu? Nap\u00ed\u0161te n\u00e1m pomocou kontaktn\u00e9ho formul\u00e1ra ni\u017e\u0161ie alebo priamo na adrese info@logitower.eu.","breadcrumb":{"@id":"http:\/\/logitower.eu\/sk\/kontakt\/#breadcrumb"},"inLanguage":"sk-SK","potentialAction":[{"@type":"ReadAction","target":["http:\/\/logitower.eu\/sk\/kontakt\/"]}]},{"@type":"BreadcrumbList","@id":"http:\/\/logitower.eu\/sk\/kontakt\/#breadcrumb","itemListElement":[{"@type":"ListItem","position":1,"name":"Home","item":"https:\/\/logitower.eu\/sk\/"},{"@type":"ListItem","position":2,"name":"Kontakt"}]},{"@type":"WebSite","@id":"https:\/\/logitower.eu\/sk\/#website","url":"https:\/\/logitower.eu\/sk\/","name":"LogiTower SK","description":"","potentialAction":[{"@type":"SearchAction","target":{"@type":"EntryPoint","urlTemplate":"https:\/\/logitower.eu\/sk\/?s={search_term_string}"},"query-input":{"@type":"PropertyValueSpecification","valueRequired":true,"valueName":"search_term_string"}}],"inLanguage":"sk-SK"}]}},"_links":{"self":[{"href":"https:\/\/logitower.eu\/sk\/wp-json\/wp\/v2\/pages\/174","targetHints":{"allow":["GET"]}}],"collection":[{"href":"https:\/\/logitower.eu\/sk\/wp-json\/wp\/v2\/pages"}],"about":[{"href":"https:\/\/logitower.eu\/sk\/wp-json\/wp\/v2\/types\/page"}],"author":[{"embeddable":true,"href":"https:\/\/logitower.eu\/sk\/wp-json\/wp\/v2\/users\/1"}],"replies":[{"embeddable":true,"href":"https:\/\/logitower.eu\/sk\/wp-json\/wp\/v2\/comments?post=174"}],"version-history":[{"count":10,"href":"https:\/\/logitower.eu\/sk\/wp-json\/wp\/v2\/pages\/174\/revisions"}],"predecessor-version":[{"id":1478,"href":"https:\/\/logitower.eu\/sk\/wp-json\/wp\/v2\/pages\/174\/revisions\/1478"}],"wp:attachment":[{"href":"https:\/\/logitower.eu\/sk\/wp-json\/wp\/v2\/media?parent=174"}],"curies":[{"name":"wp","href":"https:\/\/api.w.org\/{rel}","templated":true}]}}