{"id":179,"date":"2020-03-11T14:02:26","date_gmt":"2020-03-11T13:02:26","guid":{"rendered":"http:\/\/logitower.eu\/?page_id=179"},"modified":"2026-01-22T15:00:50","modified_gmt":"2026-01-22T14:00:50","slug":"o-nas","status":"publish","type":"page","link":"http:\/\/logitower.eu\/sk\/o-nas\/","title":{"rendered":"O n\u00e1s"},"content":{"rendered":"<p>O N\u00c1S<\/p>\n<h2>MNOHORO\u010cN\u00c9 SK\u00daSENOSTI, INDIVIDU\u00c1LNE PROJEKTY, KOMPLEXN\u00c1 OBSLUHA<\/h2>\n<p><a href=\"http:\/\/logitower.eu\/\">LogiTower<\/a>\u00a0je zna\u010dka sp\u00e4t\u00e1 s projektovan\u00edm a implementovan\u00edm automatick\u00fdch skladov\u00fdch syst\u00e9mov pre priemysel a logistiku na celom svete.<\/p>\n<p><u>Dozve\u010fte sa viac<\/u><\/p>\n<p>V na\u0161om portf\u00f3liu n\u00e1jdete okrem in\u00e9ho automatick\u00fd sklad plechov, dlh\u00fdch, \u0165a\u017ek\u00fdch a netypick\u00fdch predmetov <a href=\"http:\/\/logitower.eu\/lista-produktow\/\">LogiTower<\/a>, automatick\u00fd syst\u00e9m skladovania dlh\u00fdch predmetov, ako s\u00fa dosky, profily, r\u00fary a ty\u010de,\u00a0<a href=\"http:\/\/logitower.eu\/magazyn-blach-i-dluzyc\/logicomb-system-honeycomb\/\">LogiComb<\/a> a\u00a0tie\u017e reg\u00e1lov\u00e9 zaklada\u010de <a href=\"http:\/\/logitower.eu\/magazyn-blach-i-dluzyc\/ukladnica-magazynowa-logicrane\/\">LogiCrane<\/a>.<\/p>\n<p>Na\u0161e skladov\u00e9 rie\u0161enia maj\u00fa individu\u00e1lny a komplexn\u00fd charakter. Zabezpe\u010dujeme mont\u00e1\u017e, profesion\u00e1lny popredajn\u00fd servis a podporu viac ne\u017e 60 odborn\u00edkov. \u010co je d\u00f4le\u017eit\u00e9, rie\u0161enia s\u00fa u\u017e po\u010das f\u00e1zy projektovania prisp\u00f4sobovan\u00e9 pod\u013ea potrieb z\u00e1kazn\u00edka, podmienkam jeho skladov\u00e9ho z\u00e1zemia, typu skladovan\u00fdch predmetov, zoh\u013ead\u0148uj\u00fac aj mnoho in\u00fdch faktorov.<\/p>\n<p>Odberate\u013emi automatick\u00fdch syst\u00e9mov\u00a0<a href=\"http:\/\/logitower.eu\/\"><strong>LogiTower<\/strong><\/a> s\u00fa:<\/p>\n<ul>\n<li>sklady a distribu\u010dn\u00e9 centr\u00e1<\/li>\n<li>stroj\u00e1rsky priemysel, odvetvie spracovania kovov, automobilov\u00fd, elektronick\u00fd priemysel, odvetvie v\u00fdroby spotrebi\u010dov, letectvo, n\u00e1bytk\u00e1rstvo, odvetvie spracovania plastov, a mnoho in\u00fdch odvetv\u00ed.<\/li>\n<\/ul>\n<h2><\/h2>\n<h2>HODNOTY, KTOR\u00ddMI SA VYZNA\u010cUJE NA\u0160A ZNA\u010cKA:<\/h2>\n<ul>\n<li>komplexn\u00e9 rie\u0161enie: projekt \u2013 mont\u00e1\u017e \u2013 <a href=\"http:\/\/logitower.eu\/wsparcie-techniczne\/\">servis<\/a> z\u00e1ru\u010dn\u00fd a poz\u00e1ru\u010dn\u00fd;<\/li>\n<li>pevn\u00e1 kon\u0161trukcia syst\u00e9mov zalo\u017een\u00e1 na komponentoch t\u00fdch najrenomovanej\u0161\u00edch svetov\u00fdch zna\u010diek;<\/li>\n<li>flexibilita rie\u0161en\u00ed v\u010faka individu\u00e1lnym projektom a mo\u017enosti spolupr\u00e1ce so \u0161irok\u00fdm spektrom perif\u00e9rnych zariaden\u00ed;<\/li>\n<li><a href=\"http:\/\/logitower.eu\/magazyn-blach-i-dluzyc\/integracja-z-system-erp-wms\/\">integr\u00e1cia reg\u00e1lov so syst\u00e9mom ERP\/WMS<\/a>;<\/li>\n<li>podpora viac ne\u017e 60 odborn\u00edkov.<\/li>\n<\/ul>\n","protected":false},"excerpt":{"rendered":"<p>O N\u00c1S MNOHORO\u010cN\u00c9 SK\u00daSENOSTI, INDIVIDU\u00c1LNE PROJEKTY, KOMPLEXN\u00c1 OBSLUHA LogiTower\u00a0je zna\u010dka sp\u00e4t\u00e1 s projektovan\u00edm a implementovan\u00edm automatick\u00fdch skladov\u00fdch syst\u00e9mov pre priemysel a logistiku na celom svete. Dozve\u010fte sa viac V na\u0161om portf\u00f3liu n\u00e1jdete okrem in\u00e9ho automatick\u00fd sklad plechov, dlh\u00fdch, \u0165a\u017ek\u00fdch a netypick\u00fdch predmetov LogiTower, automatick\u00fd syst\u00e9m skladovania dlh\u00fdch predmetov, ako s\u00fa dosky, profily, r\u00fary a ty\u010de,\u00a0LogiComb [&hellip;]<\/p>\n","protected":false},"author":1,"featured_media":0,"parent":0,"menu_order":0,"comment_status":"closed","ping_status":"closed","template":"static.php","meta":{"_acf_changed":false,"inline_featured_image":false,"footnotes":""},"class_list":["post-179","page","type-page","status-publish","hentry"],"acf":[],"yoast_head":"<!-- This site is optimized with the Yoast SEO plugin v27.3 - https:\/\/yoast.com\/product\/yoast-seo-wordpress\/ -->\n<title>O n\u00e1s - LogiTower SK<\/title>\n<meta name=\"robots\" content=\"index, follow, max-snippet:-1, max-image-preview:large, max-video-preview:-1\" \/>\n<link rel=\"canonical\" href=\"http:\/\/logitower.eu\/sk\/o-nas\/\" \/>\n<meta property=\"og:locale\" content=\"sk_SK\" \/>\n<meta property=\"og:type\" content=\"article\" \/>\n<meta property=\"og:title\" content=\"O n\u00e1s - LogiTower SK\" \/>\n<meta property=\"og:description\" content=\"O N\u00c1S MNOHORO\u010cN\u00c9 SK\u00daSENOSTI, INDIVIDU\u00c1LNE PROJEKTY, KOMPLEXN\u00c1 OBSLUHA LogiTower\u00a0je zna\u010dka sp\u00e4t\u00e1 s projektovan\u00edm a implementovan\u00edm automatick\u00fdch skladov\u00fdch syst\u00e9mov pre priemysel a logistiku na celom svete. Dozve\u010fte sa viac V na\u0161om portf\u00f3liu n\u00e1jdete okrem in\u00e9ho automatick\u00fd sklad plechov, dlh\u00fdch, \u0165a\u017ek\u00fdch a netypick\u00fdch predmetov LogiTower, automatick\u00fd syst\u00e9m skladovania dlh\u00fdch predmetov, ako s\u00fa dosky, profily, r\u00fary a ty\u010de,\u00a0LogiComb [&hellip;]\" \/>\n<meta property=\"og:url\" content=\"http:\/\/logitower.eu\/sk\/o-nas\/\" \/>\n<meta property=\"og:site_name\" content=\"LogiTower SK\" \/>\n<meta property=\"article:modified_time\" content=\"2026-01-22T14:00:50+00:00\" \/>\n<meta name=\"twitter:card\" content=\"summary_large_image\" \/>\n<meta name=\"twitter:label1\" content=\"Predpokladan\u00fd \u010das \u010d\u00edtania\" \/>\n\t<meta name=\"twitter:data1\" content=\"3 min\u00faty\" \/>\n<script type=\"application\/ld+json\" class=\"yoast-schema-graph\">{\"@context\":\"https:\\\/\\\/schema.org\",\"@graph\":[{\"@type\":\"WebPage\",\"@id\":\"http:\\\/\\\/logitower.eu\\\/sk\\\/o-nas\\\/\",\"url\":\"http:\\\/\\\/logitower.eu\\\/sk\\\/o-nas\\\/\",\"name\":\"O n\u00e1s - LogiTower SK\",\"isPartOf\":{\"@id\":\"https:\\\/\\\/logitower.eu\\\/sk\\\/#website\"},\"datePublished\":\"2020-03-11T13:02:26+00:00\",\"dateModified\":\"2026-01-22T14:00:50+00:00\",\"breadcrumb\":{\"@id\":\"http:\\\/\\\/logitower.eu\\\/sk\\\/o-nas\\\/#breadcrumb\"},\"inLanguage\":\"sk-SK\",\"potentialAction\":[{\"@type\":\"ReadAction\",\"target\":[\"http:\\\/\\\/logitower.eu\\\/sk\\\/o-nas\\\/\"]}]},{\"@type\":\"BreadcrumbList\",\"@id\":\"http:\\\/\\\/logitower.eu\\\/sk\\\/o-nas\\\/#breadcrumb\",\"itemListElement\":[{\"@type\":\"ListItem\",\"position\":1,\"name\":\"Home\",\"item\":\"https:\\\/\\\/logitower.eu\\\/sk\\\/\"},{\"@type\":\"ListItem\",\"position\":2,\"name\":\"O n\u00e1s\"}]},{\"@type\":\"WebSite\",\"@id\":\"https:\\\/\\\/logitower.eu\\\/sk\\\/#website\",\"url\":\"https:\\\/\\\/logitower.eu\\\/sk\\\/\",\"name\":\"LogiTower SK\",\"description\":\"\",\"potentialAction\":[{\"@type\":\"SearchAction\",\"target\":{\"@type\":\"EntryPoint\",\"urlTemplate\":\"https:\\\/\\\/logitower.eu\\\/sk\\\/?s={search_term_string}\"},\"query-input\":{\"@type\":\"PropertyValueSpecification\",\"valueRequired\":true,\"valueName\":\"search_term_string\"}}],\"inLanguage\":\"sk-SK\"}]}<\/script>\n<!-- \/ Yoast SEO plugin. -->","yoast_head_json":{"title":"O n\u00e1s - LogiTower SK","robots":{"index":"index","follow":"follow","max-snippet":"max-snippet:-1","max-image-preview":"max-image-preview:large","max-video-preview":"max-video-preview:-1"},"canonical":"http:\/\/logitower.eu\/sk\/o-nas\/","og_locale":"sk_SK","og_type":"article","og_title":"O n\u00e1s - LogiTower SK","og_description":"O N\u00c1S MNOHORO\u010cN\u00c9 SK\u00daSENOSTI, INDIVIDU\u00c1LNE PROJEKTY, KOMPLEXN\u00c1 OBSLUHA LogiTower\u00a0je zna\u010dka sp\u00e4t\u00e1 s projektovan\u00edm a implementovan\u00edm automatick\u00fdch skladov\u00fdch syst\u00e9mov pre priemysel a logistiku na celom svete. Dozve\u010fte sa viac V na\u0161om portf\u00f3liu n\u00e1jdete okrem in\u00e9ho automatick\u00fd sklad plechov, dlh\u00fdch, \u0165a\u017ek\u00fdch a netypick\u00fdch predmetov LogiTower, automatick\u00fd syst\u00e9m skladovania dlh\u00fdch predmetov, ako s\u00fa dosky, profily, r\u00fary a ty\u010de,\u00a0LogiComb [&hellip;]","og_url":"http:\/\/logitower.eu\/sk\/o-nas\/","og_site_name":"LogiTower SK","article_modified_time":"2026-01-22T14:00:50+00:00","twitter_card":"summary_large_image","twitter_misc":{"Predpokladan\u00fd \u010das \u010d\u00edtania":"3 min\u00faty"},"schema":{"@context":"https:\/\/schema.org","@graph":[{"@type":"WebPage","@id":"http:\/\/logitower.eu\/sk\/o-nas\/","url":"http:\/\/logitower.eu\/sk\/o-nas\/","name":"O n\u00e1s - LogiTower SK","isPartOf":{"@id":"https:\/\/logitower.eu\/sk\/#website"},"datePublished":"2020-03-11T13:02:26+00:00","dateModified":"2026-01-22T14:00:50+00:00","breadcrumb":{"@id":"http:\/\/logitower.eu\/sk\/o-nas\/#breadcrumb"},"inLanguage":"sk-SK","potentialAction":[{"@type":"ReadAction","target":["http:\/\/logitower.eu\/sk\/o-nas\/"]}]},{"@type":"BreadcrumbList","@id":"http:\/\/logitower.eu\/sk\/o-nas\/#breadcrumb","itemListElement":[{"@type":"ListItem","position":1,"name":"Home","item":"https:\/\/logitower.eu\/sk\/"},{"@type":"ListItem","position":2,"name":"O n\u00e1s"}]},{"@type":"WebSite","@id":"https:\/\/logitower.eu\/sk\/#website","url":"https:\/\/logitower.eu\/sk\/","name":"LogiTower SK","description":"","potentialAction":[{"@type":"SearchAction","target":{"@type":"EntryPoint","urlTemplate":"https:\/\/logitower.eu\/sk\/?s={search_term_string}"},"query-input":{"@type":"PropertyValueSpecification","valueRequired":true,"valueName":"search_term_string"}}],"inLanguage":"sk-SK"}]}},"_links":{"self":[{"href":"https:\/\/logitower.eu\/sk\/wp-json\/wp\/v2\/pages\/179","targetHints":{"allow":["GET"]}}],"collection":[{"href":"https:\/\/logitower.eu\/sk\/wp-json\/wp\/v2\/pages"}],"about":[{"href":"https:\/\/logitower.eu\/sk\/wp-json\/wp\/v2\/types\/page"}],"author":[{"embeddable":true,"href":"https:\/\/logitower.eu\/sk\/wp-json\/wp\/v2\/users\/1"}],"replies":[{"embeddable":true,"href":"https:\/\/logitower.eu\/sk\/wp-json\/wp\/v2\/comments?post=179"}],"version-history":[{"count":19,"href":"https:\/\/logitower.eu\/sk\/wp-json\/wp\/v2\/pages\/179\/revisions"}],"predecessor-version":[{"id":1500,"href":"https:\/\/logitower.eu\/sk\/wp-json\/wp\/v2\/pages\/179\/revisions\/1500"}],"wp:attachment":[{"href":"https:\/\/logitower.eu\/sk\/wp-json\/wp\/v2\/media?parent=179"}],"curies":[{"name":"wp","href":"https:\/\/api.w.org\/{rel}","templated":true}]}}