{"id":296,"date":"2020-03-16T09:35:22","date_gmt":"2020-03-16T08:35:22","guid":{"rendered":"http:\/\/logitower.eu\/?page_id=296"},"modified":"2025-07-17T09:48:58","modified_gmt":"2025-07-17T07:48:58","slug":"zoznam-vyrobkov","status":"publish","type":"page","link":"http:\/\/logitower.eu\/sk\/zoznam-vyrobkov\/","title":{"rendered":"Zoznam v\u00fdrobkov"},"content":{"rendered":"<p><strong>ZOZNAM V\u00ddROBKOV<\/strong><\/p>\n<p>Automatick\u00fd skladov\u00fd reg\u00e1l<a href=\"http:\/\/logitower.eu\/\">\u00a0LogiTower<\/a>\u00a0umo\u017e\u0148uje \u00fasporne, ergonomicky a bezpe\u010dne\u00a0<a href=\"http:\/\/logitower.eu\/logitower-na-blachy\/\">skladova\u0165 plechy<\/a>,\u00a0<a href=\"http:\/\/logitower.eu\/logitower-na-dluzyce\/\">profily a ty\u010de<\/a><strong>,\u00a0<\/strong>kovov\u00e9 komponenty, stroje a v\u0161etky in\u00e9 predmety s hmotnos\u0165ou do 8 ton na policu a s d\u013a\u017ekou dokonca a\u017e do 12 metrov.<\/p>\n","protected":false},"excerpt":{"rendered":"<p>ZOZNAM V\u00ddROBKOV Automatick\u00fd skladov\u00fd reg\u00e1l\u00a0LogiTower\u00a0umo\u017e\u0148uje \u00fasporne, ergonomicky a bezpe\u010dne\u00a0skladova\u0165 plechy,\u00a0profily a ty\u010de,\u00a0kovov\u00e9 komponenty, stroje a v\u0161etky in\u00e9 predmety s hmotnos\u0165ou do 8 ton na policu a s d\u013a\u017ekou dokonca a\u017e do 12 metrov.<\/p>\n","protected":false},"author":1,"featured_media":0,"parent":0,"menu_order":0,"comment_status":"closed","ping_status":"closed","template":"archive-products.php","meta":{"_acf_changed":false,"inline_featured_image":false,"footnotes":""},"class_list":["post-296","page","type-page","status-publish","hentry"],"acf":[],"yoast_head":"<!-- This site is optimized with the Yoast SEO plugin v27.3 - https:\/\/yoast.com\/product\/yoast-seo-wordpress\/ -->\n<title>Zoznam v\u00fdrobkov - LogiTower SK<\/title>\n<meta name=\"description\" content=\"Automatick\u00fd reg\u00e1l LogiTower funguje na princ\u00edpe v\u00fd\u0165ahu, ktor\u00fd dopravuje police s materi\u00e1lom oper\u00e1torom. Syst\u00e9m na neve\u013ekej ploche umo\u017e\u0148uje ergonomicky a bezpe\u010dne skladova\u0165 \u0165a\u017ek\u00e9 materi\u00e1ly, ako napr. plechy, r\u00fary a hranoly, profily a panely, kovov\u00e9 komponenty, n\u00e1stroje a matrice, ako aj in\u00e9 ve\u013ekorozmern\u00e9 alebo \u0165a\u017ek\u00e9 predmety a materi\u00e1ly.\" \/>\n<meta name=\"robots\" content=\"index, follow, max-snippet:-1, max-image-preview:large, max-video-preview:-1\" \/>\n<link rel=\"canonical\" href=\"http:\/\/logitower.eu\/sk\/zoznam-vyrobkov\/\" \/>\n<meta property=\"og:locale\" content=\"sk_SK\" \/>\n<meta property=\"og:type\" content=\"article\" \/>\n<meta property=\"og:title\" content=\"Zoznam v\u00fdrobkov - LogiTower SK\" \/>\n<meta property=\"og:description\" content=\"Automatick\u00fd reg\u00e1l LogiTower funguje na princ\u00edpe v\u00fd\u0165ahu, ktor\u00fd dopravuje police s materi\u00e1lom oper\u00e1torom. Syst\u00e9m na neve\u013ekej ploche umo\u017e\u0148uje ergonomicky a bezpe\u010dne skladova\u0165 \u0165a\u017ek\u00e9 materi\u00e1ly, ako napr. plechy, r\u00fary a hranoly, profily a panely, kovov\u00e9 komponenty, n\u00e1stroje a matrice, ako aj in\u00e9 ve\u013ekorozmern\u00e9 alebo \u0165a\u017ek\u00e9 predmety a materi\u00e1ly.\" \/>\n<meta property=\"og:url\" content=\"http:\/\/logitower.eu\/sk\/zoznam-vyrobkov\/\" \/>\n<meta property=\"og:site_name\" content=\"LogiTower SK\" \/>\n<meta property=\"article:modified_time\" content=\"2025-07-17T07:48:58+00:00\" \/>\n<meta name=\"twitter:card\" content=\"summary_large_image\" \/>\n<meta name=\"twitter:label1\" content=\"Predpokladan\u00fd \u010das \u010d\u00edtania\" \/>\n\t<meta name=\"twitter:data1\" content=\"2 min\u00faty\" \/>\n<script type=\"application\/ld+json\" class=\"yoast-schema-graph\">{\"@context\":\"https:\\\/\\\/schema.org\",\"@graph\":[{\"@type\":\"WebPage\",\"@id\":\"http:\\\/\\\/logitower.eu\\\/sk\\\/zoznam-vyrobkov\\\/\",\"url\":\"http:\\\/\\\/logitower.eu\\\/sk\\\/zoznam-vyrobkov\\\/\",\"name\":\"Zoznam v\u00fdrobkov - LogiTower SK\",\"isPartOf\":{\"@id\":\"https:\\\/\\\/logitower.eu\\\/sk\\\/#website\"},\"datePublished\":\"2020-03-16T08:35:22+00:00\",\"dateModified\":\"2025-07-17T07:48:58+00:00\",\"description\":\"Automatick\u00fd reg\u00e1l LogiTower funguje na princ\u00edpe v\u00fd\u0165ahu, ktor\u00fd dopravuje police s materi\u00e1lom oper\u00e1torom. Syst\u00e9m na neve\u013ekej ploche umo\u017e\u0148uje ergonomicky a bezpe\u010dne skladova\u0165 \u0165a\u017ek\u00e9 materi\u00e1ly, ako napr. plechy, r\u00fary a hranoly, profily a panely, kovov\u00e9 komponenty, n\u00e1stroje a matrice, ako aj in\u00e9 ve\u013ekorozmern\u00e9 alebo \u0165a\u017ek\u00e9 predmety a materi\u00e1ly.\",\"breadcrumb\":{\"@id\":\"http:\\\/\\\/logitower.eu\\\/sk\\\/zoznam-vyrobkov\\\/#breadcrumb\"},\"inLanguage\":\"sk-SK\",\"potentialAction\":[{\"@type\":\"ReadAction\",\"target\":[\"http:\\\/\\\/logitower.eu\\\/sk\\\/zoznam-vyrobkov\\\/\"]}]},{\"@type\":\"BreadcrumbList\",\"@id\":\"http:\\\/\\\/logitower.eu\\\/sk\\\/zoznam-vyrobkov\\\/#breadcrumb\",\"itemListElement\":[{\"@type\":\"ListItem\",\"position\":1,\"name\":\"Home\",\"item\":\"https:\\\/\\\/logitower.eu\\\/sk\\\/\"},{\"@type\":\"ListItem\",\"position\":2,\"name\":\"Zoznam v\u00fdrobkov\"}]},{\"@type\":\"WebSite\",\"@id\":\"https:\\\/\\\/logitower.eu\\\/sk\\\/#website\",\"url\":\"https:\\\/\\\/logitower.eu\\\/sk\\\/\",\"name\":\"LogiTower SK\",\"description\":\"\",\"potentialAction\":[{\"@type\":\"SearchAction\",\"target\":{\"@type\":\"EntryPoint\",\"urlTemplate\":\"https:\\\/\\\/logitower.eu\\\/sk\\\/?s={search_term_string}\"},\"query-input\":{\"@type\":\"PropertyValueSpecification\",\"valueRequired\":true,\"valueName\":\"search_term_string\"}}],\"inLanguage\":\"sk-SK\"}]}<\/script>\n<!-- \/ Yoast SEO plugin. -->","yoast_head_json":{"title":"Zoznam v\u00fdrobkov - LogiTower SK","description":"Automatick\u00fd reg\u00e1l LogiTower funguje na princ\u00edpe v\u00fd\u0165ahu, ktor\u00fd dopravuje police s materi\u00e1lom oper\u00e1torom. Syst\u00e9m na neve\u013ekej ploche umo\u017e\u0148uje ergonomicky a bezpe\u010dne skladova\u0165 \u0165a\u017ek\u00e9 materi\u00e1ly, ako napr. plechy, r\u00fary a hranoly, profily a panely, kovov\u00e9 komponenty, n\u00e1stroje a matrice, ako aj in\u00e9 ve\u013ekorozmern\u00e9 alebo \u0165a\u017ek\u00e9 predmety a materi\u00e1ly.","robots":{"index":"index","follow":"follow","max-snippet":"max-snippet:-1","max-image-preview":"max-image-preview:large","max-video-preview":"max-video-preview:-1"},"canonical":"http:\/\/logitower.eu\/sk\/zoznam-vyrobkov\/","og_locale":"sk_SK","og_type":"article","og_title":"Zoznam v\u00fdrobkov - LogiTower SK","og_description":"Automatick\u00fd reg\u00e1l LogiTower funguje na princ\u00edpe v\u00fd\u0165ahu, ktor\u00fd dopravuje police s materi\u00e1lom oper\u00e1torom. Syst\u00e9m na neve\u013ekej ploche umo\u017e\u0148uje ergonomicky a bezpe\u010dne skladova\u0165 \u0165a\u017ek\u00e9 materi\u00e1ly, ako napr. plechy, r\u00fary a hranoly, profily a panely, kovov\u00e9 komponenty, n\u00e1stroje a matrice, ako aj in\u00e9 ve\u013ekorozmern\u00e9 alebo \u0165a\u017ek\u00e9 predmety a materi\u00e1ly.","og_url":"http:\/\/logitower.eu\/sk\/zoznam-vyrobkov\/","og_site_name":"LogiTower SK","article_modified_time":"2025-07-17T07:48:58+00:00","twitter_card":"summary_large_image","twitter_misc":{"Predpokladan\u00fd \u010das \u010d\u00edtania":"2 min\u00faty"},"schema":{"@context":"https:\/\/schema.org","@graph":[{"@type":"WebPage","@id":"http:\/\/logitower.eu\/sk\/zoznam-vyrobkov\/","url":"http:\/\/logitower.eu\/sk\/zoznam-vyrobkov\/","name":"Zoznam v\u00fdrobkov - LogiTower SK","isPartOf":{"@id":"https:\/\/logitower.eu\/sk\/#website"},"datePublished":"2020-03-16T08:35:22+00:00","dateModified":"2025-07-17T07:48:58+00:00","description":"Automatick\u00fd reg\u00e1l LogiTower funguje na princ\u00edpe v\u00fd\u0165ahu, ktor\u00fd dopravuje police s materi\u00e1lom oper\u00e1torom. Syst\u00e9m na neve\u013ekej ploche umo\u017e\u0148uje ergonomicky a bezpe\u010dne skladova\u0165 \u0165a\u017ek\u00e9 materi\u00e1ly, ako napr. plechy, r\u00fary a hranoly, profily a panely, kovov\u00e9 komponenty, n\u00e1stroje a matrice, ako aj in\u00e9 ve\u013ekorozmern\u00e9 alebo \u0165a\u017ek\u00e9 predmety a materi\u00e1ly.","breadcrumb":{"@id":"http:\/\/logitower.eu\/sk\/zoznam-vyrobkov\/#breadcrumb"},"inLanguage":"sk-SK","potentialAction":[{"@type":"ReadAction","target":["http:\/\/logitower.eu\/sk\/zoznam-vyrobkov\/"]}]},{"@type":"BreadcrumbList","@id":"http:\/\/logitower.eu\/sk\/zoznam-vyrobkov\/#breadcrumb","itemListElement":[{"@type":"ListItem","position":1,"name":"Home","item":"https:\/\/logitower.eu\/sk\/"},{"@type":"ListItem","position":2,"name":"Zoznam v\u00fdrobkov"}]},{"@type":"WebSite","@id":"https:\/\/logitower.eu\/sk\/#website","url":"https:\/\/logitower.eu\/sk\/","name":"LogiTower SK","description":"","potentialAction":[{"@type":"SearchAction","target":{"@type":"EntryPoint","urlTemplate":"https:\/\/logitower.eu\/sk\/?s={search_term_string}"},"query-input":{"@type":"PropertyValueSpecification","valueRequired":true,"valueName":"search_term_string"}}],"inLanguage":"sk-SK"}]}},"_links":{"self":[{"href":"https:\/\/logitower.eu\/sk\/wp-json\/wp\/v2\/pages\/296","targetHints":{"allow":["GET"]}}],"collection":[{"href":"https:\/\/logitower.eu\/sk\/wp-json\/wp\/v2\/pages"}],"about":[{"href":"https:\/\/logitower.eu\/sk\/wp-json\/wp\/v2\/types\/page"}],"author":[{"embeddable":true,"href":"https:\/\/logitower.eu\/sk\/wp-json\/wp\/v2\/users\/1"}],"replies":[{"embeddable":true,"href":"https:\/\/logitower.eu\/sk\/wp-json\/wp\/v2\/comments?post=296"}],"version-history":[{"count":17,"href":"https:\/\/logitower.eu\/sk\/wp-json\/wp\/v2\/pages\/296\/revisions"}],"predecessor-version":[{"id":1480,"href":"https:\/\/logitower.eu\/sk\/wp-json\/wp\/v2\/pages\/296\/revisions\/1480"}],"wp:attachment":[{"href":"https:\/\/logitower.eu\/sk\/wp-json\/wp\/v2\/media?parent=296"}],"curies":[{"name":"wp","href":"https:\/\/api.w.org\/{rel}","templated":true}]}}