{"id":298,"date":"2020-03-16T09:35:48","date_gmt":"2020-03-16T08:35:48","guid":{"rendered":"http:\/\/logitower.eu\/?page_id=298"},"modified":"2024-07-07T11:15:58","modified_gmt":"2024-07-07T09:15:58","slug":"pouzitie","status":"publish","type":"page","link":"http:\/\/logitower.eu\/sk\/pouzitie\/","title":{"rendered":"Pou\u017eitie"},"content":{"rendered":"<p>Automatick\u00fd skladovac\u00ed syst\u00e9m LogiTower funguje na z\u00e1klade vertik\u00e1lneho pohybu zdv\u00edhania a poskytuje poli\u010dky s tovarom oper\u00e1torovi v postupnom porad\u00ed. Tento syst\u00e9m zais\u0165uje efekt\u00edvne, ergonomick\u00e9 a bezpe\u010dn\u00e9 skladovanie \u0165a\u017ek\u00e9ho tovaru, ako napr\u00edklad: plechu, r\u00far, dlh\u00fdch ty\u010d\u00ed, profilov, panelov, kovov\u00fdch komponentov, \u0165a\u017ek\u00e9ho n\u00e1radia, foriem a v\u0161etk\u00fdch ostatn\u00fdch objemn\u00fdch prvkov.<\/p>\n","protected":false},"excerpt":{"rendered":"<p>Automatick\u00fd skladovac\u00ed syst\u00e9m LogiTower funguje na z\u00e1klade vertik\u00e1lneho pohybu zdv\u00edhania a poskytuje poli\u010dky s tovarom oper\u00e1torovi v postupnom porad\u00ed. Tento syst\u00e9m zais\u0165uje efekt\u00edvne, ergonomick\u00e9 a bezpe\u010dn\u00e9 skladovanie \u0165a\u017ek\u00e9ho tovaru, ako napr\u00edklad: plechu, r\u00far, dlh\u00fdch ty\u010d\u00ed, profilov, panelov, kovov\u00fdch komponentov, \u0165a\u017ek\u00e9ho n\u00e1radia, foriem a v\u0161etk\u00fdch ostatn\u00fdch objemn\u00fdch prvkov.<\/p>\n","protected":false},"author":1,"featured_media":0,"parent":0,"menu_order":0,"comment_status":"closed","ping_status":"closed","template":"archive-useges.php","meta":{"_acf_changed":false,"inline_featured_image":false,"footnotes":""},"class_list":["post-298","page","type-page","status-publish","hentry"],"acf":[],"yoast_head":"<!-- This site is optimized with the Yoast SEO plugin v27.3 - https:\/\/yoast.com\/product\/yoast-seo-wordpress\/ -->\n<title>Pou\u017eitie - LogiTower SK<\/title>\n<meta name=\"robots\" content=\"index, follow, max-snippet:-1, max-image-preview:large, max-video-preview:-1\" \/>\n<link rel=\"canonical\" href=\"http:\/\/logitower.eu\/sk\/pouzitie\/\" \/>\n<meta property=\"og:locale\" content=\"sk_SK\" \/>\n<meta property=\"og:type\" content=\"article\" \/>\n<meta property=\"og:title\" content=\"Pou\u017eitie - LogiTower SK\" \/>\n<meta property=\"og:description\" content=\"Automatick\u00fd skladovac\u00ed syst\u00e9m LogiTower funguje na z\u00e1klade vertik\u00e1lneho pohybu zdv\u00edhania a poskytuje poli\u010dky s tovarom oper\u00e1torovi v postupnom porad\u00ed. Tento syst\u00e9m zais\u0165uje efekt\u00edvne, ergonomick\u00e9 a bezpe\u010dn\u00e9 skladovanie \u0165a\u017ek\u00e9ho tovaru, ako napr\u00edklad: plechu, r\u00far, dlh\u00fdch ty\u010d\u00ed, profilov, panelov, kovov\u00fdch komponentov, \u0165a\u017ek\u00e9ho n\u00e1radia, foriem a v\u0161etk\u00fdch ostatn\u00fdch objemn\u00fdch prvkov.\" \/>\n<meta property=\"og:url\" content=\"http:\/\/logitower.eu\/sk\/pouzitie\/\" \/>\n<meta property=\"og:site_name\" content=\"LogiTower SK\" \/>\n<meta property=\"article:modified_time\" content=\"2024-07-07T09:15:58+00:00\" \/>\n<meta name=\"twitter:card\" content=\"summary_large_image\" \/>\n<meta name=\"twitter:label1\" content=\"Predpokladan\u00fd \u010das \u010d\u00edtania\" \/>\n\t<meta name=\"twitter:data1\" content=\"1 min\u00fata\" \/>\n<script type=\"application\/ld+json\" class=\"yoast-schema-graph\">{\"@context\":\"https:\\\/\\\/schema.org\",\"@graph\":[{\"@type\":\"WebPage\",\"@id\":\"http:\\\/\\\/logitower.eu\\\/sk\\\/pouzitie\\\/\",\"url\":\"http:\\\/\\\/logitower.eu\\\/sk\\\/pouzitie\\\/\",\"name\":\"Pou\u017eitie - LogiTower SK\",\"isPartOf\":{\"@id\":\"https:\\\/\\\/logitower.eu\\\/sk\\\/#website\"},\"datePublished\":\"2020-03-16T08:35:48+00:00\",\"dateModified\":\"2024-07-07T09:15:58+00:00\",\"breadcrumb\":{\"@id\":\"http:\\\/\\\/logitower.eu\\\/sk\\\/pouzitie\\\/#breadcrumb\"},\"inLanguage\":\"sk-SK\",\"potentialAction\":[{\"@type\":\"ReadAction\",\"target\":[\"http:\\\/\\\/logitower.eu\\\/sk\\\/pouzitie\\\/\"]}]},{\"@type\":\"BreadcrumbList\",\"@id\":\"http:\\\/\\\/logitower.eu\\\/sk\\\/pouzitie\\\/#breadcrumb\",\"itemListElement\":[{\"@type\":\"ListItem\",\"position\":1,\"name\":\"Home\",\"item\":\"https:\\\/\\\/logitower.eu\\\/sk\\\/\"},{\"@type\":\"ListItem\",\"position\":2,\"name\":\"Pou\u017eitie\"}]},{\"@type\":\"WebSite\",\"@id\":\"https:\\\/\\\/logitower.eu\\\/sk\\\/#website\",\"url\":\"https:\\\/\\\/logitower.eu\\\/sk\\\/\",\"name\":\"LogiTower SK\",\"description\":\"\",\"potentialAction\":[{\"@type\":\"SearchAction\",\"target\":{\"@type\":\"EntryPoint\",\"urlTemplate\":\"https:\\\/\\\/logitower.eu\\\/sk\\\/?s={search_term_string}\"},\"query-input\":{\"@type\":\"PropertyValueSpecification\",\"valueRequired\":true,\"valueName\":\"search_term_string\"}}],\"inLanguage\":\"sk-SK\"}]}<\/script>\n<!-- \/ Yoast SEO plugin. -->","yoast_head_json":{"title":"Pou\u017eitie - LogiTower SK","robots":{"index":"index","follow":"follow","max-snippet":"max-snippet:-1","max-image-preview":"max-image-preview:large","max-video-preview":"max-video-preview:-1"},"canonical":"http:\/\/logitower.eu\/sk\/pouzitie\/","og_locale":"sk_SK","og_type":"article","og_title":"Pou\u017eitie - LogiTower SK","og_description":"Automatick\u00fd skladovac\u00ed syst\u00e9m LogiTower funguje na z\u00e1klade vertik\u00e1lneho pohybu zdv\u00edhania a poskytuje poli\u010dky s tovarom oper\u00e1torovi v postupnom porad\u00ed. Tento syst\u00e9m zais\u0165uje efekt\u00edvne, ergonomick\u00e9 a bezpe\u010dn\u00e9 skladovanie \u0165a\u017ek\u00e9ho tovaru, ako napr\u00edklad: plechu, r\u00far, dlh\u00fdch ty\u010d\u00ed, profilov, panelov, kovov\u00fdch komponentov, \u0165a\u017ek\u00e9ho n\u00e1radia, foriem a v\u0161etk\u00fdch ostatn\u00fdch objemn\u00fdch prvkov.","og_url":"http:\/\/logitower.eu\/sk\/pouzitie\/","og_site_name":"LogiTower SK","article_modified_time":"2024-07-07T09:15:58+00:00","twitter_card":"summary_large_image","twitter_misc":{"Predpokladan\u00fd \u010das \u010d\u00edtania":"1 min\u00fata"},"schema":{"@context":"https:\/\/schema.org","@graph":[{"@type":"WebPage","@id":"http:\/\/logitower.eu\/sk\/pouzitie\/","url":"http:\/\/logitower.eu\/sk\/pouzitie\/","name":"Pou\u017eitie - LogiTower SK","isPartOf":{"@id":"https:\/\/logitower.eu\/sk\/#website"},"datePublished":"2020-03-16T08:35:48+00:00","dateModified":"2024-07-07T09:15:58+00:00","breadcrumb":{"@id":"http:\/\/logitower.eu\/sk\/pouzitie\/#breadcrumb"},"inLanguage":"sk-SK","potentialAction":[{"@type":"ReadAction","target":["http:\/\/logitower.eu\/sk\/pouzitie\/"]}]},{"@type":"BreadcrumbList","@id":"http:\/\/logitower.eu\/sk\/pouzitie\/#breadcrumb","itemListElement":[{"@type":"ListItem","position":1,"name":"Home","item":"https:\/\/logitower.eu\/sk\/"},{"@type":"ListItem","position":2,"name":"Pou\u017eitie"}]},{"@type":"WebSite","@id":"https:\/\/logitower.eu\/sk\/#website","url":"https:\/\/logitower.eu\/sk\/","name":"LogiTower SK","description":"","potentialAction":[{"@type":"SearchAction","target":{"@type":"EntryPoint","urlTemplate":"https:\/\/logitower.eu\/sk\/?s={search_term_string}"},"query-input":{"@type":"PropertyValueSpecification","valueRequired":true,"valueName":"search_term_string"}}],"inLanguage":"sk-SK"}]}},"_links":{"self":[{"href":"https:\/\/logitower.eu\/sk\/wp-json\/wp\/v2\/pages\/298","targetHints":{"allow":["GET"]}}],"collection":[{"href":"https:\/\/logitower.eu\/sk\/wp-json\/wp\/v2\/pages"}],"about":[{"href":"https:\/\/logitower.eu\/sk\/wp-json\/wp\/v2\/types\/page"}],"author":[{"embeddable":true,"href":"https:\/\/logitower.eu\/sk\/wp-json\/wp\/v2\/users\/1"}],"replies":[{"embeddable":true,"href":"https:\/\/logitower.eu\/sk\/wp-json\/wp\/v2\/comments?post=298"}],"version-history":[{"count":10,"href":"https:\/\/logitower.eu\/sk\/wp-json\/wp\/v2\/pages\/298\/revisions"}],"predecessor-version":[{"id":1471,"href":"https:\/\/logitower.eu\/sk\/wp-json\/wp\/v2\/pages\/298\/revisions\/1471"}],"wp:attachment":[{"href":"https:\/\/logitower.eu\/sk\/wp-json\/wp\/v2\/media?parent=298"}],"curies":[{"name":"wp","href":"https:\/\/api.w.org\/{rel}","templated":true}]}}