{"id":5,"date":"2020-03-10T15:06:09","date_gmt":"2020-03-10T14:06:09","guid":{"rendered":"http:\/\/logitower.eu\/?page_id=5"},"modified":"2025-07-25T15:47:52","modified_gmt":"2025-07-25T13:47:52","slug":"uvodna-stranka","status":"publish","type":"page","link":"https:\/\/logitower.eu\/sk\/","title":{"rendered":"\u00davodn\u00e1 str\u00e1nka"},"content":{"rendered":"","protected":false},"excerpt":{"rendered":"","protected":false},"author":1,"featured_media":0,"parent":0,"menu_order":0,"comment_status":"closed","ping_status":"closed","template":"homepage.php","meta":{"_acf_changed":false,"inline_featured_image":false,"footnotes":""},"class_list":["post-5","page","type-page","status-publish","hentry"],"acf":[],"yoast_head":"<!-- This site is optimized with the Yoast SEO plugin v27.3 - https:\/\/yoast.com\/product\/yoast-seo-wordpress\/ -->\n<title>Automatizovan\u00fd syst\u00e9m skladovania plechov. Automatick\u00e9 skladovanie LogiTower<\/title>\n<meta name=\"description\" content=\"Syst\u00e9m LogiTower umo\u017e\u0148uje efekt\u00edvne, ergonomick\u00e9 a bezpe\u010dn\u00e9 skladovanie \u0165a\u017ek\u00e9ho tovaru: plech, dlh\u00e9 ty\u010de, kovov\u00e9 komponenty, \u0165a\u017ek\u00e9 n\u00e1stroje a \u010fal\u0161ie prvky.\" \/>\n<meta name=\"robots\" content=\"index, follow, max-snippet:-1, max-image-preview:large, max-video-preview:-1\" \/>\n<link rel=\"canonical\" href=\"https:\/\/logitower.eu\/sk\/\" \/>\n<meta property=\"og:locale\" content=\"sk_SK\" \/>\n<meta property=\"og:type\" content=\"article\" \/>\n<meta property=\"og:title\" content=\"Automatizovan\u00fd syst\u00e9m skladovania plechov. Automatick\u00e9 skladovanie LogiTower\" \/>\n<meta property=\"og:description\" content=\"Syst\u00e9m LogiTower umo\u017e\u0148uje efekt\u00edvne, ergonomick\u00e9 a bezpe\u010dn\u00e9 skladovanie \u0165a\u017ek\u00e9ho tovaru: plech, dlh\u00e9 ty\u010de, kovov\u00e9 komponenty, \u0165a\u017ek\u00e9 n\u00e1stroje a \u010fal\u0161ie prvky.\" \/>\n<meta property=\"og:url\" content=\"https:\/\/logitower.eu\/sk\/\" \/>\n<meta property=\"og:site_name\" content=\"LogiTower SK\" \/>\n<meta property=\"article:modified_time\" content=\"2025-07-25T13:47:52+00:00\" \/>\n<meta name=\"twitter:card\" content=\"summary_large_image\" \/>\n<meta name=\"twitter:label1\" content=\"Predpokladan\u00fd \u010das \u010d\u00edtania\" \/>\n\t<meta name=\"twitter:data1\" content=\"8 min\u00fat\" \/>\n<script type=\"application\/ld+json\" class=\"yoast-schema-graph\">{\"@context\":\"https:\\\/\\\/schema.org\",\"@graph\":[{\"@type\":\"WebPage\",\"@id\":\"https:\\\/\\\/logitower.eu\\\/sk\\\/\",\"url\":\"https:\\\/\\\/logitower.eu\\\/sk\\\/\",\"name\":\"Automatizovan\u00fd syst\u00e9m skladovania plechov. Automatick\u00e9 skladovanie LogiTower\",\"isPartOf\":{\"@id\":\"https:\\\/\\\/logitower.eu\\\/sk\\\/#website\"},\"datePublished\":\"2020-03-10T14:06:09+00:00\",\"dateModified\":\"2025-07-25T13:47:52+00:00\",\"description\":\"Syst\u00e9m LogiTower umo\u017e\u0148uje efekt\u00edvne, ergonomick\u00e9 a bezpe\u010dn\u00e9 skladovanie \u0165a\u017ek\u00e9ho tovaru: plech, dlh\u00e9 ty\u010de, kovov\u00e9 komponenty, \u0165a\u017ek\u00e9 n\u00e1stroje a \u010fal\u0161ie prvky.\",\"breadcrumb\":{\"@id\":\"https:\\\/\\\/logitower.eu\\\/sk\\\/#breadcrumb\"},\"inLanguage\":\"sk-SK\",\"potentialAction\":[{\"@type\":\"ReadAction\",\"target\":[\"https:\\\/\\\/logitower.eu\\\/sk\\\/\"]}]},{\"@type\":\"BreadcrumbList\",\"@id\":\"https:\\\/\\\/logitower.eu\\\/sk\\\/#breadcrumb\",\"itemListElement\":[{\"@type\":\"ListItem\",\"position\":1,\"name\":\"Home\",\"item\":\"https:\\\/\\\/logitower.eu\\\/sk\\\/\"},{\"@type\":\"ListItem\",\"position\":2,\"name\":\"\u00davodn\u00e1 str\u00e1nka\"}]},{\"@type\":\"WebSite\",\"@id\":\"https:\\\/\\\/logitower.eu\\\/sk\\\/#website\",\"url\":\"https:\\\/\\\/logitower.eu\\\/sk\\\/\",\"name\":\"LogiTower SK\",\"description\":\"\",\"potentialAction\":[{\"@type\":\"SearchAction\",\"target\":{\"@type\":\"EntryPoint\",\"urlTemplate\":\"https:\\\/\\\/logitower.eu\\\/sk\\\/?s={search_term_string}\"},\"query-input\":{\"@type\":\"PropertyValueSpecification\",\"valueRequired\":true,\"valueName\":\"search_term_string\"}}],\"inLanguage\":\"sk-SK\"}]}<\/script>\n<!-- \/ Yoast SEO plugin. -->","yoast_head_json":{"title":"Automatizovan\u00fd syst\u00e9m skladovania plechov. Automatick\u00e9 skladovanie LogiTower","description":"Syst\u00e9m LogiTower umo\u017e\u0148uje efekt\u00edvne, ergonomick\u00e9 a bezpe\u010dn\u00e9 skladovanie \u0165a\u017ek\u00e9ho tovaru: plech, dlh\u00e9 ty\u010de, kovov\u00e9 komponenty, \u0165a\u017ek\u00e9 n\u00e1stroje a \u010fal\u0161ie prvky.","robots":{"index":"index","follow":"follow","max-snippet":"max-snippet:-1","max-image-preview":"max-image-preview:large","max-video-preview":"max-video-preview:-1"},"canonical":"https:\/\/logitower.eu\/sk\/","og_locale":"sk_SK","og_type":"article","og_title":"Automatizovan\u00fd syst\u00e9m skladovania plechov. Automatick\u00e9 skladovanie LogiTower","og_description":"Syst\u00e9m LogiTower umo\u017e\u0148uje efekt\u00edvne, ergonomick\u00e9 a bezpe\u010dn\u00e9 skladovanie \u0165a\u017ek\u00e9ho tovaru: plech, dlh\u00e9 ty\u010de, kovov\u00e9 komponenty, \u0165a\u017ek\u00e9 n\u00e1stroje a \u010fal\u0161ie prvky.","og_url":"https:\/\/logitower.eu\/sk\/","og_site_name":"LogiTower SK","article_modified_time":"2025-07-25T13:47:52+00:00","twitter_card":"summary_large_image","twitter_misc":{"Predpokladan\u00fd \u010das \u010d\u00edtania":"8 min\u00fat"},"schema":{"@context":"https:\/\/schema.org","@graph":[{"@type":"WebPage","@id":"https:\/\/logitower.eu\/sk\/","url":"https:\/\/logitower.eu\/sk\/","name":"Automatizovan\u00fd syst\u00e9m skladovania plechov. Automatick\u00e9 skladovanie LogiTower","isPartOf":{"@id":"https:\/\/logitower.eu\/sk\/#website"},"datePublished":"2020-03-10T14:06:09+00:00","dateModified":"2025-07-25T13:47:52+00:00","description":"Syst\u00e9m LogiTower umo\u017e\u0148uje efekt\u00edvne, ergonomick\u00e9 a bezpe\u010dn\u00e9 skladovanie \u0165a\u017ek\u00e9ho tovaru: plech, dlh\u00e9 ty\u010de, kovov\u00e9 komponenty, \u0165a\u017ek\u00e9 n\u00e1stroje a \u010fal\u0161ie prvky.","breadcrumb":{"@id":"https:\/\/logitower.eu\/sk\/#breadcrumb"},"inLanguage":"sk-SK","potentialAction":[{"@type":"ReadAction","target":["https:\/\/logitower.eu\/sk\/"]}]},{"@type":"BreadcrumbList","@id":"https:\/\/logitower.eu\/sk\/#breadcrumb","itemListElement":[{"@type":"ListItem","position":1,"name":"Home","item":"https:\/\/logitower.eu\/sk\/"},{"@type":"ListItem","position":2,"name":"\u00davodn\u00e1 str\u00e1nka"}]},{"@type":"WebSite","@id":"https:\/\/logitower.eu\/sk\/#website","url":"https:\/\/logitower.eu\/sk\/","name":"LogiTower SK","description":"","potentialAction":[{"@type":"SearchAction","target":{"@type":"EntryPoint","urlTemplate":"https:\/\/logitower.eu\/sk\/?s={search_term_string}"},"query-input":{"@type":"PropertyValueSpecification","valueRequired":true,"valueName":"search_term_string"}}],"inLanguage":"sk-SK"}]}},"_links":{"self":[{"href":"https:\/\/logitower.eu\/sk\/wp-json\/wp\/v2\/pages\/5","targetHints":{"allow":["GET"]}}],"collection":[{"href":"https:\/\/logitower.eu\/sk\/wp-json\/wp\/v2\/pages"}],"about":[{"href":"https:\/\/logitower.eu\/sk\/wp-json\/wp\/v2\/types\/page"}],"author":[{"embeddable":true,"href":"https:\/\/logitower.eu\/sk\/wp-json\/wp\/v2\/users\/1"}],"replies":[{"embeddable":true,"href":"https:\/\/logitower.eu\/sk\/wp-json\/wp\/v2\/comments?post=5"}],"version-history":[{"count":48,"href":"https:\/\/logitower.eu\/sk\/wp-json\/wp\/v2\/pages\/5\/revisions"}],"predecessor-version":[{"id":1495,"href":"https:\/\/logitower.eu\/sk\/wp-json\/wp\/v2\/pages\/5\/revisions\/1495"}],"wp:attachment":[{"href":"https:\/\/logitower.eu\/sk\/wp-json\/wp\/v2\/media?parent=5"}],"curies":[{"name":"wp","href":"https:\/\/api.w.org\/{rel}","templated":true}]}}